{"id":2409,"date":"2023-12-17T00:54:14","date_gmt":"2023-12-16T22:54:14","guid":{"rendered":"https:\/\/corpusry.fi\/?page_id=2409"},"modified":"2023-12-17T00:54:14","modified_gmt":"2023-12-16T22:54:14","slug":"17-luukku-4","status":"publish","type":"page","link":"https:\/\/corpusry.fi\/index.php\/17-luukku-4\/","title":{"rendered":"17. Luukku"},"content":{"rendered":"\n<p>Lumi. Se on vain vett\u00e4 toisessa olomuodossa. Ja silti sit\u00e4 tekee jostain syyst\u00e4 mieli sy\u00f6d\u00e4. Varmaankin sen ulkomuoto on vain niin herkullisen n\u00e4k\u00f6inen, muistuttaa jotain hattaraa tai j\u00e4\u00e4tel\u00f6\u00e4, vaikka se ei kuitenkaan maistu niiden tavoin makealta. Vesi vaikuttaisi olevan ihmisille v\u00e4h\u00e4n niin kuin peruna: sit\u00e4 on sy\u00f6t\u00e4v\u00e4 monessa eri muodossa. Siin\u00e4 miss\u00e4 sy\u00f6mme perunoita esimerkiksi sellaisenaan, perunamuusina sek\u00e4 ranskalaisina, haluamme juoda tai sy\u00f6d\u00e4 my\u00f6s vett\u00e4 niin sellaisenaan kuin my\u00f6s j\u00e4\u00e4n\u00e4 ja lumena.<\/p>\n\n\n\n<p>Halu maistaa lunta iski minuun ensimm\u00e4isen kerran ollessani lapsi, joten \u00e4itini opetti t\u00e4ll\u00f6in minulle, miten voisin toteuttaa t\u00e4m\u00e4n haluni mahdollisimman turvallisesti. Voi olla, ettei lumen sy\u00f6minen kuitenkaan ole koskaan t\u00e4ysin j\u00e4rkev\u00e4\u00e4. Siit\u00e4 voi helposti l\u00f6yty\u00e4 kaikenlaisia haitallisia p\u00f6p\u00f6j\u00e4, joita ei ole tarkoitettu sy\u00f6t\u00e4v\u00e4ksi! Mutta jos v\u00e4ltt\u00e4m\u00e4tt\u00e4 haluat maistaa tuota n\u00e4in talvisaikaan ulkoa l\u00f6ytyv\u00e4\u00e4 kaunista, hattaraa muistuttavaa veden olomuotoa, niin n\u00e4ill\u00e4 neuvoilla teet sen mahdollisimman turvallisesti.<\/p>\n\n\n\n<p>Varmasti meille kaikille on itsest\u00e4\u00e4nselv\u00e4\u00e4, ett\u00e4 keltaista lunta ei sovi sy\u00f6d\u00e4. Lienee sanomattakin selv\u00e4\u00e4, miksi. My\u00f6sk\u00e4\u00e4n ruskean lumen, jonka v\u00e4ri tulee kaikenlaisesta kurasta, sy\u00f6minen ei ole hyv\u00e4 idea, vaikka se n\u00e4ytt\u00e4\u00e4kin hieman joltain herkulliselta kinuskij\u00e4\u00e4tel\u00f6lt\u00e4. Kaikista turvallisinta lunta sy\u00f6t\u00e4v\u00e4ksi on lumi, joka on mahdollisimman puhdasta. Ja kaikista puhtainta lunta on tietenkin vastasatanut lumi. Joten mik\u00e4li mielesi tekee maistaa lunta, ei muuta kuin seuraavaa lumisadetta odottamaan!<\/p>\n\n\n\n<p>Hyv\u00e4 nyrkkis\u00e4\u00e4nt\u00f6 lumen sy\u00f6miseen on siis, ett\u00e4 sy\u00f6 aina mahdollisimman puhdasta lunta. Ja ei muuta kuin hyv\u00e4\u00e4 ruokahalua!<\/p>\n\n\n\n<p>-Mikaela<\/p>\n","protected":false},"excerpt":{"rendered":"<p>Lumi. Se on vain vett\u00e4 toisessa olomuodossa. Ja silti sit\u00e4 tekee jostain syyst\u00e4 mieli sy\u00f6d\u00e4. Varmaankin sen ulkomuoto on vain niin herkullisen n\u00e4k\u00f6inen, muistuttaa jotain hattaraa tai j\u00e4\u00e4tel\u00f6\u00e4, vaikka se <a href=\"https:\/\/corpusry.fi\/index.php\/17-luukku-4\/\" class=\"more-link\">[&hellip;]<\/a><\/p>\n","protected":false},"author":19,"featured_media":0,"parent":0,"menu_order":0,"comment_status":"closed","ping_status":"closed","template":"","meta":{"Layout":"","footnotes":""},"class_list":["entry","author-snupponen","post-2409","page","type-page","status-publish"],"_links":{"self":[{"href":"https:\/\/corpusry.fi\/index.php\/wp-json\/wp\/v2\/pages\/2409","targetHints":{"allow":["GET"]}}],"collection":[{"href":"https:\/\/corpusry.fi\/index.php\/wp-json\/wp\/v2\/pages"}],"about":[{"href":"https:\/\/corpusry.fi\/index.php\/wp-json\/wp\/v2\/types\/page"}],"author":[{"embeddable":true,"href":"https:\/\/corpusry.fi\/index.php\/wp-json\/wp\/v2\/users\/19"}],"replies":[{"embeddable":true,"href":"https:\/\/corpusry.fi\/index.php\/wp-json\/wp\/v2\/comments?post=2409"}],"version-history":[{"count":2,"href":"https:\/\/corpusry.fi\/index.php\/wp-json\/wp\/v2\/pages\/2409\/revisions"}],"predecessor-version":[{"id":2411,"href":"https:\/\/corpusry.fi\/index.php\/wp-json\/wp\/v2\/pages\/2409\/revisions\/2411"}],"wp:attachment":[{"href":"https:\/\/corpusry.fi\/index.php\/wp-json\/wp\/v2\/media?parent=2409"}],"curies":[{"name":"wp","href":"https:\/\/api.w.org\/{rel}","templated":true}]}}