{"id":2423,"date":"2023-12-20T15:07:42","date_gmt":"2023-12-20T13:07:42","guid":{"rendered":"https:\/\/corpusry.fi\/?page_id=2423"},"modified":"2023-12-20T15:07:42","modified_gmt":"2023-12-20T13:07:42","slug":"20-luukku-4","status":"publish","type":"page","link":"https:\/\/corpusry.fi\/index.php\/20-luukku-4\/","title":{"rendered":"20. Luukku"},"content":{"rendered":"\n<p>Oliver toivottaa kaikille rauhallista ja herkkujen t\u00e4ytt\u00e4m\u00e4\u00e4 joulua!\u00a0<\/p>\n\n\n\n<figure class=\"wp-block-image size-large\"><img loading=\"lazy\" decoding=\"async\" width=\"768\" height=\"1024\" src=\"https:\/\/corpusry.fi\/wp-content\/uploads\/2023\/12\/thumbnail_1000024638-768x1024.jpg\" alt=\"\" class=\"wp-image-2424\" srcset=\"https:\/\/corpusry.fi\/wp-content\/uploads\/2023\/12\/thumbnail_1000024638-768x1024.jpg 768w, https:\/\/corpusry.fi\/wp-content\/uploads\/2023\/12\/thumbnail_1000024638-225x300.jpg 225w, https:\/\/corpusry.fi\/wp-content\/uploads\/2023\/12\/thumbnail_1000024638-1152x1536.jpg 1152w, https:\/\/corpusry.fi\/wp-content\/uploads\/2023\/12\/thumbnail_1000024638-1536x2048.jpg 1536w, https:\/\/corpusry.fi\/wp-content\/uploads\/2023\/12\/thumbnail_1000024638-375x500.jpg 375w, https:\/\/corpusry.fi\/wp-content\/uploads\/2023\/12\/thumbnail_1000024638.jpg 1920w\" sizes=\"auto, (max-width: 768px) 100vw, 768px\" \/><\/figure>\n","protected":false},"excerpt":{"rendered":"<p>Oliver toivottaa kaikille rauhallista ja herkkujen t\u00e4ytt\u00e4m\u00e4\u00e4 joulua!\u00a0<\/p>\n","protected":false},"author":19,"featured_media":0,"parent":0,"menu_order":0,"comment_status":"closed","ping_status":"closed","template":"","meta":{"Layout":"","footnotes":""},"class_list":["entry","author-snupponen","post-2423","page","type-page","status-publish"],"_links":{"self":[{"href":"https:\/\/corpusry.fi\/index.php\/wp-json\/wp\/v2\/pages\/2423","targetHints":{"allow":["GET"]}}],"collection":[{"href":"https:\/\/corpusry.fi\/index.php\/wp-json\/wp\/v2\/pages"}],"about":[{"href":"https:\/\/corpusry.fi\/index.php\/wp-json\/wp\/v2\/types\/page"}],"author":[{"embeddable":true,"href":"https:\/\/corpusry.fi\/index.php\/wp-json\/wp\/v2\/users\/19"}],"replies":[{"embeddable":true,"href":"https:\/\/corpusry.fi\/index.php\/wp-json\/wp\/v2\/comments?post=2423"}],"version-history":[{"count":1,"href":"https:\/\/corpusry.fi\/index.php\/wp-json\/wp\/v2\/pages\/2423\/revisions"}],"predecessor-version":[{"id":2425,"href":"https:\/\/corpusry.fi\/index.php\/wp-json\/wp\/v2\/pages\/2423\/revisions\/2425"}],"wp:attachment":[{"href":"https:\/\/corpusry.fi\/index.php\/wp-json\/wp\/v2\/media?parent=2423"}],"curies":[{"name":"wp","href":"https:\/\/api.w.org\/{rel}","templated":true}]}}