{"id":2438,"date":"2023-12-24T12:16:02","date_gmt":"2023-12-24T10:16:02","guid":{"rendered":"https:\/\/corpusry.fi\/?page_id=2438"},"modified":"2023-12-24T12:16:02","modified_gmt":"2023-12-24T10:16:02","slug":"24-luukku-4","status":"publish","type":"page","link":"https:\/\/corpusry.fi\/index.php\/24-luukku-4\/","title":{"rendered":"24. Luukku"},"content":{"rendered":"\n<p>Noniin. Kolmen kalenterin ja yhden lehden j\u00e4lkeen sirkus on lopultakin hajotettu.<\/p>\n\n\n\n<p>kiitos ja anteeksi<\/p>\n\n\n\n<p>onnea, menestyst\u00e4 ja lystikk\u00e4it\u00e4 hetki\u00e4 seuraaville p\u00e4\u00e4toimittajille!!<\/p>\n\n\n\n<p>suurkiitos kaikille kalenterin (ja lehden) tekoon osallistuneille!<\/p>\n\n\n\n<p>Ihanaa joulua kaikille!! \ud83e\udee1\ud83c\udf84\u2764\ufe0f<\/p>\n\n\n\n<figure class=\"wp-block-image size-large\"><img loading=\"lazy\" decoding=\"async\" width=\"768\" height=\"1024\" src=\"https:\/\/corpusry.fi\/wp-content\/uploads\/2023\/12\/WhatsApp-Image-2023-12-24-at-11.57.16-768x1024.jpeg\" alt=\"\" class=\"wp-image-2439\" srcset=\"https:\/\/corpusry.fi\/wp-content\/uploads\/2023\/12\/WhatsApp-Image-2023-12-24-at-11.57.16-768x1024.jpeg 768w, https:\/\/corpusry.fi\/wp-content\/uploads\/2023\/12\/WhatsApp-Image-2023-12-24-at-11.57.16-225x300.jpeg 225w, https:\/\/corpusry.fi\/wp-content\/uploads\/2023\/12\/WhatsApp-Image-2023-12-24-at-11.57.16-375x500.jpeg 375w, https:\/\/corpusry.fi\/wp-content\/uploads\/2023\/12\/WhatsApp-Image-2023-12-24-at-11.57.16.jpeg 920w\" sizes=\"auto, (max-width: 768px) 100vw, 768px\" \/><\/figure>\n\n\n\n<p>t: valle ja kale<\/p>\n","protected":false},"excerpt":{"rendered":"<p>Noniin. Kolmen kalenterin ja yhden lehden j\u00e4lkeen sirkus on lopultakin hajotettu. kiitos ja anteeksi onnea, menestyst\u00e4 ja lystikk\u00e4it\u00e4 hetki\u00e4 seuraaville p\u00e4\u00e4toimittajille!! suurkiitos kaikille kalenterin (ja lehden) tekoon osallistuneille! Ihanaa joulua <a href=\"https:\/\/corpusry.fi\/index.php\/24-luukku-4\/\" class=\"more-link\">[&hellip;]<\/a><\/p>\n","protected":false},"author":19,"featured_media":0,"parent":0,"menu_order":0,"comment_status":"closed","ping_status":"closed","template":"","meta":{"Layout":"","footnotes":""},"class_list":["entry","author-snupponen","post-2438","page","type-page","status-publish"],"_links":{"self":[{"href":"https:\/\/corpusry.fi\/index.php\/wp-json\/wp\/v2\/pages\/2438","targetHints":{"allow":["GET"]}}],"collection":[{"href":"https:\/\/corpusry.fi\/index.php\/wp-json\/wp\/v2\/pages"}],"about":[{"href":"https:\/\/corpusry.fi\/index.php\/wp-json\/wp\/v2\/types\/page"}],"author":[{"embeddable":true,"href":"https:\/\/corpusry.fi\/index.php\/wp-json\/wp\/v2\/users\/19"}],"replies":[{"embeddable":true,"href":"https:\/\/corpusry.fi\/index.php\/wp-json\/wp\/v2\/comments?post=2438"}],"version-history":[{"count":1,"href":"https:\/\/corpusry.fi\/index.php\/wp-json\/wp\/v2\/pages\/2438\/revisions"}],"predecessor-version":[{"id":2440,"href":"https:\/\/corpusry.fi\/index.php\/wp-json\/wp\/v2\/pages\/2438\/revisions\/2440"}],"wp:attachment":[{"href":"https:\/\/corpusry.fi\/index.php\/wp-json\/wp\/v2\/media?parent=2438"}],"curies":[{"name":"wp","href":"https:\/\/api.w.org\/{rel}","templated":true}]}}