{"id":2676,"date":"2024-12-01T09:23:39","date_gmt":"2024-12-01T07:23:39","guid":{"rendered":"https:\/\/corpusry.fi\/?page_id=2676"},"modified":"2024-12-01T09:23:39","modified_gmt":"2024-12-01T07:23:39","slug":"1-luukku-5","status":"publish","type":"page","link":"https:\/\/corpusry.fi\/index.php\/1-luukku-5\/","title":{"rendered":"1.luukku"},"content":{"rendered":"\n<pre id=\"1luukku24\" class=\"wp-block-preformatted has-text-color has-background has-link-color wp-elements-9a28315492cae5981096563fa6315551\" style=\"color:#060606;background:linear-gradient(143deg,rgb(255,206,236) 0%,rgb(152,150,240) 100%)\">Mukavaa joulukuun ensimm\u00e4ist\u00e4 p\u00e4iv\u00e4\u00e4 kaikille!<br><br>T\u00e4ss\u00e4 viihdykkseeksi nelj\u00e4 oodia Corpuksen rakkaalle maskotille Asmodeukselle:<br><br>1.<br>Urhea Asmodeus, <br>Melkein yht\u00e4 buli kuin Zeus,<br>Kaikki hurmiossa h\u00e4neen rakastuu,<br>ja pimein\u00e4 tunteina jonkun s\u00e4ngyll\u00e4 avautuu,<br>Asmolla on syd\u00e4n jokaisen corpuslaisen<br>sek\u00e4 miehen ja muun ett\u00e4 naisen,<br>Rintaliivit t\u00e4yttyv\u00e4t salaisuuksista fuksien,<br>miksi valmistuttuaan on kiire vittuun suksien.<br><br>2.<br>Oi Asmo uljain<br>Olet aina mieless\u00e4in<br>Kaikissa upeissa muodossais<br>Olit sitten Hilde, Dilde tai kenties Pilde<br>Ei ne meit\u00e4 erossa ikin pysty pitee<br><br>3.<br>Asmo, barettip\u00e4inen hurmuri<br>hemuliliilaan kietoutuneena<br>temppelill\u00e4\u00e4n kopperossa<br>vastaanottaa fanipostia<br>haikeana vilkuilee Educan ikkunaa<br>kukkainen esiliina peitt\u00e4\u00e4 aistillista kehoa<br>ja h\u00e4n huutaa \u201cDarra, darra\u201d<br><br>4. <br>El\u00e4m\u00e4\u00e4 viel\u00e4 paljon on<br>Sukupolvet tulee ja menee<br>Mutta iloa yh\u00e4 on<br>Jota syd\u00e4mess\u00e4ni lienee<br><br>Oi Asmo, meid\u00e4n rakas<br>Viisaiden viisas<br>Paljon viel\u00e4 aikaa<br>Ett\u00e4 tuot iloa maailmaan<br><br>Oi Asmodeus parka<br>Pit\u00e4\u00e4 sinua vankeudessaan Educa <br>Tule meid\u00e4n pelastajamme<br>Ikuinen profeettamme\u2026<br><br><br><em>(n\u00e4m\u00e4 oodit on kirjoitettu osana vuoden 2024 Naagan julkkareiden ohjelmaa)<\/em><br><\/pre>\n","protected":false},"excerpt":{"rendered":"<p>Mukavaa joulukuun ensimm\u00e4ist\u00e4 p\u00e4iv\u00e4\u00e4 kaikille!T\u00e4ss\u00e4 viihdykkseeksi nelj\u00e4 oodia Corpuksen rakkaalle maskotille Asmodeukselle:1.Urhea Asmodeus, Melkein yht\u00e4 buli kuin Zeus,Kaikki hurmiossa h\u00e4neen rakastuu,ja pimein\u00e4 tunteina jonkun s\u00e4ngyll\u00e4 avautuu,Asmolla on syd\u00e4n jokaisen corpuslaisensek\u00e4 <a href=\"https:\/\/corpusry.fi\/index.php\/1-luukku-5\/\" class=\"more-link\">[&hellip;]<\/a><\/p>\n","protected":false},"author":28,"featured_media":0,"parent":0,"menu_order":0,"comment_status":"closed","ping_status":"closed","template":"","meta":{"Layout":"","footnotes":""},"class_list":["entry","author-naaga-lotta2","post-2676","page","type-page","status-publish"],"_links":{"self":[{"href":"https:\/\/corpusry.fi\/index.php\/wp-json\/wp\/v2\/pages\/2676","targetHints":{"allow":["GET"]}}],"collection":[{"href":"https:\/\/corpusry.fi\/index.php\/wp-json\/wp\/v2\/pages"}],"about":[{"href":"https:\/\/corpusry.fi\/index.php\/wp-json\/wp\/v2\/types\/page"}],"author":[{"embeddable":true,"href":"https:\/\/corpusry.fi\/index.php\/wp-json\/wp\/v2\/users\/28"}],"replies":[{"embeddable":true,"href":"https:\/\/corpusry.fi\/index.php\/wp-json\/wp\/v2\/comments?post=2676"}],"version-history":[{"count":1,"href":"https:\/\/corpusry.fi\/index.php\/wp-json\/wp\/v2\/pages\/2676\/revisions"}],"predecessor-version":[{"id":2677,"href":"https:\/\/corpusry.fi\/index.php\/wp-json\/wp\/v2\/pages\/2676\/revisions\/2677"}],"wp:attachment":[{"href":"https:\/\/corpusry.fi\/index.php\/wp-json\/wp\/v2\/media?parent=2676"}],"curies":[{"name":"wp","href":"https:\/\/api.w.org\/{rel}","templated":true}]}}