{"id":2704,"date":"2024-12-04T09:16:31","date_gmt":"2024-12-04T07:16:31","guid":{"rendered":"https:\/\/corpusry.fi\/?page_id=2704"},"modified":"2024-12-04T09:16:31","modified_gmt":"2024-12-04T07:16:31","slug":"4-luukku-5","status":"publish","type":"page","link":"https:\/\/corpusry.fi\/index.php\/4-luukku-5\/","title":{"rendered":"4. Luukku"},"content":{"rendered":"\n<p>T\u00e4ss\u00e4p\u00e4 jouluinen ja semi simppeli ohje virkatun karkkikeppi-koristeen tekoon. Ohje vaatii, ett\u00e4 ennest\u00e4\u00e4n tied\u00e4t <em>miten<\/em> virkataan &#8211; muuten ei tarvii stressata lopputuloksesta!<\/p>\n\n\n\n<p><strong>Tarvitset<\/strong>: lankaa, virkkuukoukun, piipunrassin, kuusen, joulumielt\u00e4<\/p>\n\n\n\n<figure class=\"wp-block-image size-large\"><img loading=\"lazy\" decoding=\"async\" width=\"1024\" height=\"1024\" src=\"http:\/\/corpusry.fi\/wp-content\/uploads\/2024\/12\/1-1024x1024.png\" alt=\"\" class=\"wp-image-2706\" srcset=\"https:\/\/corpusry.fi\/wp-content\/uploads\/2024\/12\/1-1024x1024.png 1024w, https:\/\/corpusry.fi\/wp-content\/uploads\/2024\/12\/1-300x300.png 300w, https:\/\/corpusry.fi\/wp-content\/uploads\/2024\/12\/1-150x150.png 150w, https:\/\/corpusry.fi\/wp-content\/uploads\/2024\/12\/1-768x768.png 768w, https:\/\/corpusry.fi\/wp-content\/uploads\/2024\/12\/1-500x500.png 500w, https:\/\/corpusry.fi\/wp-content\/uploads\/2024\/12\/1.png 1080w\" sizes=\"auto, (max-width: 1024px) 100vw, 1024px\" \/><\/figure>\n\n\n\n<figure class=\"wp-block-image size-large\"><img loading=\"lazy\" decoding=\"async\" width=\"1024\" height=\"1024\" src=\"http:\/\/corpusry.fi\/wp-content\/uploads\/2024\/12\/2-1024x1024.png\" alt=\"\" class=\"wp-image-2707\" srcset=\"https:\/\/corpusry.fi\/wp-content\/uploads\/2024\/12\/2-1024x1024.png 1024w, https:\/\/corpusry.fi\/wp-content\/uploads\/2024\/12\/2-300x300.png 300w, https:\/\/corpusry.fi\/wp-content\/uploads\/2024\/12\/2-150x150.png 150w, https:\/\/corpusry.fi\/wp-content\/uploads\/2024\/12\/2-768x768.png 768w, https:\/\/corpusry.fi\/wp-content\/uploads\/2024\/12\/2-500x500.png 500w, https:\/\/corpusry.fi\/wp-content\/uploads\/2024\/12\/2.png 1080w\" sizes=\"auto, (max-width: 1024px) 100vw, 1024px\" \/><\/figure>\n\n\n\n<figure class=\"wp-block-image size-large\"><img loading=\"lazy\" decoding=\"async\" width=\"1024\" height=\"1024\" src=\"http:\/\/corpusry.fi\/wp-content\/uploads\/2024\/12\/3-1024x1024.png\" alt=\"\" class=\"wp-image-2708\" srcset=\"https:\/\/corpusry.fi\/wp-content\/uploads\/2024\/12\/3-1024x1024.png 1024w, https:\/\/corpusry.fi\/wp-content\/uploads\/2024\/12\/3-300x300.png 300w, https:\/\/corpusry.fi\/wp-content\/uploads\/2024\/12\/3-150x150.png 150w, https:\/\/corpusry.fi\/wp-content\/uploads\/2024\/12\/3-768x768.png 768w, https:\/\/corpusry.fi\/wp-content\/uploads\/2024\/12\/3-500x500.png 500w, https:\/\/corpusry.fi\/wp-content\/uploads\/2024\/12\/3.png 1080w\" sizes=\"auto, (max-width: 1024px) 100vw, 1024px\" \/><\/figure>\n\n\n\n<figure class=\"wp-block-image size-large\"><img loading=\"lazy\" decoding=\"async\" width=\"1080\" height=\"1080\" src=\"http:\/\/corpusry.fi\/wp-content\/uploads\/2024\/12\/4-1024x1024.png\" alt=\"\" class=\"wp-image-2709\" srcset=\"https:\/\/corpusry.fi\/wp-content\/uploads\/2024\/12\/4-1024x1024.png 1024w, https:\/\/corpusry.fi\/wp-content\/uploads\/2024\/12\/4-300x300.png 300w, https:\/\/corpusry.fi\/wp-content\/uploads\/2024\/12\/4-150x150.png 150w, https:\/\/corpusry.fi\/wp-content\/uploads\/2024\/12\/4-768x768.png 768w, https:\/\/corpusry.fi\/wp-content\/uploads\/2024\/12\/4-500x500.png 500w, https:\/\/corpusry.fi\/wp-content\/uploads\/2024\/12\/4.png 1080w\" sizes=\"auto, (max-width: 1080px) 100vw, 1080px\" \/><\/figure>\n\n\n\n<figure class=\"wp-block-image size-large\"><img loading=\"lazy\" decoding=\"async\" width=\"1024\" height=\"1024\" src=\"http:\/\/corpusry.fi\/wp-content\/uploads\/2024\/12\/5-1024x1024.png\" alt=\"\" class=\"wp-image-2710\" srcset=\"https:\/\/corpusry.fi\/wp-content\/uploads\/2024\/12\/5-1024x1024.png 1024w, https:\/\/corpusry.fi\/wp-content\/uploads\/2024\/12\/5-300x300.png 300w, https:\/\/corpusry.fi\/wp-content\/uploads\/2024\/12\/5-150x150.png 150w, https:\/\/corpusry.fi\/wp-content\/uploads\/2024\/12\/5-768x768.png 768w, https:\/\/corpusry.fi\/wp-content\/uploads\/2024\/12\/5-500x500.png 500w, https:\/\/corpusry.fi\/wp-content\/uploads\/2024\/12\/5.png 1080w\" sizes=\"auto, (max-width: 1024px) 100vw, 1024px\" \/><\/figure>\n\n\n\n<figure class=\"wp-block-image size-large\"><img loading=\"lazy\" decoding=\"async\" width=\"1024\" height=\"1024\" src=\"http:\/\/corpusry.fi\/wp-content\/uploads\/2024\/12\/6-1024x1024.png\" alt=\"\" class=\"wp-image-2711\" srcset=\"https:\/\/corpusry.fi\/wp-content\/uploads\/2024\/12\/6-1024x1024.png 1024w, https:\/\/corpusry.fi\/wp-content\/uploads\/2024\/12\/6-300x300.png 300w, https:\/\/corpusry.fi\/wp-content\/uploads\/2024\/12\/6-150x150.png 150w, https:\/\/corpusry.fi\/wp-content\/uploads\/2024\/12\/6-768x768.png 768w, https:\/\/corpusry.fi\/wp-content\/uploads\/2024\/12\/6-500x500.png 500w, https:\/\/corpusry.fi\/wp-content\/uploads\/2024\/12\/6.png 1080w\" sizes=\"auto, (max-width: 1024px) 100vw, 1024px\" \/><\/figure>\n\n\n\n<p>Terveisin,<\/p>\n\n\n\n<p>ex-k\u00e4ss\u00e4kerhot\u00e4ti (vuosimallia 2021)<\/p>\n","protected":false},"excerpt":{"rendered":"<p>T\u00e4ss\u00e4p\u00e4 jouluinen ja semi simppeli ohje virkatun karkkikeppi-koristeen tekoon. Ohje vaatii, ett\u00e4 ennest\u00e4\u00e4n tied\u00e4t miten virkataan &#8211; muuten ei tarvii stressata lopputuloksesta! Tarvitset: lankaa, virkkuukoukun, piipunrassin, kuusen, joulumielt\u00e4 Terveisin, ex-k\u00e4ss\u00e4kerhot\u00e4ti <a href=\"https:\/\/corpusry.fi\/index.php\/4-luukku-5\/\" class=\"more-link\">[&hellip;]<\/a><\/p>\n","protected":false},"author":27,"featured_media":0,"parent":0,"menu_order":0,"comment_status":"closed","ping_status":"closed","template":"","meta":{"Layout":"","footnotes":""},"class_list":["entry","author-naaga-lotta1","post-2704","page","type-page","status-publish"],"_links":{"self":[{"href":"https:\/\/corpusry.fi\/index.php\/wp-json\/wp\/v2\/pages\/2704","targetHints":{"allow":["GET"]}}],"collection":[{"href":"https:\/\/corpusry.fi\/index.php\/wp-json\/wp\/v2\/pages"}],"about":[{"href":"https:\/\/corpusry.fi\/index.php\/wp-json\/wp\/v2\/types\/page"}],"author":[{"embeddable":true,"href":"https:\/\/corpusry.fi\/index.php\/wp-json\/wp\/v2\/users\/27"}],"replies":[{"embeddable":true,"href":"https:\/\/corpusry.fi\/index.php\/wp-json\/wp\/v2\/comments?post=2704"}],"version-history":[{"count":1,"href":"https:\/\/corpusry.fi\/index.php\/wp-json\/wp\/v2\/pages\/2704\/revisions"}],"predecessor-version":[{"id":2712,"href":"https:\/\/corpusry.fi\/index.php\/wp-json\/wp\/v2\/pages\/2704\/revisions\/2712"}],"wp:attachment":[{"href":"https:\/\/corpusry.fi\/index.php\/wp-json\/wp\/v2\/media?parent=2704"}],"curies":[{"name":"wp","href":"https:\/\/api.w.org\/{rel}","templated":true}]}}