{"id":2766,"date":"2024-12-11T09:55:54","date_gmt":"2024-12-11T07:55:54","guid":{"rendered":"https:\/\/corpusry.fi\/?page_id=2766"},"modified":"2024-12-11T09:58:31","modified_gmt":"2024-12-11T07:58:31","slug":"11-luukku-5","status":"publish","type":"page","link":"https:\/\/corpusry.fi\/index.php\/11-luukku-5\/","title":{"rendered":"11. luukku"},"content":{"rendered":"\n<p>Corpuksen k\u00e4ss\u00e4kerho toivottaa hyv\u00e4\u00e4 joulua ja k\u00e4sit\u00f6iden t\u00e4yteist\u00e4 uutta vuotta!<\/p>\n\n\n\n<p id=\"11luukku24\">Joulukuun kerhotapaamisessa askarreltiin perinteiseen tapaan joulukortteja, ja siksip\u00e4 my\u00f6s muistutus: joulukortit ehtiv\u00e4t viel\u00e4 hyvin jouluksi perille! Joulun ikimerkill\u00e4 ne kerke\u00e4v\u00e4t matkaan viimeist\u00e4\u00e4n torstaina (12.12.) ja kotimaan ikimerkill\u00e4 viimeist\u00e4\u00e4n maanantaina (16.12.). &lt;3<\/p>\n\n\n\n<figure class=\"wp-block-image size-large\"><img loading=\"lazy\" decoding=\"async\" width=\"1024\" height=\"819\" src=\"https:\/\/corpusry.fi\/wp-content\/uploads\/2024\/12\/Kassakerho-2-1024x819.png\" alt=\"\" class=\"wp-image-2767\" srcset=\"https:\/\/corpusry.fi\/wp-content\/uploads\/2024\/12\/Kassakerho-2-1024x819.png 1024w, https:\/\/corpusry.fi\/wp-content\/uploads\/2024\/12\/Kassakerho-2-300x240.png 300w, https:\/\/corpusry.fi\/wp-content\/uploads\/2024\/12\/Kassakerho-2-768x614.png 768w, https:\/\/corpusry.fi\/wp-content\/uploads\/2024\/12\/Kassakerho-2-1536x1229.png 1536w, https:\/\/corpusry.fi\/wp-content\/uploads\/2024\/12\/Kassakerho-2-625x500.png 625w, https:\/\/corpusry.fi\/wp-content\/uploads\/2024\/12\/Kassakerho-2.png 2000w\" sizes=\"auto, (max-width: 1024px) 100vw, 1024px\" \/><\/figure>\n\n\n\n<p><\/p>\n","protected":false},"excerpt":{"rendered":"<p>Corpuksen k\u00e4ss\u00e4kerho toivottaa hyv\u00e4\u00e4 joulua ja k\u00e4sit\u00f6iden t\u00e4yteist\u00e4 uutta vuotta! Joulukuun kerhotapaamisessa askarreltiin perinteiseen tapaan joulukortteja, ja siksip\u00e4 my\u00f6s muistutus: joulukortit ehtiv\u00e4t viel\u00e4 hyvin jouluksi perille! Joulun ikimerkill\u00e4 ne kerke\u00e4v\u00e4t <a href=\"https:\/\/corpusry.fi\/index.php\/11-luukku-5\/\" class=\"more-link\">[&hellip;]<\/a><\/p>\n","protected":false},"author":28,"featured_media":0,"parent":0,"menu_order":0,"comment_status":"closed","ping_status":"closed","template":"","meta":{"Layout":"","footnotes":""},"class_list":["entry","author-naaga-lotta2","post-2766","page","type-page","status-publish"],"_links":{"self":[{"href":"https:\/\/corpusry.fi\/index.php\/wp-json\/wp\/v2\/pages\/2766","targetHints":{"allow":["GET"]}}],"collection":[{"href":"https:\/\/corpusry.fi\/index.php\/wp-json\/wp\/v2\/pages"}],"about":[{"href":"https:\/\/corpusry.fi\/index.php\/wp-json\/wp\/v2\/types\/page"}],"author":[{"embeddable":true,"href":"https:\/\/corpusry.fi\/index.php\/wp-json\/wp\/v2\/users\/28"}],"replies":[{"embeddable":true,"href":"https:\/\/corpusry.fi\/index.php\/wp-json\/wp\/v2\/comments?post=2766"}],"version-history":[{"count":2,"href":"https:\/\/corpusry.fi\/index.php\/wp-json\/wp\/v2\/pages\/2766\/revisions"}],"predecessor-version":[{"id":2770,"href":"https:\/\/corpusry.fi\/index.php\/wp-json\/wp\/v2\/pages\/2766\/revisions\/2770"}],"wp:attachment":[{"href":"https:\/\/corpusry.fi\/index.php\/wp-json\/wp\/v2\/media?parent=2766"}],"curies":[{"name":"wp","href":"https:\/\/api.w.org\/{rel}","templated":true}]}}