{"id":2780,"date":"2024-12-13T08:56:12","date_gmt":"2024-12-13T06:56:12","guid":{"rendered":"https:\/\/corpusry.fi\/?page_id=2780"},"modified":"2024-12-13T08:56:12","modified_gmt":"2024-12-13T06:56:12","slug":"13-luukku-5","status":"publish","type":"page","link":"https:\/\/corpusry.fi\/index.php\/13-luukku-5\/","title":{"rendered":"13. luukku"},"content":{"rendered":"\n<p id=\"13luukku24\">Taas j\u00e4lleen n\u00e4m\u00e4 ihmiset\u2026<\/p>\n\n\n\n<p>Viett\u00e4\u00e4 jotain &#8221;joulua&#8221;<br>Koristeet ja n\u00e4tti kuusi<br>Johon min\u00e4 en saa koskea<br>&#8221;Hiton katti!&#8221; &#8211; toi j\u00e4b\u00e4 minulle huusi<\/p>\n\n\n\n<p>Mit\u00e4 pahaa min\u00e4 mukamas tein?<br>Vain muutaman lahjan puun alta vein<br>Minulle ne kuuluu kuitenkin<br>J\u00e4tin jotain heillekkin\u2026<\/p>\n\n\n\n<p>Muistakaa hemulit &#8211; isot katit<br>Ottakaa Joulu rennosti!<br>Nauttien, nauraen ja naukuen<\/p>\n\n\n\n<p>Muistakaa katsoa kuusen alle<br>Ettei kissa j\u00e4tt\u00e4nyt mit\u00e4\u00e4n teille.<\/p>\n\n\n\n<p>Miau!<\/p>\n\n\n\n<p>Terveisin,<br>Lua<\/p>\n\n\n\n<figure class=\"wp-block-image size-large\"><img loading=\"lazy\" decoding=\"async\" width=\"576\" height=\"1024\" src=\"https:\/\/corpusry.fi\/wp-content\/uploads\/2024\/12\/74af066b-950f-4167-8f3a-c80034417449-576x1024.jpg\" alt=\"\" class=\"wp-image-2781\" srcset=\"https:\/\/corpusry.fi\/wp-content\/uploads\/2024\/12\/74af066b-950f-4167-8f3a-c80034417449-576x1024.jpg 576w, https:\/\/corpusry.fi\/wp-content\/uploads\/2024\/12\/74af066b-950f-4167-8f3a-c80034417449-169x300.jpg 169w, https:\/\/corpusry.fi\/wp-content\/uploads\/2024\/12\/74af066b-950f-4167-8f3a-c80034417449-768x1365.jpg 768w, https:\/\/corpusry.fi\/wp-content\/uploads\/2024\/12\/74af066b-950f-4167-8f3a-c80034417449-864x1536.jpg 864w, https:\/\/corpusry.fi\/wp-content\/uploads\/2024\/12\/74af066b-950f-4167-8f3a-c80034417449-281x500.jpg 281w, https:\/\/corpusry.fi\/wp-content\/uploads\/2024\/12\/74af066b-950f-4167-8f3a-c80034417449.jpg 900w\" sizes=\"auto, (max-width: 576px) 100vw, 576px\" \/><\/figure>\n","protected":false},"excerpt":{"rendered":"<p>Taas j\u00e4lleen n\u00e4m\u00e4 ihmiset\u2026 Viett\u00e4\u00e4 jotain &#8221;joulua&#8221;Koristeet ja n\u00e4tti kuusiJohon min\u00e4 en saa koskea&#8221;Hiton katti!&#8221; &#8211; toi j\u00e4b\u00e4 minulle huusi Mit\u00e4 pahaa min\u00e4 mukamas tein?Vain muutaman lahjan puun alta veinMinulle <a href=\"https:\/\/corpusry.fi\/index.php\/13-luukku-5\/\" class=\"more-link\">[&hellip;]<\/a><\/p>\n","protected":false},"author":28,"featured_media":0,"parent":0,"menu_order":0,"comment_status":"closed","ping_status":"closed","template":"","meta":{"Layout":"","footnotes":""},"class_list":["entry","author-naaga-lotta2","post-2780","page","type-page","status-publish"],"_links":{"self":[{"href":"https:\/\/corpusry.fi\/index.php\/wp-json\/wp\/v2\/pages\/2780","targetHints":{"allow":["GET"]}}],"collection":[{"href":"https:\/\/corpusry.fi\/index.php\/wp-json\/wp\/v2\/pages"}],"about":[{"href":"https:\/\/corpusry.fi\/index.php\/wp-json\/wp\/v2\/types\/page"}],"author":[{"embeddable":true,"href":"https:\/\/corpusry.fi\/index.php\/wp-json\/wp\/v2\/users\/28"}],"replies":[{"embeddable":true,"href":"https:\/\/corpusry.fi\/index.php\/wp-json\/wp\/v2\/comments?post=2780"}],"version-history":[{"count":2,"href":"https:\/\/corpusry.fi\/index.php\/wp-json\/wp\/v2\/pages\/2780\/revisions"}],"predecessor-version":[{"id":2783,"href":"https:\/\/corpusry.fi\/index.php\/wp-json\/wp\/v2\/pages\/2780\/revisions\/2783"}],"wp:attachment":[{"href":"https:\/\/corpusry.fi\/index.php\/wp-json\/wp\/v2\/media?parent=2780"}],"curies":[{"name":"wp","href":"https:\/\/api.w.org\/{rel}","templated":true}]}}