{"id":2785,"date":"2024-12-14T10:09:35","date_gmt":"2024-12-14T08:09:35","guid":{"rendered":"https:\/\/corpusry.fi\/?page_id=2785"},"modified":"2024-12-14T10:09:35","modified_gmt":"2024-12-14T08:09:35","slug":"14-luukku-5","status":"publish","type":"page","link":"https:\/\/corpusry.fi\/index.php\/14-luukku-5\/","title":{"rendered":"14. Luukku"},"content":{"rendered":"\n<p>Meemin l\u00e4hett\u00e4j\u00e4lt\u00e4 terveisi\u00e4, ett\u00e4 t\u00e4mm\u00f6inen oldies but goldies kun noita kissakuvia tuppaa corpuslaisilta tulemaan aina niin paljon.. \ud83d\ude00 <\/p>\n\n\n\n<figure class=\"wp-block-image size-large\"><img loading=\"lazy\" decoding=\"async\" width=\"1009\" height=\"1024\" src=\"https:\/\/corpusry.fi\/wp-content\/uploads\/2024\/12\/Screenshot_20220130_164554_com.facebook.katana_edit_1165177711144080-1009x1024.jpg\" alt=\"\" class=\"wp-image-2786\" srcset=\"https:\/\/corpusry.fi\/wp-content\/uploads\/2024\/12\/Screenshot_20220130_164554_com.facebook.katana_edit_1165177711144080-1009x1024.jpg 1009w, https:\/\/corpusry.fi\/wp-content\/uploads\/2024\/12\/Screenshot_20220130_164554_com.facebook.katana_edit_1165177711144080-296x300.jpg 296w, https:\/\/corpusry.fi\/wp-content\/uploads\/2024\/12\/Screenshot_20220130_164554_com.facebook.katana_edit_1165177711144080-768x779.jpg 768w, https:\/\/corpusry.fi\/wp-content\/uploads\/2024\/12\/Screenshot_20220130_164554_com.facebook.katana_edit_1165177711144080-493x500.jpg 493w, https:\/\/corpusry.fi\/wp-content\/uploads\/2024\/12\/Screenshot_20220130_164554_com.facebook.katana_edit_1165177711144080.jpg 1080w\" sizes=\"auto, (max-width: 1009px) 100vw, 1009px\" \/><\/figure>\n","protected":false},"excerpt":{"rendered":"<p>Meemin l\u00e4hett\u00e4j\u00e4lt\u00e4 terveisi\u00e4, ett\u00e4 t\u00e4mm\u00f6inen oldies but goldies kun noita kissakuvia tuppaa corpuslaisilta tulemaan aina niin paljon.. \ud83d\ude00<\/p>\n","protected":false},"author":27,"featured_media":0,"parent":0,"menu_order":0,"comment_status":"closed","ping_status":"closed","template":"","meta":{"Layout":"","footnotes":""},"class_list":["entry","author-naaga-lotta1","post-2785","page","type-page","status-publish"],"_links":{"self":[{"href":"https:\/\/corpusry.fi\/index.php\/wp-json\/wp\/v2\/pages\/2785","targetHints":{"allow":["GET"]}}],"collection":[{"href":"https:\/\/corpusry.fi\/index.php\/wp-json\/wp\/v2\/pages"}],"about":[{"href":"https:\/\/corpusry.fi\/index.php\/wp-json\/wp\/v2\/types\/page"}],"author":[{"embeddable":true,"href":"https:\/\/corpusry.fi\/index.php\/wp-json\/wp\/v2\/users\/27"}],"replies":[{"embeddable":true,"href":"https:\/\/corpusry.fi\/index.php\/wp-json\/wp\/v2\/comments?post=2785"}],"version-history":[{"count":1,"href":"https:\/\/corpusry.fi\/index.php\/wp-json\/wp\/v2\/pages\/2785\/revisions"}],"predecessor-version":[{"id":2787,"href":"https:\/\/corpusry.fi\/index.php\/wp-json\/wp\/v2\/pages\/2785\/revisions\/2787"}],"wp:attachment":[{"href":"https:\/\/corpusry.fi\/index.php\/wp-json\/wp\/v2\/media?parent=2785"}],"curies":[{"name":"wp","href":"https:\/\/api.w.org\/{rel}","templated":true}]}}