{"id":28,"date":"2017-04-09T12:43:46","date_gmt":"2017-04-09T12:43:46","guid":{"rendered":"https:\/\/corpusry.wordpress.com\/?page_id=28"},"modified":"2017-04-09T12:43:46","modified_gmt":"2017-04-09T12:43:46","slug":"hallinto","status":"publish","type":"page","link":"https:\/\/corpusry.fi\/index.php\/hallinto\/","title":{"rendered":"Hallinto"},"content":{"rendered":"<p>T\u00e4m\u00e4n sivun alta l\u00f6ytyy asiaa Corpuksen hallinnosta. Jos kaipaat vaikkapa vastaavien yhteystietoja tai yhdistyksen toimintasuunnitelmaa, olet tullut oikeaan paikkaan!<\/p>\n","protected":false},"excerpt":{"rendered":"<p>T\u00e4m\u00e4n sivun alta l\u00f6ytyy asiaa Corpuksen hallinnosta. Jos kaipaat vaikkapa vastaavien yhteystietoja tai yhdistyksen toimintasuunnitelmaa, olet tullut oikeaan paikkaan!<\/p>\n","protected":false},"author":3,"featured_media":0,"parent":0,"menu_order":0,"comment_status":"closed","ping_status":"closed","template":"","meta":{"Layout":"","footnotes":""},"class_list":["entry","author-maisa-virtanen","post-28","page","type-page","status-publish"],"_links":{"self":[{"href":"https:\/\/corpusry.fi\/index.php\/wp-json\/wp\/v2\/pages\/28","targetHints":{"allow":["GET"]}}],"collection":[{"href":"https:\/\/corpusry.fi\/index.php\/wp-json\/wp\/v2\/pages"}],"about":[{"href":"https:\/\/corpusry.fi\/index.php\/wp-json\/wp\/v2\/types\/page"}],"author":[{"embeddable":true,"href":"https:\/\/corpusry.fi\/index.php\/wp-json\/wp\/v2\/users\/3"}],"replies":[{"embeddable":true,"href":"https:\/\/corpusry.fi\/index.php\/wp-json\/wp\/v2\/comments?post=28"}],"version-history":[{"count":0,"href":"https:\/\/corpusry.fi\/index.php\/wp-json\/wp\/v2\/pages\/28\/revisions"}],"wp:attachment":[{"href":"https:\/\/corpusry.fi\/index.php\/wp-json\/wp\/v2\/media?parent=28"}],"curies":[{"name":"wp","href":"https:\/\/api.w.org\/{rel}","templated":true}]}}