{"id":2820,"date":"2024-12-17T09:51:18","date_gmt":"2024-12-17T07:51:18","guid":{"rendered":"https:\/\/corpusry.fi\/?page_id=2820"},"modified":"2024-12-17T09:51:18","modified_gmt":"2024-12-17T07:51:18","slug":"17-luukku-5","status":"publish","type":"page","link":"https:\/\/corpusry.fi\/index.php\/17-luukku-5\/","title":{"rendered":"17. luukku"},"content":{"rendered":"\n<p>Gaius toivottaa l\u00e4mmint\u00e4 ja pehme\u00e4\u00e4 joulunaikaa!!<\/p>\n\n\n\n<figure class=\"wp-block-image size-large\"><img loading=\"lazy\" decoding=\"async\" width=\"485\" height=\"1024\" src=\"https:\/\/corpusry.fi\/wp-content\/uploads\/2024\/12\/Joulu-Gaius-3-485x1024.jpg\" alt=\"\" class=\"wp-image-2821\" srcset=\"https:\/\/corpusry.fi\/wp-content\/uploads\/2024\/12\/Joulu-Gaius-3-485x1024.jpg 485w, https:\/\/corpusry.fi\/wp-content\/uploads\/2024\/12\/Joulu-Gaius-3-142x300.jpg 142w, https:\/\/corpusry.fi\/wp-content\/uploads\/2024\/12\/Joulu-Gaius-3-768x1620.jpg 768w, https:\/\/corpusry.fi\/wp-content\/uploads\/2024\/12\/Joulu-Gaius-3-728x1536.jpg 728w, https:\/\/corpusry.fi\/wp-content\/uploads\/2024\/12\/Joulu-Gaius-3-237x500.jpg 237w, https:\/\/corpusry.fi\/wp-content\/uploads\/2024\/12\/Joulu-Gaius-3.jpg 785w\" sizes=\"auto, (max-width: 485px) 100vw, 485px\" \/><\/figure>\n","protected":false},"excerpt":{"rendered":"<p>Gaius toivottaa l\u00e4mmint\u00e4 ja pehme\u00e4\u00e4 joulunaikaa!!<\/p>\n","protected":false},"author":28,"featured_media":0,"parent":0,"menu_order":0,"comment_status":"closed","ping_status":"closed","template":"","meta":{"Layout":"","footnotes":""},"class_list":["entry","author-naaga-lotta2","post-2820","page","type-page","status-publish"],"_links":{"self":[{"href":"https:\/\/corpusry.fi\/index.php\/wp-json\/wp\/v2\/pages\/2820","targetHints":{"allow":["GET"]}}],"collection":[{"href":"https:\/\/corpusry.fi\/index.php\/wp-json\/wp\/v2\/pages"}],"about":[{"href":"https:\/\/corpusry.fi\/index.php\/wp-json\/wp\/v2\/types\/page"}],"author":[{"embeddable":true,"href":"https:\/\/corpusry.fi\/index.php\/wp-json\/wp\/v2\/users\/28"}],"replies":[{"embeddable":true,"href":"https:\/\/corpusry.fi\/index.php\/wp-json\/wp\/v2\/comments?post=2820"}],"version-history":[{"count":1,"href":"https:\/\/corpusry.fi\/index.php\/wp-json\/wp\/v2\/pages\/2820\/revisions"}],"predecessor-version":[{"id":2822,"href":"https:\/\/corpusry.fi\/index.php\/wp-json\/wp\/v2\/pages\/2820\/revisions\/2822"}],"wp:attachment":[{"href":"https:\/\/corpusry.fi\/index.php\/wp-json\/wp\/v2\/media?parent=2820"}],"curies":[{"name":"wp","href":"https:\/\/api.w.org\/{rel}","templated":true}]}}