{"id":2841,"date":"2024-12-21T09:06:59","date_gmt":"2024-12-21T07:06:59","guid":{"rendered":"https:\/\/corpusry.fi\/?page_id=2841"},"modified":"2024-12-21T09:06:59","modified_gmt":"2024-12-21T07:06:59","slug":"21-luukku-5","status":"publish","type":"page","link":"https:\/\/corpusry.fi\/index.php\/21-luukku-5\/","title":{"rendered":"21. luukku"},"content":{"rendered":"\n<p>Teoksen nimi on&nbsp;<em>Hyv\u00e4\u00e4 y\u00f6t\u00e4 ja kauniita unia.<\/em><\/p>\n\n\n\n<p>Mit\u00e4 olisi el\u00e4m\u00e4 ilman maagisia sinisi\u00e4 kissoja ja taikasauvaa heiluttavaa poroa? Hyv\u00e4\u00e4 joulua ja kreisi\u00e4 uutta vuotta, juhlikaa kunnolla, mutta nukkukaa my\u00f6s hyvin.<\/p>\n\n\n\n<p>T: Silja<\/p>\n\n\n\n<figure class=\"wp-block-image size-large\"><img loading=\"lazy\" decoding=\"async\" width=\"737\" height=\"1024\" src=\"https:\/\/corpusry.fi\/wp-content\/uploads\/2024\/12\/Naagan-joulukalenteriin1-737x1024.jpg\" alt=\"\" class=\"wp-image-2842\" srcset=\"https:\/\/corpusry.fi\/wp-content\/uploads\/2024\/12\/Naagan-joulukalenteriin1-737x1024.jpg 737w, https:\/\/corpusry.fi\/wp-content\/uploads\/2024\/12\/Naagan-joulukalenteriin1-216x300.jpg 216w, https:\/\/corpusry.fi\/wp-content\/uploads\/2024\/12\/Naagan-joulukalenteriin1-768x1067.jpg 768w, https:\/\/corpusry.fi\/wp-content\/uploads\/2024\/12\/Naagan-joulukalenteriin1-1105x1536.jpg 1105w, https:\/\/corpusry.fi\/wp-content\/uploads\/2024\/12\/Naagan-joulukalenteriin1-1474x2048.jpg 1474w, https:\/\/corpusry.fi\/wp-content\/uploads\/2024\/12\/Naagan-joulukalenteriin1-360x500.jpg 360w, https:\/\/corpusry.fi\/wp-content\/uploads\/2024\/12\/Naagan-joulukalenteriin1-scaled.jpg 1842w\" sizes=\"auto, (max-width: 737px) 100vw, 737px\" \/><\/figure>\n\n\n\n<p><\/p>\n\n\n\n<figure class=\"wp-block-image size-large\"><img loading=\"lazy\" decoding=\"async\" width=\"768\" height=\"1024\" src=\"https:\/\/corpusry.fi\/wp-content\/uploads\/2024\/12\/Naagan-joulukalenteriin2-768x1024.jpg\" alt=\"\" class=\"wp-image-2843\" srcset=\"https:\/\/corpusry.fi\/wp-content\/uploads\/2024\/12\/Naagan-joulukalenteriin2-768x1024.jpg 768w, https:\/\/corpusry.fi\/wp-content\/uploads\/2024\/12\/Naagan-joulukalenteriin2-225x300.jpg 225w, https:\/\/corpusry.fi\/wp-content\/uploads\/2024\/12\/Naagan-joulukalenteriin2-1152x1536.jpg 1152w, https:\/\/corpusry.fi\/wp-content\/uploads\/2024\/12\/Naagan-joulukalenteriin2-1536x2048.jpg 1536w, https:\/\/corpusry.fi\/wp-content\/uploads\/2024\/12\/Naagan-joulukalenteriin2-375x500.jpg 375w, https:\/\/corpusry.fi\/wp-content\/uploads\/2024\/12\/Naagan-joulukalenteriin2-scaled.jpg 1920w\" sizes=\"auto, (max-width: 768px) 100vw, 768px\" \/><\/figure>\n","protected":false},"excerpt":{"rendered":"<p>Teoksen nimi on&nbsp;Hyv\u00e4\u00e4 y\u00f6t\u00e4 ja kauniita unia. Mit\u00e4 olisi el\u00e4m\u00e4 ilman maagisia sinisi\u00e4 kissoja ja taikasauvaa heiluttavaa poroa? Hyv\u00e4\u00e4 joulua ja kreisi\u00e4 uutta vuotta, juhlikaa kunnolla, mutta nukkukaa my\u00f6s hyvin. <a href=\"https:\/\/corpusry.fi\/index.php\/21-luukku-5\/\" class=\"more-link\">[&hellip;]<\/a><\/p>\n","protected":false},"author":28,"featured_media":0,"parent":0,"menu_order":0,"comment_status":"closed","ping_status":"closed","template":"","meta":{"Layout":"","footnotes":""},"class_list":["entry","author-naaga-lotta2","post-2841","page","type-page","status-publish"],"_links":{"self":[{"href":"https:\/\/corpusry.fi\/index.php\/wp-json\/wp\/v2\/pages\/2841","targetHints":{"allow":["GET"]}}],"collection":[{"href":"https:\/\/corpusry.fi\/index.php\/wp-json\/wp\/v2\/pages"}],"about":[{"href":"https:\/\/corpusry.fi\/index.php\/wp-json\/wp\/v2\/types\/page"}],"author":[{"embeddable":true,"href":"https:\/\/corpusry.fi\/index.php\/wp-json\/wp\/v2\/users\/28"}],"replies":[{"embeddable":true,"href":"https:\/\/corpusry.fi\/index.php\/wp-json\/wp\/v2\/comments?post=2841"}],"version-history":[{"count":1,"href":"https:\/\/corpusry.fi\/index.php\/wp-json\/wp\/v2\/pages\/2841\/revisions"}],"predecessor-version":[{"id":2844,"href":"https:\/\/corpusry.fi\/index.php\/wp-json\/wp\/v2\/pages\/2841\/revisions\/2844"}],"wp:attachment":[{"href":"https:\/\/corpusry.fi\/index.php\/wp-json\/wp\/v2\/media?parent=2841"}],"curies":[{"name":"wp","href":"https:\/\/api.w.org\/{rel}","templated":true}]}}