{"id":2847,"date":"2024-12-22T18:05:36","date_gmt":"2024-12-22T16:05:36","guid":{"rendered":"https:\/\/corpusry.fi\/?page_id=2847"},"modified":"2024-12-22T18:05:36","modified_gmt":"2024-12-22T16:05:36","slug":"22-luukku-5","status":"publish","type":"page","link":"https:\/\/corpusry.fi\/index.php\/22-luukku-5\/","title":{"rendered":"22. Luukku"},"content":{"rendered":"\n<p>To do -lista opiskelijan joululomalle:<\/p>\n\n\n\n<ul class=\"wp-block-list\">\n<li>T\u00e4m\u00e4n pit\u00e4isi olla itsest\u00e4\u00e4nselv\u00e4\u00e4, eli viet\u00e4 opinnoista vapaap\u00e4ivi\u00e4, jolloin<strong>\u00a0et ajattele opintoja lainkaan\u00a0\u00a0<\/strong>(ei edes niit\u00e4 graduja tai kandeja, ne ei karkaa minnek\u00e4\u00e4n muutaman p\u00e4iv\u00e4n aikana)\u00a0<\/li>\n\n\n\n<li>Sy\u00f6 paljon hyv\u00e4\u00e4 ruokaa ja herkuttele\u00a0<img decoding=\"async\" src=\"https:\/\/fonts.gstatic.com\/s\/e\/notoemoji\/15.1\/1f60b\/72.png\" alt=\"\ud83d\ude0b\"><\/li>\n\n\n\n<li>Viet\u00e4 aikaa l\u00e4heisten kanssa\u00a0<\/li>\n\n\n\n<li>Viet\u00e4 aikaa rauhassa yksikseen, jos koet siihen tarvetta<\/li>\n\n\n\n<li>K\u00e4y ulkoilemassa (toivottavasti) lumisessa maisemassa\u00a0<img decoding=\"async\" src=\"https:\/\/fonts.gstatic.com\/s\/e\/notoemoji\/15.1\/2744_fe0f\/72.png\" alt=\"\u2744\ufe0f\"><\/li>\n\n\n\n<li>Lue, piirr\u00e4, maalaa, askartele, virkkaa, neulo, pelaa jne. Eli tee kaikkea mahdollista luovaa yhdess\u00e4 jonkun kanssa tai itsekseen\u00a0<\/li>\n\n\n\n<li>Nuku hyvin<\/li>\n\n\n\n<li><strong>Lep\u00e4\u00e4<\/strong><\/li>\n\n\n\n<li>Viet\u00e4 just sellainen joulu\/ loma kuin itse haluat ja tarvitset\u00a0<img decoding=\"async\" src=\"https:\/\/fonts.gstatic.com\/s\/e\/notoemoji\/15.1\/2764_fe0f\/72.png\" alt=\"\u2764\ufe0f\"><\/li>\n<\/ul>\n\n\n\n<p>Rentouttavin jouluterveisin Lotta ja Pesonen<img decoding=\"async\" src=\"https:\/\/fonts.gstatic.com\/s\/e\/notoemoji\/15.1\/1f638\/72.png\" alt=\"\ud83d\ude38\"><\/p>\n\n\n\n<figure class=\"wp-block-image size-large\"><img loading=\"lazy\" decoding=\"async\" width=\"765\" height=\"1024\" src=\"https:\/\/corpusry.fi\/wp-content\/uploads\/2024\/12\/pesosen-jouluterveiset-765x1024.jpg\" alt=\"\" class=\"wp-image-2848\" srcset=\"https:\/\/corpusry.fi\/wp-content\/uploads\/2024\/12\/pesosen-jouluterveiset-765x1024.jpg 765w, https:\/\/corpusry.fi\/wp-content\/uploads\/2024\/12\/pesosen-jouluterveiset-224x300.jpg 224w, https:\/\/corpusry.fi\/wp-content\/uploads\/2024\/12\/pesosen-jouluterveiset-768x1027.jpg 768w, https:\/\/corpusry.fi\/wp-content\/uploads\/2024\/12\/pesosen-jouluterveiset-1148x1536.jpg 1148w, https:\/\/corpusry.fi\/wp-content\/uploads\/2024\/12\/pesosen-jouluterveiset-374x500.jpg 374w, https:\/\/corpusry.fi\/wp-content\/uploads\/2024\/12\/pesosen-jouluterveiset.jpg 1196w\" sizes=\"auto, (max-width: 765px) 100vw, 765px\" \/><\/figure>\n","protected":false},"excerpt":{"rendered":"<p>To do -lista opiskelijan joululomalle: Rentouttavin jouluterveisin Lotta ja Pesonen<\/p>\n","protected":false},"author":27,"featured_media":0,"parent":0,"menu_order":0,"comment_status":"closed","ping_status":"closed","template":"","meta":{"Layout":"","footnotes":""},"class_list":["entry","author-naaga-lotta1","post-2847","page","type-page","status-publish"],"_links":{"self":[{"href":"https:\/\/corpusry.fi\/index.php\/wp-json\/wp\/v2\/pages\/2847","targetHints":{"allow":["GET"]}}],"collection":[{"href":"https:\/\/corpusry.fi\/index.php\/wp-json\/wp\/v2\/pages"}],"about":[{"href":"https:\/\/corpusry.fi\/index.php\/wp-json\/wp\/v2\/types\/page"}],"author":[{"embeddable":true,"href":"https:\/\/corpusry.fi\/index.php\/wp-json\/wp\/v2\/users\/27"}],"replies":[{"embeddable":true,"href":"https:\/\/corpusry.fi\/index.php\/wp-json\/wp\/v2\/comments?post=2847"}],"version-history":[{"count":1,"href":"https:\/\/corpusry.fi\/index.php\/wp-json\/wp\/v2\/pages\/2847\/revisions"}],"predecessor-version":[{"id":2849,"href":"https:\/\/corpusry.fi\/index.php\/wp-json\/wp\/v2\/pages\/2847\/revisions\/2849"}],"wp:attachment":[{"href":"https:\/\/corpusry.fi\/index.php\/wp-json\/wp\/v2\/media?parent=2847"}],"curies":[{"name":"wp","href":"https:\/\/api.w.org\/{rel}","templated":true}]}}