{"id":2852,"date":"2024-12-23T11:49:44","date_gmt":"2024-12-23T09:49:44","guid":{"rendered":"https:\/\/corpusry.fi\/?page_id=2852"},"modified":"2024-12-23T11:49:44","modified_gmt":"2024-12-23T09:49:44","slug":"23-luukku-5","status":"publish","type":"page","link":"https:\/\/corpusry.fi\/index.php\/23-luukku-5\/","title":{"rendered":"23. luukku"},"content":{"rendered":"\n<p class=\"has-medium-font-size\"><strong>Nostalgian ansioista 2000-luvun lapsikin voi muistaa joulun 65<\/strong><\/p>\n\n\n\n<p>Jouluna ajankuva h\u00e4m\u00e4rtyy. Tietyll\u00e4 tapaa palataan ajanlaskun alkuun, samalla kuitenkin valitaan joulup\u00f6ytiin porkkalaa ja seitankinkkua sek\u00e4 k\u00e4\u00e4rit\u00e4\u00e4n lahjapaperiin islantilaisen dekkaristin uusinta j\u00e4nnitysromaania.<\/p>\n\n\n\n<p>Saatetaanpa t\u00e4n\u00e4 jouluna palata takaisin my\u00f6s kultaisille 80- ja 90-luvuille, kun lahjapaketeista paljastuvat uudelleen hiteiksi nousseet Furby-lelut ja Tamagotchit. Paluuta 90-luvulle ryyditt\u00e4v\u00e4t my\u00f6s sukulaisten kertomukset vaiherikkaista kommelluksista, joita n\u00e4iden lelujen kanssa aikoinaan koettiin.<\/p>\n\n\n\n<p>Parhaimmillaan joulup\u00f6yt\u00e4\u00e4n kokoonnutaankin useiden sukupolvien voimin taasen muistojen suurten luo. Muistellaan omaa kauan sitten lahjaksi saatua barbinukkea ja sit\u00e4, kuinka puinen junarata jaksoi viihdytt\u00e4\u00e4 pieni\u00e4 jouluilijoita pitk\u00e4lle y\u00f6h\u00f6n asti. Muistuupa mieleen sekin, kuinka er\u00e4st\u00e4 joulua vietettiin vesirokon kourissa ja miten toisena jouluna joulupukki muisti kaikki lasten harrastukset ihan v\u00e4\u00e4rin, jakoi lahjat kenelle sattuu ja sai viel\u00e4 poskelleen pusunkin.<\/p>\n\n\n\n<p>Jouluna palautellaan mieliin, kuka sai viime vuonna mantelin ja kuinka er\u00e4s joulunviett\u00e4j\u00e4 sai kerran joulupukin muistiaispussista vahingossa itselleen joulupukin muistikirjan, joka kyll\u00e4 sittemmin vaihtui tikkukaramelliin.<\/p>\n\n\n\n<p>Saattaapa jonkun joulutraditioihin kuulua my\u00f6s kiistely siit\u00e4, min\u00e4 jouluna oltiin miss\u00e4kin ja k\u00e4ytiink\u00f6 tuntikausien monopolitaistoa jouluna ensink\u00e4\u00e4n, koska joku muistaa t\u00e4m\u00e4n tapahtuman ajoittuneen juhannukseen.&nbsp;<\/p>\n\n\n\n<p>Jouluna kuullaan my\u00f6s sadatta kertaa tarina siit\u00e4, kuka puraisi kieleen ja siit\u00e4, kuinka er\u00e4\u00e4n\u00e4kin aattona hevonen kaatui kynttil\u00f6idenvientimatkalla hautausmaan risteyksess\u00e4 ja miten tilanteesta onneksi selvittiin s\u00e4ik\u00e4hdyksell\u00e4. Eik\u00e4 ilman n\u00e4it\u00e4 tarinoita joulu edes tuntuisi joululta.<\/p>\n\n\n\n<p>Nostalgian ansiosta voi 2000-luvun lapsenakin muistaa sen joulun 65, jolloin syv\u00e4 hanki peitti tienoon vaipallaan ja kuinka mets\u00e4t\u00f6iss\u00e4 kauan ollutta is\u00e4\u00e4 odotettiin kotiin nen\u00e4t j\u00e4\u00e4tyneisiin ikkunanruutuihin litistettyin\u00e4. Jouluisin my\u00f6s jo joulunsa juhlineet yst\u00e4v\u00e4t, sukulaiset ja tuttavat her\u00e4\u00e4v\u00e4t tarinoiden my\u00f6t\u00e4 hetkeksi henkiin ja joulun hartaan tunnelman s\u00e4est\u00e4m\u00e4n\u00e4 heid\u00e4n l\u00e4sn\u00e4olonsa voi melkein aistia.<\/p>\n\n\n\n<p>Voi el\u00e4\u00e4 samaan aikaan vuotta 2024, mutta my\u00f6s melkein n\u00e4hd\u00e4 Juhanin ja Liisin matkalla joulukirkkoon Taavetti ja Tiina kannoillaan sek\u00e4 kuulla hevosen hirnunnan hautausmaan porteilla muistutuksena ajoista, jolloin autoihin ei ollut varaa kuin rikkailla.<\/p>\n\n\n\n<p>Joulun taika onkin ihmeellinen ja parhaimmillaan jouluna voi kokea nostalgiatripin, jonka aikana voi oppia suvunkin historiasta kaikkea uutta ja j\u00e4nn\u00e4\u00e4. Liikaa ei kannata kuitenkaan menneeseen juuttua, jotta t\u00e4st\u00e4kin joulusta j\u00e4\u00e4 jotain nostalgisoitavaa. Hyv\u00e4\u00e4 ja nostalgiarikasta joulua kaikille corpuslaisille ja corpusmielisille!<\/p>\n\n\n\n<p><\/p>\n\n\n\n<p><\/p>\n\n\n\n<p class=\"has-text-align-right\">Annika Puustinen<\/p>\n\n\n\n<p class=\"has-text-align-right\">Kirjoittaja on viidenennen vuoden \u00e4ikk\u00e4linjalainen, joka rakastaa perinteit\u00e4.<\/p>\n\n\n\n<p><\/p>\n","protected":false},"excerpt":{"rendered":"<p>Nostalgian ansioista 2000-luvun lapsikin voi muistaa joulun 65 Jouluna ajankuva h\u00e4m\u00e4rtyy. Tietyll\u00e4 tapaa palataan ajanlaskun alkuun, samalla kuitenkin valitaan joulup\u00f6ytiin porkkalaa ja seitankinkkua sek\u00e4 k\u00e4\u00e4rit\u00e4\u00e4n lahjapaperiin islantilaisen dekkaristin uusinta j\u00e4nnitysromaania. <a href=\"https:\/\/corpusry.fi\/index.php\/23-luukku-5\/\" class=\"more-link\">[&hellip;]<\/a><\/p>\n","protected":false},"author":28,"featured_media":0,"parent":0,"menu_order":0,"comment_status":"closed","ping_status":"closed","template":"","meta":{"Layout":"","footnotes":""},"class_list":["entry","author-naaga-lotta2","post-2852","page","type-page","status-publish"],"_links":{"self":[{"href":"https:\/\/corpusry.fi\/index.php\/wp-json\/wp\/v2\/pages\/2852","targetHints":{"allow":["GET"]}}],"collection":[{"href":"https:\/\/corpusry.fi\/index.php\/wp-json\/wp\/v2\/pages"}],"about":[{"href":"https:\/\/corpusry.fi\/index.php\/wp-json\/wp\/v2\/types\/page"}],"author":[{"embeddable":true,"href":"https:\/\/corpusry.fi\/index.php\/wp-json\/wp\/v2\/users\/28"}],"replies":[{"embeddable":true,"href":"https:\/\/corpusry.fi\/index.php\/wp-json\/wp\/v2\/comments?post=2852"}],"version-history":[{"count":5,"href":"https:\/\/corpusry.fi\/index.php\/wp-json\/wp\/v2\/pages\/2852\/revisions"}],"predecessor-version":[{"id":2857,"href":"https:\/\/corpusry.fi\/index.php\/wp-json\/wp\/v2\/pages\/2852\/revisions\/2857"}],"wp:attachment":[{"href":"https:\/\/corpusry.fi\/index.php\/wp-json\/wp\/v2\/media?parent=2852"}],"curies":[{"name":"wp","href":"https:\/\/api.w.org\/{rel}","templated":true}]}}