{"id":289,"date":"2016-09-05T12:26:00","date_gmt":"2016-09-05T09:26:00","guid":{"rendered":"https:\/\/corpusry.wordpress.com\/?page_id=289"},"modified":"2025-12-05T10:51:07","modified_gmt":"2025-12-05T08:51:07","slug":"haalarit-ja-haalarimerkit","status":"publish","type":"page","link":"https:\/\/corpusry.fi\/index.php\/jasenille\/haalarit-ja-haalarimerkit\/","title":{"rendered":"Haalarit ja haalarimerkit"},"content":{"rendered":"<p style=\"text-align: center;\"><b><span style=\"font-family: inherit; font-size: x-large;\">Haalarit<\/span><\/b><\/p>\n<p>Corpuksen haalarit ovat vaalean violetit, ja niiden selk\u00e4myst\u00e4 koristaa komea ainej\u00e4rjest\u00f6logomme. Haalaritilaus tehd\u00e4\u00e4n vuosittain, syyslukukauden aikana.<\/p>\n<table class=\"tr-caption-container\" style=\"margin-left: auto; margin-right: auto; text-align: right;\" cellspacing=\"0\" cellpadding=\"0\" align=\"center\">\n<tbody>\n<tr>\n<td style=\"text-align: center;\"><a style=\"margin-left: auto; margin-right: auto;\" href=\"http:\/\/corpusry.fi\/wp-content\/uploads\/2017\/04\/fcdc1-img_6244.jpg\"><img loading=\"lazy\" decoding=\"async\" src=\"http:\/\/corpusry.fi\/wp-content\/uploads\/2017\/04\/fcdc1-img_6244.jpg?w=225\" width=\"300\" height=\"400\" border=\"0\" \/><\/a><\/td>\n<\/tr>\n<tr>\n<td class=\"tr-caption\" style=\"text-align: center;\">My\u00f6s maskottimme Asmodeus kantaa\u00a0ylpeydell\u00e4 Corpus-haalareita.<br \/>\nKuva: Riika Tyhtil\u00e4<\/td>\n<\/tr>\n<\/tbody>\n<\/table>\n<p><span style=\"font-family: inherit;\"><span style=\"font-family: inherit; font-size: x-large;\">Haalarimerkit<\/span><\/span><\/p>\n<p>Haalarimerkkej\u00e4 voi ostaa rahastonhoitajaltamme ja yritysvastaavaltamme. Ostosta ja toimituksesta voi sopia s\u00e4hk\u00f6postitse rahastonhoitajan (rahastonhoitaja(at)corpusry.fi) tai yritysvastaavan (yritysvastaava(at)corpusry.fi) kanssa. Maksaa voi k\u00e4teisell\u00e4, kortilla tai siirt\u00e4m\u00e4ll\u00e4 rahan Corpuksen tilille (IBAN verkkosivun alapalkissa, k\u00e4yt\u00e4 viitett\u00e4 12933).<\/p>\n<table class=\"tr-caption-container\" style=\"margin-left: auto; margin-right: auto; text-align: center;\" cellspacing=\"0\" cellpadding=\"0\">\n<tbody>\n<tr>\n<td style=\"text-align: center;\"><a style=\"clear: left; margin-bottom: 1em; margin-left: auto; margin-right: auto;\" href=\"http:\/\/corpusry.fi\/wp-content\/uploads\/2017\/04\/b12be-corpus-merkki.jpg\"><img loading=\"lazy\" decoding=\"async\" src=\"http:\/\/corpusry.fi\/wp-content\/uploads\/2017\/04\/b12be-corpus-merkki.jpg?w=300\" width=\"320\" height=\"316\" border=\"0\" \/><\/a><\/td>\n<\/tr>\n<tr>\n<td class=\"tr-caption\" style=\"text-align: center;\"><strong>Corpus-merkki<\/strong> (8 x 8 cm)<br \/>\nainej\u00e4rjest\u00f6n j\u00e4senille 2,50 e, muille 3,50 e<\/td>\n<\/tr>\n<\/tbody>\n<\/table>\n<p class=\"separator\" style=\"clear: both; text-align: center;\"><a style=\"margin-left: 1em; margin-right: 1em;\" href=\"http:\/\/corpusry.fi\/wp-content\/uploads\/2017\/04\/f9dbd-pisuaari.jpg\"><img loading=\"lazy\" decoding=\"async\" class=\"\" src=\"http:\/\/corpusry.fi\/wp-content\/uploads\/2017\/04\/f9dbd-pisuaari.jpg?w=277\" width=\"298\" height=\"321\" border=\"0\" \/><\/a><br \/>\n<strong>Pisuaari<\/strong> (n. 7,5 x 8 cm) 3,50 e<\/p>\n<p style=\"text-align: center;\"><img loading=\"lazy\" decoding=\"async\" class=\"wp-image-1156 aligncenter\" src=\"http:\/\/corpusry.fi\/wp-content\/uploads\/2019\/06\/Mutku-merkki.jpg\" alt=\"\" width=\"433\" height=\"307\" \/><strong>Mutku-merkki<\/strong> (n. 8 x 8 cm) 3,50 e<br \/>\nLaitoksen yhteinen merkki: myynniss\u00e4 my\u00f6s Trioli ry:ll\u00e4 ja Pedaali ry:ll\u00e4<\/p>\n<p style=\"text-align: center;\" data-wp-editing=\"1\"><img loading=\"lazy\" decoding=\"async\" class=\"wp-image-1155 aligncenter\" src=\"http:\/\/corpusry.fi\/wp-content\/uploads\/2019\/06\/Huuhaa-humanisti-merkki-1.jpg\" alt=\"\" width=\"564\" height=\"399\" \/><strong>Huuhaa humanisti <\/strong>-merkki (n. 7,5 x 10,5 cm) 3,50 e<\/p>\n<p style=\"text-align: center;\" data-wp-editing=\"1\"><img loading=\"lazy\" decoding=\"async\" class=\"wp-image-1158 aligncenter\" src=\"http:\/\/corpusry.fi\/wp-content\/uploads\/2019\/06\/Original-MC-merkki.jpg\" alt=\"\" width=\"326\" height=\"230\" \/><strong>The Original MC Minna Canth<\/strong> -merkki (n. 10 x 6,5 cm) 3,50 e<\/p>\n<p style=\"text-align: center;\" data-wp-editing=\"1\"><img loading=\"lazy\" decoding=\"async\" class=\"wp-image-1159 aligncenter\" src=\"http:\/\/corpusry.fi\/wp-content\/uploads\/2019\/06\/Suurhemuli-merkki.jpg\" alt=\"\" width=\"384\" height=\"270\" \/><strong>Suurhemulimerkki<\/strong> (n. 9 x 7 cm)<br \/>\nEi myynniss\u00e4: ansaittava merkki, jonka voi ansaita joko suorittamalla fuksipassin tai osallistumalla Corpuksen hallituksen toimintaan<\/p>\n<p style=\"text-align: center;\" data-wp-editing=\"1\"><img loading=\"lazy\" decoding=\"async\" class=\"wp-image-1160 aligncenter\" src=\"http:\/\/corpusry.fi\/wp-content\/uploads\/2019\/06\/Vuju-merkki-.jpg\" alt=\"\" width=\"424\" height=\"300\" \/><strong>Vuju2018<\/strong> -nostalgiamerkki (n. 8 x 8 cm) 1,50 e<\/p>\n<p style=\"text-align: center;\" data-wp-editing=\"1\"><img loading=\"lazy\" decoding=\"async\" class=\"wp-image-1157 aligncenter\" src=\"http:\/\/corpusry.fi\/wp-content\/uploads\/2019\/06\/Opus-merkki.jpg\" alt=\"\" width=\"434\" height=\"307\" \/><strong>Opus<\/strong> -nostalgiamerkki (n. 8 x 8 cm) 1,50 e<\/p>\n<p class=\"separator\" style=\"clear: both; text-align: center;\"><a style=\"margin-left: 1em; margin-right: 1em;\" href=\"http:\/\/corpusry.fi\/wp-content\/uploads\/2017\/04\/eddcb-huomennah25c325a4nlukee.jpg\"><img loading=\"lazy\" decoding=\"async\" src=\"http:\/\/corpusry.fi\/wp-content\/uploads\/2017\/04\/eddcb-huomennah25c325a4nlukee.jpg?w=300\" width=\"320\" height=\"237\" border=\"0\" \/><\/a><br \/>\n<strong>Huomenna h\u00e4n lukee<\/strong> -merkki (n. 9 x 6,5 cm)<br \/>\n<span style=\"color: #ff0000;\">LOPPU<\/span><\/p>\n<p style=\"text-align: center;\" data-wp-editing=\"1\"><img loading=\"lazy\" decoding=\"async\" class=\"wp-image-1160 aligncenter\" src=\"http:\/\/corpusry.fi\/wp-content\/uploads\/2024\/10\/WhatsApp-Image-2024-09-04-at-10.45.25-1-1024x430.png\" alt=\"\" width=\"424\" height=\"300\" \/><strong><br \/>\nMik\u00e4 vittu edes on coprus?<\/strong> -merkki (n. 11 x 3,9 cm) 3,50 e<\/p>\n<p style=\"text-align: center;\" data-wp-editing=\"1\"><img loading=\"lazy\" decoding=\"async\" class=\"alignnone wp-image-2592 size-medium\" src=\"http:\/\/corpusry.fi\/wp-content\/uploads\/2024\/10\/Tytotonperseesta-e1730221181150-300x296.png\" alt=\"\" width=\"300\" height=\"296\" srcset=\"https:\/\/corpusry.fi\/wp-content\/uploads\/2024\/10\/Tytotonperseesta-e1730221181150-300x296.png 300w, https:\/\/corpusry.fi\/wp-content\/uploads\/2024\/10\/Tytotonperseesta-e1730221181150-1024x1009.png 1024w, https:\/\/corpusry.fi\/wp-content\/uploads\/2024\/10\/Tytotonperseesta-e1730221181150-768x757.png 768w, https:\/\/corpusry.fi\/wp-content\/uploads\/2024\/10\/Tytotonperseesta-e1730221181150-507x500.png 507w, https:\/\/corpusry.fi\/wp-content\/uploads\/2024\/10\/Tytotonperseesta-e1730221181150.png 1409w\" sizes=\"auto, (max-width: 300px) 100vw, 300px\" \/><\/p>\n<p style=\"text-align: center;\" data-wp-editing=\"1\"><strong>\u2728Copruksen tyt\u00f6t on perseest\u00e4\u2728<\/strong> -merkki (n. 8 x 8 cm) 3,50 e<\/p>\n<p style=\"text-align: center;\" data-wp-editing=\"1\"><img loading=\"lazy\" decoding=\"async\" class=\"aligncenter wp-image-1160\" src=\"http:\/\/corpusry.fi\/wp-content\/uploads\/2024\/10\/AsmoHuutaa.png\" alt=\"\" width=\"424\" height=\"300\" \/><strong>Huuto-Asmo<\/strong> -merkki (n. 8 x 8 cm) 3,50 e<\/p>\n","protected":false},"excerpt":{"rendered":"<p>Haalarit Corpuksen haalarit ovat vaalean violetit, ja niiden selk\u00e4myst\u00e4 koristaa komea ainej\u00e4rjest\u00f6logomme. Haalaritilaus tehd\u00e4\u00e4n vuosittain, syyslukukauden aikana. My\u00f6s maskottimme Asmodeus kantaa\u00a0ylpeydell\u00e4 Corpus-haalareita. Kuva: Riika Tyhtil\u00e4 Haalarimerkit Haalarimerkkej\u00e4 voi ostaa rahastonhoitajaltamme <a href=\"https:\/\/corpusry.fi\/index.php\/jasenille\/haalarit-ja-haalarimerkit\/\" class=\"more-link\">[&hellip;]<\/a><\/p>\n","protected":false},"author":3,"featured_media":0,"parent":1540,"menu_order":0,"comment_status":"closed","ping_status":"closed","template":"","meta":{"Layout":"","footnotes":""},"class_list":["entry","author-maisa-virtanen","post-289","page","type-page","status-publish"],"_links":{"self":[{"href":"https:\/\/corpusry.fi\/index.php\/wp-json\/wp\/v2\/pages\/289","targetHints":{"allow":["GET"]}}],"collection":[{"href":"https:\/\/corpusry.fi\/index.php\/wp-json\/wp\/v2\/pages"}],"about":[{"href":"https:\/\/corpusry.fi\/index.php\/wp-json\/wp\/v2\/types\/page"}],"author":[{"embeddable":true,"href":"https:\/\/corpusry.fi\/index.php\/wp-json\/wp\/v2\/users\/3"}],"replies":[{"embeddable":true,"href":"https:\/\/corpusry.fi\/index.php\/wp-json\/wp\/v2\/comments?post=289"}],"version-history":[{"count":32,"href":"https:\/\/corpusry.fi\/index.php\/wp-json\/wp\/v2\/pages\/289\/revisions"}],"predecessor-version":[{"id":2955,"href":"https:\/\/corpusry.fi\/index.php\/wp-json\/wp\/v2\/pages\/289\/revisions\/2955"}],"up":[{"embeddable":true,"href":"https:\/\/corpusry.fi\/index.php\/wp-json\/wp\/v2\/pages\/1540"}],"wp:attachment":[{"href":"https:\/\/corpusry.fi\/index.php\/wp-json\/wp\/v2\/media?parent=289"}],"curies":[{"name":"wp","href":"https:\/\/api.w.org\/{rel}","templated":true}]}}