{"id":296,"date":"2016-02-28T13:38:00","date_gmt":"2016-02-28T11:38:00","guid":{"rendered":"https:\/\/corpusry.wordpress.com\/?page_id=296"},"modified":"2016-02-28T13:38:00","modified_gmt":"2016-02-28T11:38:00","slug":"opiskelu-taikussa","status":"publish","type":"page","link":"https:\/\/corpusry.fi\/index.php\/opiskelu-taikussa\/","title":{"rendered":"Opiskelu Taikussa"},"content":{"rendered":"<div dir=\"ltr\" style=\"line-height:1.38;margin-bottom:0;margin-top:0;\"><span style=\"font-family:inherit;font-size:16px;line-height:1.38;white-space:pre-wrap;\">Corpus on Jyv\u00e4skyl\u00e4n yliopiston taiteiden ja kulttuurin tutkimuksen laitoksen eli Taikun oppiaineiden ainej\u00e4rjest\u00f6. <\/span><\/div>\n<p><span style=\"font-family:inherit;\"><b style=\"font-weight:normal;\"><br \/><\/b><\/span><\/p>\n<div dir=\"ltr\" style=\"line-height:1.38;margin-bottom:0;margin-top:0;\"><span style=\"background-color:transparent;color:black;font-family:inherit;font-size:16px;font-style:normal;font-variant:normal;font-weight:400;text-decoration:none;vertical-align:baseline;white-space:pre-wrap;\">Kirjallisuudesta, museologiasta, taidehistoriasta ja taidekasvatuksesta voi suorittaa kandidaatin ja maisterin tutkinnon. Lis\u00e4ksi Taikussa voi opiskella kirjoittamisen, kulttuuriymp\u00e4rist\u00f6n tutkimuksen tai arkistonhallinnan maisteriohjelmassa ja tehd\u00e4 pelitutkimuksen ja pelisuunnittelun opintokokonaisuuden. Jatko-opinnot eli tohtorin tutkinnon voi suorittaa kaikkien edell\u00e4 mainittujen oppiaineiden lis\u00e4ksi my\u00f6s digitaalisesta kulttuurista tai nykykulttuurin tutkimuksesta. <\/span><\/div>\n<p><span style=\"font-family:inherit;\"><b style=\"font-weight:normal;\"><br \/><\/b><\/span><\/p>\n<div dir=\"ltr\" style=\"line-height:1.38;margin-bottom:0;margin-top:0;\"><span style=\"font-family:inherit;\"><span style=\"background-color:transparent;color:black;font-size:16px;font-style:normal;font-variant:normal;font-weight:400;text-decoration:none;vertical-align:baseline;white-space:pre-wrap;\">N\u00e4ilt\u00e4 sivuilta voit lukea opiskelijoiden kokemuksia kirjallisuuden, museologian, taidehistorian ja taidekasvatuksen opiskelusta. Lis\u00e4tietoa kaikista oppiaineista saa <\/span><a href=\"https:\/\/www.jyu.fi\/hum\/laitokset\/taiku\/opiskelu\" style=\"text-decoration:none;\"><span style=\"background-color:transparent;color:#1155cc;font-size:16px;font-style:normal;font-variant:normal;font-weight:400;text-decoration:underline;vertical-align:baseline;white-space:pre-wrap;\">Taikun sivuilta<\/span><\/a><span style=\"background-color:transparent;color:black;font-size:16px;font-style:normal;font-variant:normal;font-weight:400;text-decoration:none;vertical-align:baseline;white-space:pre-wrap;\">.<\/span><\/span><\/div>\n<p><span style=\"font-family:inherit;\"><b style=\"font-weight:normal;\"><br \/><\/b><\/span><\/p>\n<div dir=\"ltr\" style=\"line-height:1.38;margin-bottom:0;margin-top:0;\"><span style=\"background-color:transparent;color:black;font-family:inherit;font-size:16px;font-style:normal;font-variant:normal;font-weight:700;text-decoration:none;vertical-align:baseline;white-space:pre-wrap;\">Opiskelutavoista<\/span><\/div>\n<p><span style=\"font-family:inherit;\"><b style=\"font-weight:normal;\"><br \/><\/b><\/span><\/p>\n<div dir=\"ltr\" style=\"line-height:1.38;margin-bottom:0;margin-top:0;\"><span style=\"background-color:transparent;color:#333333;font-family:inherit;font-size:16px;font-style:normal;font-variant:normal;font-weight:400;text-decoration:none;vertical-align:baseline;white-space:pre-wrap;\">Taikussa kurssien suorittamistavat ovat monipuolisia ja joustavia. Yleisimpi\u00e4 suoritustapoja ovat kontaktiluentoihin ja kirjallisuuteen perustuvat esseemuotoiset teht\u00e4v\u00e4t. Tenttimuotoisia kursseja on oppiaineissa harvemmin. Useissa kursseissa tarjotaan my\u00f6s mahdollisuutta itsen\u00e4iseen lukupiirisuoritukseen. <\/span><\/div>\n<p><span style=\"font-family:inherit;\"><b style=\"font-weight:normal;\"><br \/><\/b><\/span><\/p>\n<div dir=\"ltr\" style=\"line-height:1.38;margin-bottom:0;margin-top:0;\"><span style=\"background-color:transparent;color:black;font-family:inherit;font-size:16px;font-style:normal;font-variant:normal;font-weight:700;text-decoration:none;vertical-align:baseline;white-space:pre-wrap;\">Sivuaineiden merkityksest\u00e4<\/span><\/div>\n<p><span style=\"font-family:inherit;\"><b style=\"font-weight:normal;\"><br \/><\/b><\/span><\/p>\n<div dir=\"ltr\" style=\"line-height:1.38;margin-bottom:0;margin-top:0;\"><span style=\"background-color:transparent;color:black;font-family:inherit;font-size:16px;font-style:normal;font-variant:normal;font-weight:400;text-decoration:none;vertical-align:baseline;white-space:pre-wrap;\">Taikun oppiaineet eiv\u00e4t valmista sinua mihink\u00e4\u00e4n tiettyyn ammattiin vaan tutkintosi on ns. generalistinen tutkinto, ellet opiskele kirjallisuutta \u00e4idinkielen opettajalinjalla. Sivuainevalinnoilla voitkin vaikuttaa hyvin paljon siihen, mit\u00e4 tulet mahdollisesti tekem\u00e4\u00e4n ty\u00f6ksesi. Poikkeava aineyhdistelm\u00e4 voi tehd\u00e4 juuri sinusta ainutlaatuisen asiantuntijan. <\/span><\/div>\n<p><span style=\"font-family:inherit;\"><b style=\"font-weight:normal;\"><br \/><\/b><\/span><\/p>\n<div dir=\"ltr\" style=\"line-height:1.38;margin-bottom:0;margin-top:0;\"><span style=\"font-family:inherit;\"><span style=\"background-color:transparent;color:black;font-size:16px;font-style:normal;font-variant:normal;font-weight:400;text-decoration:none;vertical-align:baseline;white-space:pre-wrap;\">Kandidaatin tutkintoon kuuluu v\u00e4hint\u00e4\u00e4n yksi sivuaineen perusopintokokonaisuus, yhteens\u00e4 sivuaineita tarvitaan 85 op. Maisterin tutkintoon kuuluu 40 op sivuaineopintoja. Sivuaineiden opiskelu kannattaa aloittaa jo ensimm\u00e4isen\u00e4 syksyn\u00e4. Kokonaisuuksia voi tehd\u00e4 useammankin tai yhden kokonaisuuden j\u00e4lkeen opintopisteet voi ker\u00e4t\u00e4 yksitt\u00e4isist\u00e4 opintojaksoista. On ihan ok kokeilla jonkin aineen opiskelua vaikka yhden kurssin verran. Osa sivuaineista on vapaasti valittavissa, osaan haetaan opinto-oikeutta erikseen. Haku on yleens\u00e4 kev\u00e4isin. Sivuaineportaaliin p\u00e4\u00e4set <\/span><a href=\"https:\/\/www.jyu.fi\/sivuaineet\/fi\/#b_start=0\" style=\"text-decoration:none;\"><span style=\"background-color:transparent;color:#1155cc;font-size:16px;font-style:normal;font-variant:normal;font-weight:400;text-decoration:underline;vertical-align:baseline;white-space:pre-wrap;\">t\u00e4st\u00e4<\/span><\/a><span style=\"background-color:transparent;color:black;font-size:16px;font-style:normal;font-variant:normal;font-weight:400;text-decoration:none;vertical-align:baseline;white-space:pre-wrap;\">. <\/span><\/span><\/div>\n<p><span style=\"font-family:inherit;\"><b style=\"font-weight:normal;\"><br \/><\/b><\/span><\/p>\n<div dir=\"ltr\" style=\"line-height:1.38;margin-bottom:0;margin-top:0;\"><span style=\"background-color:transparent;color:black;font-family:inherit;font-size:16px;font-style:normal;font-variant:normal;font-weight:400;text-decoration:none;vertical-align:baseline;white-space:pre-wrap;\">Osaamista kerrytet\u00e4\u00e4n my\u00f6s jatkuvasti kaikenlaisen ty\u00f6kokemuksen, vapaaehtois- ja j\u00e4rjest\u00f6toiminnan sek\u00e4 harrastusten kautta. Kannattaa siis olla aktiivinen omien kiinnostuksen kohteiden parissa! <\/span><\/div>\n<p><span style=\"font-family:inherit;\"><b style=\"font-weight:normal;\"><br \/><\/b><\/span><\/p>\n<div dir=\"ltr\" style=\"line-height:1.38;margin-bottom:0;margin-top:0;\"><span style=\"background-color:transparent;color:black;font-family:inherit;font-size:16px;font-style:normal;font-variant:normal;font-weight:700;text-decoration:none;vertical-align:baseline;white-space:pre-wrap;\">Harjoittelu<\/span><\/div>\n<p><span style=\"font-family:inherit;\"><b style=\"font-weight:normal;\"><br \/><\/b><\/span><\/p>\n<div dir=\"ltr\" style=\"line-height:1.38;margin-bottom:0;margin-top:0;\"><span style=\"background-color:transparent;color:black;font-family:inherit;font-size:16px;font-style:normal;font-variant:normal;font-weight:400;text-decoration:none;vertical-align:baseline;white-space:pre-wrap;\">Taikun opiskelijat voivat tehd\u00e4 vapaaehtoisen harjoittelun itse hankkimassaan harjoittelupaikassa. Corpus suosittelee! <\/span><\/div>\n<p><span style=\"font-family:inherit;\"><b style=\"font-weight:normal;\"><br \/><\/b><\/span><\/p>\n<div dir=\"ltr\" style=\"line-height:1.38;margin-bottom:0;margin-top:0;\"><span style=\"font-family:inherit;\"><span style=\"background-color:transparent;color:black;font-size:16px;font-style:normal;font-variant:normal;font-weight:400;text-decoration:none;vertical-align:baseline;white-space:pre-wrap;\">Harjoittelu kest\u00e4\u00e4 kolme kuukautta ja on palkallinen. Laitos sponsoroi yhden kuukauden palkan harjoittelusetelill\u00e4, joiden haku on aina vuodenvaihteessa. <\/span><a href=\"https:\/\/www.jyu.fi\/hum\/laitokset\/taiku\/opiskelijalle\/tutorial\/opintosuoritusohjeita\/harjoittelu\" style=\"text-decoration:none;\"><span style=\"background-color:transparent;color:#1155cc;font-size:16px;font-style:normal;font-variant:normal;font-weight:400;text-decoration:underline;vertical-align:baseline;white-space:pre-wrap;\">Lis\u00e4tietoa laitoksen sivuilla<\/span><\/a><span style=\"background-color:transparent;color:black;font-size:16px;font-style:normal;font-variant:normal;font-weight:400;text-decoration:none;vertical-align:baseline;white-space:pre-wrap;\">. <\/span><\/span><\/div>\n<p><span style=\"font-family:inherit;\"><b style=\"font-weight:normal;\"><br \/><\/b><\/span><\/p>\n<div dir=\"ltr\" style=\"line-height:1.38;margin-bottom:0;margin-top:0;\"><span style=\"background-color:transparent;color:black;font-family:inherit;font-size:16px;font-style:normal;font-variant:normal;font-weight:700;text-decoration:none;vertical-align:baseline;white-space:pre-wrap;\">Opiskelijoiden kokemuksia<\/span><\/div>\n<p><span style=\"font-family:inherit;\"><b style=\"font-weight:normal;\"><br \/><\/b><\/span><\/p>\n<div dir=\"ltr\" style=\"line-height:1.38;margin-bottom:0;margin-top:0;\"><span style=\"background-color:transparent;color:black;font-family:inherit;font-size:16px;font-style:italic;font-variant:normal;font-weight:400;text-decoration:none;vertical-align:baseline;white-space:pre-wrap;\">\u201cTaikussa opiskelu on ihanan vapaata: kursseja saa suorittaa vaikka ja miss\u00e4 muodossa.\u201d<\/span><\/div>\n<p><span style=\"font-family:inherit;\"><b style=\"font-weight:normal;\"><br \/><\/b><\/span><\/p>\n<div dir=\"ltr\" style=\"line-height:1.656;margin-bottom:0;margin-top:0;\"><span style=\"background-color:transparent;color:black;font-family:inherit;font-size:16px;font-style:italic;font-variant:normal;font-weight:400;text-decoration:none;vertical-align:baseline;white-space:pre-wrap;\">\u201cTaikussa on helppo ottaa muiden aineiden kursseja, ja siten itselleen on mahdollista koota hyvin monipuolista n\u00e4kemyst\u00e4 taiteen kent\u00e4st\u00e4.\u201d<\/span><\/div>\n<p><span style=\"font-family:inherit;\"><b style=\"font-weight:normal;\"><br \/><\/b><\/span><\/p>\n<div dir=\"ltr\" style=\"line-height:1.656;margin-bottom:0;margin-top:0;\"><span style=\"background-color:transparent;color:black;font-family:inherit;font-size:16px;font-style:italic;font-variant:normal;font-weight:400;text-decoration:none;vertical-align:baseline;white-space:pre-wrap;\">\u201cLopulta opiskelijalla itsell\u00e4\u00e4n on t\u00e4rke\u00e4 rooli siin\u00e4, ett\u00e4 h\u00e4n kokoaa p\u00e4\u00e4aineensa ymp\u00e4rille muita elementtej\u00e4 (sivuaineet, harrastuneisuus yms.), joilla rakentaa omann\u00e4k\u00f6isens\u00e4 kokonaisuuden.\u201d<\/span><\/div>\n<p><span style=\"font-family:inherit;\"><b style=\"font-weight:normal;\"><br \/><\/b><\/span><\/p>\n<div dir=\"ltr\" style=\"line-height:1.656;margin-bottom:0;margin-top:0;\"><span style=\"background-color:transparent;color:black;font-family:inherit;font-size:16px;font-style:italic;font-variant:normal;font-weight:400;text-decoration:none;vertical-align:baseline;white-space:pre-wrap;\">\u201cMeid\u00e4n laitoksella on innostunutta henkil\u00f6kuntaa (miettik\u00e4\u00e4, meill\u00e4 on esim. Ankkatohtori).\u201d<\/span><\/div>\n<p><span style=\"font-family:inherit;\"><b style=\"font-weight:normal;\"><br \/><\/b><\/span><\/p>\n<div dir=\"ltr\" style=\"line-height:1.656;margin-bottom:0;margin-top:0;\"><span style=\"background-color:transparent;color:black;font-family:inherit;font-size:16px;font-style:italic;font-variant:normal;font-weight:400;text-decoration:none;vertical-align:baseline;white-space:pre-wrap;\">\u201cTaiteiden ja kulttuurin tutkimuksen laitoksella on ollut ilo opiskella. Henkil\u00f6kunta n\u00e4ytt\u00e4\u00e4 tukea opiskelijoita kohtaan eik\u00e4 mielenkiintoisista luennoista ole ollut pulaa.\u201d<\/span><\/div>\n<p><span style=\"font-family:inherit;\"><b style=\"font-weight:normal;\"><br \/><\/b><\/span><\/p>\n<div dir=\"ltr\" style=\"line-height:1.656;margin-bottom:0;margin-top:0;\"><span style=\"background-color:transparent;color:black;font-family:inherit;font-size:16px;font-style:italic;font-variant:normal;font-weight:400;text-decoration:none;vertical-align:baseline;white-space:pre-wrap;\">\u201cHops-ohjaajani avulla onnistuin l\u00f6yt\u00e4m\u00e4\u00e4n harjoittelupaikan omalta alalta: kannattaa siis pyyt\u00e4\u00e4 apua.\u201d<\/span><\/div>\n<p><span style=\"font-family:inherit;\"><b style=\"font-weight:normal;\"><br \/><\/b><\/span><\/p>\n<div dir=\"ltr\" style=\"line-height:1.656;margin-bottom:0;margin-top:0;\"><span style=\"background-color:transparent;color:black;font-family:inherit;font-size:16px;font-style:italic;font-variant:normal;font-weight:400;text-decoration:none;vertical-align:baseline;white-space:pre-wrap;\">\u201cJoskus kuulee sanottavan, ettei humanistisista opinnoista olisi mit\u00e4\u00e4n hy\u00f6ty\u00e4 ty\u00f6el\u00e4m\u00e4ss\u00e4 &#8211; luulen, ett\u00e4 n\u00e4iss\u00e4 tilanteissa puhuja (mik\u00e4li on itse humanisti) katsoo itse\u00e4\u00e4n ja osaamistaan niin l\u00e4helt\u00e4, ett\u00e4 saattaa pit\u00e4\u00e4 joitakin taitojaan ja vahvuuksiaan itsest\u00e4\u00e4nselvyyksin\u00e4, vaikka ne todellakaan eiv\u00e4t ole.\u201d<\/span><\/div>\n<p><span style=\"font-family:inherit;\"><b style=\"font-weight:normal;\"><br \/><\/b><\/span><\/p>\n<div dir=\"ltr\" style=\"line-height:1.656;margin-bottom:0;margin-top:0;\"><span style=\"background-color:transparent;color:black;font-family:inherit;font-size:16px;font-style:italic;font-variant:normal;font-weight:400;text-decoration:none;vertical-align:baseline;white-space:pre-wrap;\">\u201cVaikka suurin osa taikulaisista ei valmistu tiettyyn ammattiin, olemme jokainen eri asioihin erikoistuneita moniosaajia.\u201d<\/span><\/div>\n<p><b style=\"font-weight:normal;\"><br \/><\/b><\/p>\n<div dir=\"ltr\" style=\"line-height:1.38;margin-bottom:0;margin-top:0;\"><\/div>\n","protected":false},"excerpt":{"rendered":"<p>Corpus on Jyv\u00e4skyl\u00e4n yliopiston taiteiden ja kulttuurin tutkimuksen laitoksen eli Taikun oppiaineiden ainej\u00e4rjest\u00f6. Kirjallisuudesta, museologiasta, taidehistoriasta ja taidekasvatuksesta voi suorittaa kandidaatin ja maisterin tutkinnon. Lis\u00e4ksi Taikussa voi opiskella kirjoittamisen, kulttuuriymp\u00e4rist\u00f6n <a href=\"https:\/\/corpusry.fi\/index.php\/opiskelu-taikussa\/\" class=\"more-link\">[&hellip;]<\/a><\/p>\n","protected":false},"author":3,"featured_media":0,"parent":0,"menu_order":0,"comment_status":"closed","ping_status":"closed","template":"","meta":{"Layout":"","footnotes":""},"class_list":["entry","author-maisa-virtanen","post-296","page","type-page","status-publish"],"_links":{"self":[{"href":"https:\/\/corpusry.fi\/index.php\/wp-json\/wp\/v2\/pages\/296","targetHints":{"allow":["GET"]}}],"collection":[{"href":"https:\/\/corpusry.fi\/index.php\/wp-json\/wp\/v2\/pages"}],"about":[{"href":"https:\/\/corpusry.fi\/index.php\/wp-json\/wp\/v2\/types\/page"}],"author":[{"embeddable":true,"href":"https:\/\/corpusry.fi\/index.php\/wp-json\/wp\/v2\/users\/3"}],"replies":[{"embeddable":true,"href":"https:\/\/corpusry.fi\/index.php\/wp-json\/wp\/v2\/comments?post=296"}],"version-history":[{"count":0,"href":"https:\/\/corpusry.fi\/index.php\/wp-json\/wp\/v2\/pages\/296\/revisions"}],"wp:attachment":[{"href":"https:\/\/corpusry.fi\/index.php\/wp-json\/wp\/v2\/media?parent=296"}],"curies":[{"name":"wp","href":"https:\/\/api.w.org\/{rel}","templated":true}]}}