{"id":2980,"date":"2025-12-11T12:48:18","date_gmt":"2025-12-11T10:48:18","guid":{"rendered":"https:\/\/corpusry.fi\/?page_id=2980"},"modified":"2025-12-11T12:48:18","modified_gmt":"2025-12-11T10:48:18","slug":"11-luukku-6","status":"publish","type":"page","link":"https:\/\/corpusry.fi\/index.php\/11-luukku-6\/","title":{"rendered":"11. Luukku"},"content":{"rendered":"\n<p>Haluaisin h\u00e4net takaisin t\u00e4h\u00e4n vuoteen, t\u00e4h\u00e4n hetkeen.<br>Se vie aikoihin, kun tupakan haju piti \u201dpiilottaa\u201d Victoria\u2019s Secretin body mistill\u00e4 ja pest\u00e4 k\u00e4det saippualla ainakin kolme kertaa.<br>Vaikka rukoilivat avaamaan, min\u00e4 olin nyt vessassa.<br>Mit\u00e4 piim\u00e4juustolle sitten k\u00e4y?<\/p>\n\n\n\n<p>Se vie aikoihin, kun tupakan haju piti \u201dpiilottaa\u201d Victoria\u2019s Secretin body mistill\u00e4 ja pest\u00e4 k\u00e4det saippualla ainakin kolme kertaa.<br>Voitte arvata, miksi h\u00e4nell\u00e4 on viel\u00e4 t\u00e4n\u00e4kin p\u00e4iv\u00e4n\u00e4 p\u00e4lvikalju.<br>Mit\u00e4 piim\u00e4juustolle sitten k\u00e4y?<br>Kaikilla oli sanottavaa, mutta ei mit\u00e4\u00e4n, mit\u00e4 kukaan olisi halunnut kuulla.<\/p>\n\n\n\n<p>Voitte arvata, miksi h\u00e4nell\u00e4 on viel\u00e4 t\u00e4n\u00e4kin p\u00e4iv\u00e4n\u00e4 p\u00e4lvikalju.<br>Oikeusmurha, suuri sellainen, menneisyydess\u00e4 ja nykyisyydess\u00e4.<br>Kaikilla oli sanottavaa, mutta ei mit\u00e4\u00e4n, mit\u00e4 kukaan olisi halunnut kuulla.<br>Linjasto liikkuu ja hyllyv\u00e4nhauras vaaleanpunainen lihatorni n\u00f6k\u00f6tt\u00e4\u00e4 kaukalossaan rasvassaan uiden.<\/p>\n\n\n\n<p>Oikeusmurha, suuri sellainen, menneisyydess\u00e4 ja nykyisyydess\u00e4.<br>Siin\u00e4 on jotain samaa kuin aamukasteen kostuttamassa portissa, jotain samaa kuin vasta kaivetussa kukkapenkiss\u00e4.<br>Linjasto liikkuu ja hyllyv\u00e4nhauras vaaleanpunainen lihatorni n\u00f6k\u00f6tt\u00e4\u00e4 kaukalossaan rasvassaan uiden.<br>Samaan aikaan kaikissa sinuun liittyviss\u00e4 muistoissa on pakosta esanssinen, halpa, teenn\u00e4inen maku.<\/p>\n\n\n\n<p>Siin\u00e4 on jotain samaa kuin aamukasteen kostuttamassa portissa, jotain samaa kuin vasta kaivetussa kukkapenkiss\u00e4.<br>Sen sijaan ryhm\u00e4st\u00e4 tekee hy\u00f6dyllisen ja tarpeellisen se, ett\u00e4 se pystyy johonkin parempaan kuin yksik\u00e4\u00e4n sen j\u00e4senist\u00e4 yksin.<br>Samaan aikaan kaikissa sinuun liittyviss\u00e4 muistoissa on pakosta esanssinen, halpa, teenn\u00e4inen maku.<br>Yleens\u00e4 t\u00e4m\u00e4 tapahtuu itselleni silloin, kun jokin asia j\u00e4\u00e4 vaivaamaan.<\/p>\n\n\n\n<p>Sen sijaan ryhm\u00e4st\u00e4 tekee hy\u00f6dyllisen ja tarpeellisen se, ett\u00e4 se pystyy johonkin parempaan kuin yksik\u00e4\u00e4n sen j\u00e4senist\u00e4 yksin.<br>Vaikka rukoilivat avaamaan, min\u00e4 olin nyt vessassa.<br>Yleens\u00e4 t\u00e4m\u00e4 tapahtuu itselleni silloin, kun jokin asia j\u00e4\u00e4 vaivaamaan.<br>Haluaisin h\u00e4net takaisin t\u00e4h\u00e4n vuoteen, t\u00e4h\u00e4n hetkeen.<\/p>\n\n\n\n<div style=\"height:60px\" aria-hidden=\"true\" class=\"wp-block-spacer\"><\/div>\n\n\n\n<p class=\"has-text-align-right\"><strong>&#8211; Sanapaja<\/strong><\/p>\n","protected":false},"excerpt":{"rendered":"<p>Haluaisin h\u00e4net takaisin t\u00e4h\u00e4n vuoteen, t\u00e4h\u00e4n hetkeen.Se vie aikoihin, kun tupakan haju piti \u201dpiilottaa\u201d Victoria\u2019s Secretin body mistill\u00e4 ja pest\u00e4 k\u00e4det saippualla ainakin kolme kertaa.Vaikka rukoilivat avaamaan, min\u00e4 olin nyt <a href=\"https:\/\/corpusry.fi\/index.php\/11-luukku-6\/\" class=\"more-link\">[&hellip;]<\/a><\/p>\n","protected":false},"author":29,"featured_media":0,"parent":0,"menu_order":0,"comment_status":"closed","ping_status":"closed","template":"","meta":{"Layout":"","footnotes":""},"class_list":["entry","author-jrmmakin","post-2980","page","type-page","status-publish"],"_links":{"self":[{"href":"https:\/\/corpusry.fi\/index.php\/wp-json\/wp\/v2\/pages\/2980","targetHints":{"allow":["GET"]}}],"collection":[{"href":"https:\/\/corpusry.fi\/index.php\/wp-json\/wp\/v2\/pages"}],"about":[{"href":"https:\/\/corpusry.fi\/index.php\/wp-json\/wp\/v2\/types\/page"}],"author":[{"embeddable":true,"href":"https:\/\/corpusry.fi\/index.php\/wp-json\/wp\/v2\/users\/29"}],"replies":[{"embeddable":true,"href":"https:\/\/corpusry.fi\/index.php\/wp-json\/wp\/v2\/comments?post=2980"}],"version-history":[{"count":1,"href":"https:\/\/corpusry.fi\/index.php\/wp-json\/wp\/v2\/pages\/2980\/revisions"}],"predecessor-version":[{"id":2981,"href":"https:\/\/corpusry.fi\/index.php\/wp-json\/wp\/v2\/pages\/2980\/revisions\/2981"}],"wp:attachment":[{"href":"https:\/\/corpusry.fi\/index.php\/wp-json\/wp\/v2\/media?parent=2980"}],"curies":[{"name":"wp","href":"https:\/\/api.w.org\/{rel}","templated":true}]}}