{"id":2996,"date":"2025-12-15T10:51:13","date_gmt":"2025-12-15T08:51:13","guid":{"rendered":"https:\/\/corpusry.fi\/?page_id=2996"},"modified":"2025-12-15T10:51:13","modified_gmt":"2025-12-15T08:51:13","slug":"15-luukku-6","status":"publish","type":"page","link":"https:\/\/corpusry.fi\/index.php\/15-luukku-6\/","title":{"rendered":"15. Luukku"},"content":{"rendered":"\n<p>t\u00e4n\u00e4 vuonna panostimme arvosteluissa laadun sijasta m\u00e4\u00e4r\u00e4\u00e4n.<\/p>\n\n\n\n<figure class=\"wp-block-image size-large\"><img loading=\"lazy\" decoding=\"async\" width=\"819\" height=\"1024\" src=\"https:\/\/corpusry.fi\/wp-content\/uploads\/2025\/12\/1-819x1024.jpeg\" alt=\"\" class=\"wp-image-2997\" srcset=\"https:\/\/corpusry.fi\/wp-content\/uploads\/2025\/12\/1-819x1024.jpeg 819w, https:\/\/corpusry.fi\/wp-content\/uploads\/2025\/12\/1-240x300.jpeg 240w, https:\/\/corpusry.fi\/wp-content\/uploads\/2025\/12\/1-768x960.jpeg 768w, https:\/\/corpusry.fi\/wp-content\/uploads\/2025\/12\/1-400x500.jpeg 400w, https:\/\/corpusry.fi\/wp-content\/uploads\/2025\/12\/1.jpeg 1080w\" sizes=\"auto, (max-width: 819px) 100vw, 819px\" \/><\/figure>\n\n\n\n<figure class=\"wp-block-image size-large\"><img loading=\"lazy\" decoding=\"async\" width=\"819\" height=\"1024\" src=\"https:\/\/corpusry.fi\/wp-content\/uploads\/2025\/12\/2-819x1024.jpeg\" alt=\"\" class=\"wp-image-2998\" srcset=\"https:\/\/corpusry.fi\/wp-content\/uploads\/2025\/12\/2-819x1024.jpeg 819w, https:\/\/corpusry.fi\/wp-content\/uploads\/2025\/12\/2-240x300.jpeg 240w, https:\/\/corpusry.fi\/wp-content\/uploads\/2025\/12\/2-768x960.jpeg 768w, https:\/\/corpusry.fi\/wp-content\/uploads\/2025\/12\/2-400x500.jpeg 400w, https:\/\/corpusry.fi\/wp-content\/uploads\/2025\/12\/2.jpeg 1080w\" sizes=\"auto, (max-width: 819px) 100vw, 819px\" \/><\/figure>\n\n\n\n<figure class=\"wp-block-image size-large\"><img loading=\"lazy\" decoding=\"async\" width=\"819\" height=\"1024\" src=\"https:\/\/corpusry.fi\/wp-content\/uploads\/2025\/12\/3-819x1024.jpeg\" alt=\"\" class=\"wp-image-2999\" srcset=\"https:\/\/corpusry.fi\/wp-content\/uploads\/2025\/12\/3-819x1024.jpeg 819w, https:\/\/corpusry.fi\/wp-content\/uploads\/2025\/12\/3-240x300.jpeg 240w, https:\/\/corpusry.fi\/wp-content\/uploads\/2025\/12\/3-768x960.jpeg 768w, https:\/\/corpusry.fi\/wp-content\/uploads\/2025\/12\/3-400x500.jpeg 400w, https:\/\/corpusry.fi\/wp-content\/uploads\/2025\/12\/3.jpeg 1080w\" sizes=\"auto, (max-width: 819px) 100vw, 819px\" \/><\/figure>\n\n\n\n<figure class=\"wp-block-image size-large\"><img loading=\"lazy\" decoding=\"async\" width=\"1080\" height=\"1350\" src=\"https:\/\/corpusry.fi\/wp-content\/uploads\/2025\/12\/4-819x1024.jpeg\" alt=\"\" class=\"wp-image-3000\" srcset=\"https:\/\/corpusry.fi\/wp-content\/uploads\/2025\/12\/4-819x1024.jpeg 819w, https:\/\/corpusry.fi\/wp-content\/uploads\/2025\/12\/4-240x300.jpeg 240w, https:\/\/corpusry.fi\/wp-content\/uploads\/2025\/12\/4-768x960.jpeg 768w, https:\/\/corpusry.fi\/wp-content\/uploads\/2025\/12\/4-400x500.jpeg 400w, https:\/\/corpusry.fi\/wp-content\/uploads\/2025\/12\/4.jpeg 1080w\" sizes=\"auto, (max-width: 1080px) 100vw, 1080px\" \/><\/figure>\n\n\n\n<figure class=\"wp-block-image size-large\"><img loading=\"lazy\" decoding=\"async\" width=\"819\" height=\"1024\" src=\"https:\/\/corpusry.fi\/wp-content\/uploads\/2025\/12\/5-819x1024.jpeg\" alt=\"\" class=\"wp-image-3001\" srcset=\"https:\/\/corpusry.fi\/wp-content\/uploads\/2025\/12\/5-819x1024.jpeg 819w, https:\/\/corpusry.fi\/wp-content\/uploads\/2025\/12\/5-240x300.jpeg 240w, https:\/\/corpusry.fi\/wp-content\/uploads\/2025\/12\/5-768x960.jpeg 768w, https:\/\/corpusry.fi\/wp-content\/uploads\/2025\/12\/5-400x500.jpeg 400w, https:\/\/corpusry.fi\/wp-content\/uploads\/2025\/12\/5.jpeg 1080w\" sizes=\"auto, (max-width: 819px) 100vw, 819px\" \/><\/figure>\n\n\n\n<figure class=\"wp-block-image size-large\"><img loading=\"lazy\" decoding=\"async\" width=\"819\" height=\"1024\" src=\"https:\/\/corpusry.fi\/wp-content\/uploads\/2025\/12\/6-819x1024.jpeg\" alt=\"\" class=\"wp-image-3002\" srcset=\"https:\/\/corpusry.fi\/wp-content\/uploads\/2025\/12\/6-819x1024.jpeg 819w, https:\/\/corpusry.fi\/wp-content\/uploads\/2025\/12\/6-240x300.jpeg 240w, https:\/\/corpusry.fi\/wp-content\/uploads\/2025\/12\/6-768x960.jpeg 768w, https:\/\/corpusry.fi\/wp-content\/uploads\/2025\/12\/6-400x500.jpeg 400w, https:\/\/corpusry.fi\/wp-content\/uploads\/2025\/12\/6.jpeg 1080w\" sizes=\"auto, (max-width: 819px) 100vw, 819px\" \/><\/figure>\n\n\n\n<figure class=\"wp-block-image size-large\"><img loading=\"lazy\" decoding=\"async\" width=\"819\" height=\"1024\" src=\"https:\/\/corpusry.fi\/wp-content\/uploads\/2025\/12\/7-819x1024.jpeg\" alt=\"\" class=\"wp-image-3003\" srcset=\"https:\/\/corpusry.fi\/wp-content\/uploads\/2025\/12\/7-819x1024.jpeg 819w, https:\/\/corpusry.fi\/wp-content\/uploads\/2025\/12\/7-240x300.jpeg 240w, https:\/\/corpusry.fi\/wp-content\/uploads\/2025\/12\/7-768x960.jpeg 768w, https:\/\/corpusry.fi\/wp-content\/uploads\/2025\/12\/7-400x500.jpeg 400w, https:\/\/corpusry.fi\/wp-content\/uploads\/2025\/12\/7.jpeg 1080w\" sizes=\"auto, (max-width: 819px) 100vw, 819px\" \/><\/figure>\n\n\n\n<figure class=\"wp-block-image size-large\"><img loading=\"lazy\" decoding=\"async\" width=\"819\" height=\"1024\" src=\"https:\/\/corpusry.fi\/wp-content\/uploads\/2025\/12\/8-819x1024.jpeg\" alt=\"\" class=\"wp-image-3004\" srcset=\"https:\/\/corpusry.fi\/wp-content\/uploads\/2025\/12\/8-819x1024.jpeg 819w, https:\/\/corpusry.fi\/wp-content\/uploads\/2025\/12\/8-240x300.jpeg 240w, https:\/\/corpusry.fi\/wp-content\/uploads\/2025\/12\/8-768x960.jpeg 768w, https:\/\/corpusry.fi\/wp-content\/uploads\/2025\/12\/8-400x500.jpeg 400w, https:\/\/corpusry.fi\/wp-content\/uploads\/2025\/12\/8.jpeg 1080w\" sizes=\"auto, (max-width: 819px) 100vw, 819px\" \/><\/figure>\n\n\n\n<figure class=\"wp-block-image size-large\"><img loading=\"lazy\" decoding=\"async\" width=\"819\" height=\"1024\" src=\"https:\/\/corpusry.fi\/wp-content\/uploads\/2025\/12\/9-819x1024.jpeg\" alt=\"\" class=\"wp-image-3005\" srcset=\"https:\/\/corpusry.fi\/wp-content\/uploads\/2025\/12\/9-819x1024.jpeg 819w, https:\/\/corpusry.fi\/wp-content\/uploads\/2025\/12\/9-240x300.jpeg 240w, https:\/\/corpusry.fi\/wp-content\/uploads\/2025\/12\/9-768x960.jpeg 768w, https:\/\/corpusry.fi\/wp-content\/uploads\/2025\/12\/9-400x500.jpeg 400w, https:\/\/corpusry.fi\/wp-content\/uploads\/2025\/12\/9.jpeg 1080w\" sizes=\"auto, (max-width: 819px) 100vw, 819px\" \/><\/figure>\n\n\n\n<figure class=\"wp-block-image size-large\"><img loading=\"lazy\" decoding=\"async\" width=\"819\" height=\"1024\" src=\"https:\/\/corpusry.fi\/wp-content\/uploads\/2025\/12\/10-819x1024.jpeg\" alt=\"\" class=\"wp-image-3006\" srcset=\"https:\/\/corpusry.fi\/wp-content\/uploads\/2025\/12\/10-819x1024.jpeg 819w, https:\/\/corpusry.fi\/wp-content\/uploads\/2025\/12\/10-240x300.jpeg 240w, https:\/\/corpusry.fi\/wp-content\/uploads\/2025\/12\/10-768x960.jpeg 768w, https:\/\/corpusry.fi\/wp-content\/uploads\/2025\/12\/10-400x500.jpeg 400w, https:\/\/corpusry.fi\/wp-content\/uploads\/2025\/12\/10.jpeg 1080w\" sizes=\"auto, (max-width: 819px) 100vw, 819px\" \/><\/figure>\n\n\n\n<figure class=\"wp-block-image size-large\"><img loading=\"lazy\" decoding=\"async\" width=\"819\" height=\"1024\" src=\"https:\/\/corpusry.fi\/wp-content\/uploads\/2025\/12\/11-819x1024.jpeg\" alt=\"\" class=\"wp-image-3007\" srcset=\"https:\/\/corpusry.fi\/wp-content\/uploads\/2025\/12\/11-819x1024.jpeg 819w, https:\/\/corpusry.fi\/wp-content\/uploads\/2025\/12\/11-240x300.jpeg 240w, https:\/\/corpusry.fi\/wp-content\/uploads\/2025\/12\/11-768x960.jpeg 768w, https:\/\/corpusry.fi\/wp-content\/uploads\/2025\/12\/11-400x500.jpeg 400w, https:\/\/corpusry.fi\/wp-content\/uploads\/2025\/12\/11.jpeg 1080w\" sizes=\"auto, (max-width: 819px) 100vw, 819px\" \/><\/figure>\n","protected":false},"excerpt":{"rendered":"<p>t\u00e4n\u00e4 vuonna panostimme arvosteluissa laadun sijasta m\u00e4\u00e4r\u00e4\u00e4n.<\/p>\n","protected":false},"author":29,"featured_media":0,"parent":0,"menu_order":0,"comment_status":"closed","ping_status":"closed","template":"","meta":{"Layout":"","footnotes":""},"class_list":["entry","author-jrmmakin","post-2996","page","type-page","status-publish"],"_links":{"self":[{"href":"https:\/\/corpusry.fi\/index.php\/wp-json\/wp\/v2\/pages\/2996","targetHints":{"allow":["GET"]}}],"collection":[{"href":"https:\/\/corpusry.fi\/index.php\/wp-json\/wp\/v2\/pages"}],"about":[{"href":"https:\/\/corpusry.fi\/index.php\/wp-json\/wp\/v2\/types\/page"}],"author":[{"embeddable":true,"href":"https:\/\/corpusry.fi\/index.php\/wp-json\/wp\/v2\/users\/29"}],"replies":[{"embeddable":true,"href":"https:\/\/corpusry.fi\/index.php\/wp-json\/wp\/v2\/comments?post=2996"}],"version-history":[{"count":1,"href":"https:\/\/corpusry.fi\/index.php\/wp-json\/wp\/v2\/pages\/2996\/revisions"}],"predecessor-version":[{"id":3008,"href":"https:\/\/corpusry.fi\/index.php\/wp-json\/wp\/v2\/pages\/2996\/revisions\/3008"}],"wp:attachment":[{"href":"https:\/\/corpusry.fi\/index.php\/wp-json\/wp\/v2\/media?parent=2996"}],"curies":[{"name":"wp","href":"https:\/\/api.w.org\/{rel}","templated":true}]}}