{"id":3015,"date":"2025-12-17T15:19:42","date_gmt":"2025-12-17T13:19:42","guid":{"rendered":"https:\/\/corpusry.fi\/?page_id=3015"},"modified":"2025-12-17T15:19:42","modified_gmt":"2025-12-17T13:19:42","slug":"17-luukku-6","status":"publish","type":"page","link":"https:\/\/corpusry.fi\/index.php\/17-luukku-6\/","title":{"rendered":"17. Luukku"},"content":{"rendered":"\n<p>T\u00e4ss\u00e4 avoin tapsatestamentti teille kaikille ihanille Corpuslaisille \u2764\ufe0f<br>Kiitos kaikista niist\u00e4 Shanghain valoista ja tyt\u00f6t tykk\u00e4\u00e4 -vedoista, jotka meille mahdollistitte.<br>Tapahtumien laadusta voi olla montaa mielt\u00e4, mutta ainut asia josta voimme olla varmoja oli se, ett\u00e4 ainakin tapsoilla oli aina erityisen hupaisaa.<br>Kaiken t\u00e4m\u00e4n bailaamisen j\u00e4lkeen halusimme muistaa teit\u00e4 joulutervehdyksell\u00e4.<br>Ohessa kuva: tapsat skenett\u00e4\u00e4.<\/p>\n\n\n\n<figure class=\"wp-block-image size-large\"><img loading=\"lazy\" decoding=\"async\" width=\"676\" height=\"1024\" src=\"https:\/\/corpusry.fi\/wp-content\/uploads\/2025\/12\/image-11-676x1024.png\" alt=\"\" class=\"wp-image-3016\" srcset=\"https:\/\/corpusry.fi\/wp-content\/uploads\/2025\/12\/image-11-676x1024.png 676w, https:\/\/corpusry.fi\/wp-content\/uploads\/2025\/12\/image-11-198x300.png 198w, https:\/\/corpusry.fi\/wp-content\/uploads\/2025\/12\/image-11-768x1164.png 768w, https:\/\/corpusry.fi\/wp-content\/uploads\/2025\/12\/image-11-330x500.png 330w, https:\/\/corpusry.fi\/wp-content\/uploads\/2025\/12\/image-11.png 934w\" sizes=\"auto, (max-width: 676px) 100vw, 676px\" \/><\/figure>\n","protected":false},"excerpt":{"rendered":"<p>T\u00e4ss\u00e4 avoin tapsatestamentti teille kaikille ihanille Corpuslaisille \u2764\ufe0fKiitos kaikista niist\u00e4 Shanghain valoista ja tyt\u00f6t tykk\u00e4\u00e4 -vedoista, jotka meille mahdollistitte.Tapahtumien laadusta voi olla montaa mielt\u00e4, mutta ainut asia josta voimme olla <a href=\"https:\/\/corpusry.fi\/index.php\/17-luukku-6\/\" class=\"more-link\">[&hellip;]<\/a><\/p>\n","protected":false},"author":29,"featured_media":0,"parent":0,"menu_order":0,"comment_status":"closed","ping_status":"closed","template":"","meta":{"Layout":"","footnotes":""},"class_list":["entry","author-jrmmakin","post-3015","page","type-page","status-publish"],"_links":{"self":[{"href":"https:\/\/corpusry.fi\/index.php\/wp-json\/wp\/v2\/pages\/3015","targetHints":{"allow":["GET"]}}],"collection":[{"href":"https:\/\/corpusry.fi\/index.php\/wp-json\/wp\/v2\/pages"}],"about":[{"href":"https:\/\/corpusry.fi\/index.php\/wp-json\/wp\/v2\/types\/page"}],"author":[{"embeddable":true,"href":"https:\/\/corpusry.fi\/index.php\/wp-json\/wp\/v2\/users\/29"}],"replies":[{"embeddable":true,"href":"https:\/\/corpusry.fi\/index.php\/wp-json\/wp\/v2\/comments?post=3015"}],"version-history":[{"count":1,"href":"https:\/\/corpusry.fi\/index.php\/wp-json\/wp\/v2\/pages\/3015\/revisions"}],"predecessor-version":[{"id":3017,"href":"https:\/\/corpusry.fi\/index.php\/wp-json\/wp\/v2\/pages\/3015\/revisions\/3017"}],"wp:attachment":[{"href":"https:\/\/corpusry.fi\/index.php\/wp-json\/wp\/v2\/media?parent=3015"}],"curies":[{"name":"wp","href":"https:\/\/api.w.org\/{rel}","templated":true}]}}