{"id":3042,"date":"2025-12-24T09:41:26","date_gmt":"2025-12-24T07:41:26","guid":{"rendered":"https:\/\/corpusry.fi\/?page_id=3042"},"modified":"2025-12-24T09:41:26","modified_gmt":"2025-12-24T07:41:26","slug":"24-luukku-6","status":"publish","type":"page","link":"https:\/\/corpusry.fi\/index.php\/24-luukku-6\/","title":{"rendered":"24. Luukku"},"content":{"rendered":"\n<p>JOULUAATTO !! Jeejeee<br>Hei ihan super j\u00e4tti hyv\u00e4\u00e4 joulua kaikille ja kiitos kun ootte seurannu t\u00e4m\u00e4n vuoden joulukalenteria \u2764\ufe0f Toivottavasti kalenteri toi edes pilkahduksen iloa t\u00e4h\u00e4n harmaaseen joulukuuhun \u2764\ufe0f\ud83c\udf84<br>Kiitos erityisesti kaikille luukkujen tehneille. Ootte ihania \ud83d\udc9c<\/p>\n\n\n\n<p>Viel\u00e4 kerran hyv\u00e4\u00e4 joulua ja mukavaa uutta vuotta \ud83c\udf89\ud83c\udf8a<\/p>\n\n\n\n<p>\u2764\ufe0f: Naagan p\u00e4\u00e4toimittajat ja p\u00e4\u00e4tontut Rosa ja Sara<\/p>\n\n\n\n<figure class=\"wp-block-image size-large\"><img loading=\"lazy\" decoding=\"async\" width=\"1024\" height=\"924\" src=\"https:\/\/corpusry.fi\/wp-content\/uploads\/2025\/12\/image-15-1024x924.png\" alt=\"\" class=\"wp-image-3043\" srcset=\"https:\/\/corpusry.fi\/wp-content\/uploads\/2025\/12\/image-15-1024x924.png 1024w, https:\/\/corpusry.fi\/wp-content\/uploads\/2025\/12\/image-15-300x271.png 300w, https:\/\/corpusry.fi\/wp-content\/uploads\/2025\/12\/image-15-768x693.png 768w, https:\/\/corpusry.fi\/wp-content\/uploads\/2025\/12\/image-15-1536x1386.png 1536w, https:\/\/corpusry.fi\/wp-content\/uploads\/2025\/12\/image-15-554x500.png 554w, https:\/\/corpusry.fi\/wp-content\/uploads\/2025\/12\/image-15.png 2048w\" sizes=\"auto, (max-width: 1024px) 100vw, 1024px\" \/><\/figure>\n","protected":false},"excerpt":{"rendered":"<p>JOULUAATTO !! JeejeeeHei ihan super j\u00e4tti hyv\u00e4\u00e4 joulua kaikille ja kiitos kun ootte seurannu t\u00e4m\u00e4n vuoden joulukalenteria \u2764\ufe0f Toivottavasti kalenteri toi edes pilkahduksen iloa t\u00e4h\u00e4n harmaaseen joulukuuhun \u2764\ufe0f\ud83c\udf84Kiitos erityisesti kaikille <a href=\"https:\/\/corpusry.fi\/index.php\/24-luukku-6\/\" class=\"more-link\">[&hellip;]<\/a><\/p>\n","protected":false},"author":29,"featured_media":0,"parent":0,"menu_order":0,"comment_status":"closed","ping_status":"closed","template":"","meta":{"Layout":"","footnotes":""},"class_list":["entry","author-jrmmakin","post-3042","page","type-page","status-publish"],"_links":{"self":[{"href":"https:\/\/corpusry.fi\/index.php\/wp-json\/wp\/v2\/pages\/3042","targetHints":{"allow":["GET"]}}],"collection":[{"href":"https:\/\/corpusry.fi\/index.php\/wp-json\/wp\/v2\/pages"}],"about":[{"href":"https:\/\/corpusry.fi\/index.php\/wp-json\/wp\/v2\/types\/page"}],"author":[{"embeddable":true,"href":"https:\/\/corpusry.fi\/index.php\/wp-json\/wp\/v2\/users\/29"}],"replies":[{"embeddable":true,"href":"https:\/\/corpusry.fi\/index.php\/wp-json\/wp\/v2\/comments?post=3042"}],"version-history":[{"count":1,"href":"https:\/\/corpusry.fi\/index.php\/wp-json\/wp\/v2\/pages\/3042\/revisions"}],"predecessor-version":[{"id":3044,"href":"https:\/\/corpusry.fi\/index.php\/wp-json\/wp\/v2\/pages\/3042\/revisions\/3044"}],"wp:attachment":[{"href":"https:\/\/corpusry.fi\/index.php\/wp-json\/wp\/v2\/media?parent=3042"}],"curies":[{"name":"wp","href":"https:\/\/api.w.org\/{rel}","templated":true}]}}