{"id":312,"date":"2016-02-01T14:44:00","date_gmt":"2016-02-01T12:44:00","guid":{"rendered":"https:\/\/corpusry.wordpress.com\/?page_id=312"},"modified":"2016-02-01T14:44:00","modified_gmt":"2016-02-01T12:44:00","slug":"alumnille","status":"publish","type":"page","link":"https:\/\/corpusry.fi\/index.php\/alumnille\/","title":{"rendered":"Alumnille"},"content":{"rendered":"<h3>Oletko alumnimme?\u00a0<\/h3>\n<p>J\u00e4senrekisterist\u00e4 huolta pit\u00e4v\u00e4 puheenjohtajamme on luultavasti tavoitellut sinua liittymislomakkeeseeseen kirjaamasi arvioidun valmistumisajan paikkeilla. Mik\u00e4li ilmoittamasi s\u00e4hk\u00f6postiosoite ei ole ollut en\u00e4\u00e4 k\u00e4yt\u00f6ss\u00e4 eik\u00e4 sinuun ole saatu yhteytt\u00e4, on sinut siirretty automaattisesti passiivirekisteriimme. Ilmoitathan t\u00e4ss\u00e4 tapauksessa uudet yhteystietosi puheenjohtajalle, mik\u00e4li haluat olla mukana Corpuksen toiminnassa (<a href=\"http:\/\/corpusry.blogspot.fi\/p\/hallitus.html\" target=\"_blank\">yhteystiedot t\u00e4\u00e4ll\u00e4<\/a>). Passiivirekisteriss\u00e4 olevia alumneja kutsumme esimerkiksi ty\u00f6el\u00e4m\u00e4p\u00e4iviin.<br \/><span><\/span><\/p>\n","protected":false},"excerpt":{"rendered":"<p>Oletko alumnimme?\u00a0 J\u00e4senrekisterist\u00e4 huolta pit\u00e4v\u00e4 puheenjohtajamme on luultavasti tavoitellut sinua liittymislomakkeeseeseen kirjaamasi arvioidun valmistumisajan paikkeilla. Mik\u00e4li ilmoittamasi s\u00e4hk\u00f6postiosoite ei ole ollut en\u00e4\u00e4 k\u00e4yt\u00f6ss\u00e4 eik\u00e4 sinuun ole saatu yhteytt\u00e4, on sinut <a href=\"https:\/\/corpusry.fi\/index.php\/alumnille\/\" class=\"more-link\">[&hellip;]<\/a><\/p>\n","protected":false},"author":3,"featured_media":0,"parent":0,"menu_order":0,"comment_status":"closed","ping_status":"closed","template":"","meta":{"Layout":"","footnotes":""},"class_list":["entry","author-maisa-virtanen","post-312","page","type-page","status-publish"],"_links":{"self":[{"href":"https:\/\/corpusry.fi\/index.php\/wp-json\/wp\/v2\/pages\/312","targetHints":{"allow":["GET"]}}],"collection":[{"href":"https:\/\/corpusry.fi\/index.php\/wp-json\/wp\/v2\/pages"}],"about":[{"href":"https:\/\/corpusry.fi\/index.php\/wp-json\/wp\/v2\/types\/page"}],"author":[{"embeddable":true,"href":"https:\/\/corpusry.fi\/index.php\/wp-json\/wp\/v2\/users\/3"}],"replies":[{"embeddable":true,"href":"https:\/\/corpusry.fi\/index.php\/wp-json\/wp\/v2\/comments?post=312"}],"version-history":[{"count":0,"href":"https:\/\/corpusry.fi\/index.php\/wp-json\/wp\/v2\/pages\/312\/revisions"}],"wp:attachment":[{"href":"https:\/\/corpusry.fi\/index.php\/wp-json\/wp\/v2\/media?parent=312"}],"curies":[{"name":"wp","href":"https:\/\/api.w.org\/{rel}","templated":true}]}}