{"id":33,"date":"2017-04-09T12:46:56","date_gmt":"2017-04-09T12:46:56","guid":{"rendered":"https:\/\/corpusry.wordpress.com\/?page_id=33"},"modified":"2024-11-29T10:51:43","modified_gmt":"2024-11-29T08:51:43","slug":"naaga","status":"publish","type":"page","link":"https:\/\/corpusry.fi\/index.php\/naaga\/","title":{"rendered":"Naaga"},"content":{"rendered":"\n<p class=\"has-text-align-left\">Naaga on Corpuksen ainej\u00e4rjest\u00f6lehti, jonne opiskelijat tuottavat sis\u00e4lt\u00f6\u00e4.<\/p>\n\n\n\n<p>Uusin Naaga (2024):<\/p>\n\n\n\n<figure class=\"wp-block-embed is-type-rich is-provider-issuu wp-block-embed-issuu\"><div class=\"wp-block-embed__wrapper\">\n<iframe title=\"Naaga2024\" src=\"https:\/\/e.issuu.com\/embed.html?u=naaga&#038;d=naaga2024\" style=\"border:none; width: 1025px; height: 786px;\" allow=\"clipboard-write,allow-top-navigation,allow-top-navigation-by-user-activation,allow-downloads,allow-scripts,allow-same-origin,allow-popups,allow-modals,allow-popups-to-escape-sandbox,allow-forms\"  allowfullscreen=\"true\"><\/iframe>\n<\/div><\/figure>\n\n\n\n<p>P\u00e4\u00e4toimittajat ja taitto: Lotta Pikkarainen &amp; Lotta Puurula<\/p>\n\n\n\n<p><\/p>\n\n\n\n<p><\/p>\n\n\n\n<p>Vanhempi Naaga (vuosikerta h\u00e4m\u00e4r\u00e4 joten sanotaan vaikka 2021-23):<\/p>\n\n\n\n<figure class=\"wp-block-embed is-type-rich is-provider-issuu wp-block-embed-issuu\"><div class=\"wp-block-embed__wrapper\">\n<iframe title=\"NAAGA\" src=\"https:\/\/e.issuu.com\/embed.html?u=naaga&#038;d=naaga6.0_2_\" style=\"border:none; width: 1025px; height: 786px;\" allow=\"clipboard-write,allow-top-navigation,allow-top-navigation-by-user-activation,allow-downloads,allow-scripts,allow-same-origin,allow-popups,allow-modals,allow-popups-to-escape-sandbox,allow-forms\"  allowfullscreen=\"true\"><\/iframe>\n<\/div><\/figure>\n\n\n\n<p>P\u00e4\u00e4toimittajat: Kalle ja Vale<\/p>\n\n\n\n<p>Kansi: Kaisa Par\u00e9n<\/p>\n\n\n\n<p>Logo: Rebe (suunnittelu ja tehtailu) ja Samppa (v\u00e4ritys)<\/p>\n\n\n\n<p>V\u00e4h\u00e4n vanhempi (2020) Naaga:<\/p>\n\n\n\n<figure class=\"wp-block-embed is-type-rich is-provider-issuu wp-block-embed-issuu\"><div class=\"wp-block-embed__wrapper\">\n<iframe title=\"Naaga 2020 \" src=\"https:\/\/e.issuu.com\/embed.html?u=naaga&#038;d=naaga_2020\" style=\"border:none; width: 1025px; height: 786px;\" allow=\"clipboard-write,allow-top-navigation,allow-top-navigation-by-user-activation,allow-downloads,allow-scripts,allow-same-origin,allow-popups,allow-modals,allow-popups-to-escape-sandbox,allow-forms\"  allowfullscreen=\"true\"><\/iframe>\n<\/div><\/figure>\n\n\n\n<p>P\u00e4\u00e4toimittajat: Sanni Hyllinen, Antti Huusko<\/p>\n\n\n\n<p>Taitto: Sanni Hyllinen, Antti Huusko<\/p>\n\n\n\n<p>Kannet ja toimituskunnan kuvat: Lotta Puurula<\/p>\n\n\n\n<p>Naaga-logo: Sanni Hyllinen &amp; Oona Vessman<\/p>\n\n\n\n<p>Corpus-logo: Sakari Kursula<\/p>\n\n\n\n<h2 class=\"wp-block-heading\">Aiemmat numerot:<\/h2>\n\n\n\n<p><a href=\"https:\/\/issuu.com\/naaga\/docs\/naaga2019\" target=\"_blank\" rel=\"noopener noreferrer\">Naaga 2019<\/a><\/p>\n\n\n\n<p><a href=\"https:\/\/issuu.com\/naaga\/docs\/naaga_2018\">Naaga 2018<\/a><\/p>\n\n\n\n<p><a href=\"https:\/\/issuu.com\/naaga\/docs\/naaga2017valmisnettiin\">Naaga 2017<\/a><\/p>\n\n\n\n<p><a href=\"https:\/\/issuu.com\/naaga\/docs\/naaga2016\" target=\"_blank\" rel=\"noopener noreferrer\">Naaga 2016<\/a><\/p>\n\n\n\n<p><a href=\"https:\/\/issuu.com\/naaga\/docs\/naaga2015\" target=\"_blank\" rel=\"noopener noreferrer\">Naaga 2015<\/a><\/p>\n\n\n\n<p><a href=\"https:\/\/issuu.com\/naaga\/docs\/naaga2014\" target=\"_blank\" rel=\"noopener noreferrer\">Naaga 2014<\/a><\/p>\n\n\n\n<p><a href=\"https:\/\/issuu.com\/joonaspuuppo\/docs\/naaga2013\" target=\"_blank\" rel=\"noopener noreferrer\">Naaga 2013<\/a><\/p>\n\n\n\n<p><a href=\"https:\/\/drive.google.com\/open?id=0B6ALtOUdOUwKbWxJU3ZLQTFOLXM\" target=\"_blank\" rel=\"noopener noreferrer\">Naaga 2008<\/a><\/p>\n\n\n\n<p><a href=\"https:\/\/drive.google.com\/open?id=0B6ALtOUdOUwKTVJocDJsLUVDakU\" target=\"_blank\" rel=\"noopener noreferrer\">Naaga 2007<\/a><\/p>\n\n\n\n<p><a href=\"https:\/\/drive.google.com\/open?id=0B6ALtOUdOUwKZ3JrMWIxaURVeE0\" target=\"_blank\" rel=\"noopener noreferrer\">Naaga 2006<\/a><\/p>\n\n\n\n<p><a href=\"https:\/\/drive.google.com\/open?id=0B6ALtOUdOUwKcUJqTmp0X2xaRms\" target=\"_blank\" rel=\"noopener noreferrer\">Naaga 2004<\/a><\/p>\n\n\n\n<p><a href=\"https:\/\/drive.google.com\/open?id=0B6ALtOUdOUwKOC10NWlEYldIUVk\" target=\"_blank\" rel=\"noopener noreferrer\">Naaga 2003<\/a><\/p>\n\n\n\n<p><a href=\"https:\/\/drive.google.com\/open?id=0B6ALtOUdOUwKWmgyNTBmbFR3OVk\" target=\"_blank\" rel=\"noopener noreferrer\">Naaga 2\/99<\/a><\/p>\n\n\n\n<p><a href=\"https:\/\/drive.google.com\/open?id=0B6ALtOUdOUwKdWVJY3VFQnVXRGs\" target=\"_blank\" rel=\"noopener noreferrer\">Naaga 1\/99<\/a><\/p>\n\n\n\n<p><a href=\"https:\/\/drive.google.com\/open?id=0B6ALtOUdOUwKQVhyZ3hDYlFhV3M\" target=\"_blank\" rel=\"noopener noreferrer\">Naaga 2\/98<\/a><\/p>\n\n\n\n<p><a href=\"https:\/\/drive.google.com\/open?id=0B6ALtOUdOUwKeGhtMXpQRXVaWmM\" target=\"_blank\" rel=\"noopener noreferrer\">Naaga 1\/98<\/a><\/p>\n\n\n\n<p><a href=\"https:\/\/drive.google.com\/open?id=0B6ALtOUdOUwKa1J6TmE5OTBuUkE\" target=\"_blank\" rel=\"noopener noreferrer\">Naaga 2\/97<\/a><\/p>\n\n\n\n<p><a href=\"https:\/\/drive.google.com\/open?id=0B6ALtOUdOUwKZjVoVWhNNTh5X0U\" target=\"_blank\" rel=\"noopener noreferrer\">Naaga 1\/97<\/a><\/p>\n\n\n\n<p><a href=\"https:\/\/drive.google.com\/open?id=0B6ALtOUdOUwKZDBYNXc0ajdIWFE\" target=\"_blank\" rel=\"noopener noreferrer\">Naaga -96<\/a><\/p>\n\n\n\n<p><a href=\"https:\/\/drive.google.com\/open?id=0B6ALtOUdOUwKeFBFMmxNZTl1RW8\" target=\"_blank\" rel=\"noopener noreferrer\">Naaga 2\/95<\/a><\/p>\n\n\n\n<p><a href=\"https:\/\/drive.google.com\/open?id=0B6ALtOUdOUwKMmk0WjRwckduRlE\" target=\"_blank\" rel=\"noopener noreferrer\">Naaga 1\/95<\/a><\/p>\n\n\n\n<p><a href=\"https:\/\/drive.google.com\/open?id=0B6ALtOUdOUwKUFg2RWpiUS1MZjA\" target=\"_blank\" rel=\"noopener noreferrer\">Naaga -94<\/a><\/p>\n\n\n\n<p><a href=\"https:\/\/drive.google.com\/open?id=0B6ALtOUdOUwKd1REUlVWZDAwVzg\" target=\"_blank\" rel=\"noopener noreferrer\">Liljoja kunnailla -91<\/a><\/p>\n\n\n\n<p><a href=\"https:\/\/drive.google.com\/open?id=0B6ALtOUdOUwKVE8tN1VhTjZERE0\" target=\"_blank\" rel=\"noopener noreferrer\">Liljoja kunnailla -90<\/a><\/p>\n\n\n\n<p><a href=\"https:\/\/drive.google.com\/open?id=0B6ALtOUdOUwKT1NkaVIzbFBMcDQ\" target=\"_blank\" rel=\"noopener noreferrer\">Liljoja kunnailla -87<\/a><\/p>\n\n\n\n<p><a href=\"https:\/\/drive.google.com\/open?id=0B6ALtOUdOUwKZWRIUHpOcXVZaWs\" target=\"_blank\" rel=\"noopener noreferrer\">Poetica 1980<\/a><\/p>\n\n\n\n<p><strong><a href=\"http:\/\/naagalehti.blogspot.fi\/\" target=\"_blank\" rel=\"noopener noreferrer\">Naagan vanhat<\/a><\/strong> sivut<\/p>\n\n\n\n<p><\/p>\n","protected":false},"excerpt":{"rendered":"<p>Naaga on Corpuksen ainej\u00e4rjest\u00f6lehti, jonne opiskelijat tuottavat sis\u00e4lt\u00f6\u00e4. Uusin Naaga (2024): P\u00e4\u00e4toimittajat ja taitto: Lotta Pikkarainen &amp; Lotta Puurula Vanhempi Naaga (vuosikerta h\u00e4m\u00e4r\u00e4 joten sanotaan vaikka 2021-23): P\u00e4\u00e4toimittajat: Kalle ja <a href=\"https:\/\/corpusry.fi\/index.php\/naaga\/\" class=\"more-link\">[&hellip;]<\/a><\/p>\n","protected":false},"author":3,"featured_media":0,"parent":0,"menu_order":0,"comment_status":"closed","ping_status":"closed","template":"","meta":{"Layout":"1c","footnotes":""},"class_list":["entry","author-maisa-virtanen","post-33","page","type-page","status-publish"],"_links":{"self":[{"href":"https:\/\/corpusry.fi\/index.php\/wp-json\/wp\/v2\/pages\/33","targetHints":{"allow":["GET"]}}],"collection":[{"href":"https:\/\/corpusry.fi\/index.php\/wp-json\/wp\/v2\/pages"}],"about":[{"href":"https:\/\/corpusry.fi\/index.php\/wp-json\/wp\/v2\/types\/page"}],"author":[{"embeddable":true,"href":"https:\/\/corpusry.fi\/index.php\/wp-json\/wp\/v2\/users\/3"}],"replies":[{"embeddable":true,"href":"https:\/\/corpusry.fi\/index.php\/wp-json\/wp\/v2\/comments?post=33"}],"version-history":[{"count":19,"href":"https:\/\/corpusry.fi\/index.php\/wp-json\/wp\/v2\/pages\/33\/revisions"}],"predecessor-version":[{"id":2668,"href":"https:\/\/corpusry.fi\/index.php\/wp-json\/wp\/v2\/pages\/33\/revisions\/2668"}],"wp:attachment":[{"href":"https:\/\/corpusry.fi\/index.php\/wp-json\/wp\/v2\/media?parent=33"}],"curies":[{"name":"wp","href":"https:\/\/api.w.org\/{rel}","templated":true}]}}