{"id":53,"date":"2017-04-09T13:07:14","date_gmt":"2017-04-09T10:07:14","guid":{"rendered":"https:\/\/corpusry.wordpress.com\/?page_id=53"},"modified":"2024-08-22T16:36:38","modified_gmt":"2024-08-22T13:36:38","slug":"jasenedut","status":"publish","type":"page","link":"https:\/\/corpusry.fi\/index.php\/jasenille\/jasenedut\/","title":{"rendered":"J\u00e4senedut ja yhteisty\u00f6"},"content":{"rendered":"<div data-message-text=\"Kortti sis\u00e4lt\u00e4\u00e4 my\u00f6s j\u00e4senetuja; Corpuksen j\u00e4senen\u00e4 esimerkiksi Jyv\u00e4skyl\u00e4n taidemuseoon p\u00e4\u00e4see Corpuksen kortilla veloituksetta p\u00e4iv\u00e4st\u00e4 ja kellonajasta riippumatta. Toisinaan kortti toimii my\u00f6s muualla museoissa vapaa p\u00e4\u00e4syn\u00e4, sill\u00e4 se on todennus opiskelualasta, eli rohkeasti voi kysy\u00e4 my\u00f6s muissakin museoissa. Lis\u00e4ksi Corpuksen j\u00e4senen\u00e4 olet oikeutettu A-korttiin (hinta 15\u20ac\/vuosi), jolla p\u00e4\u00e4set taideaineiden opiskelijana rajattomasti Ateneumiin, Kiasmaan ja Sinebrychoffin taidemuseoon.\">&nbsp;<\/div>\n<div data-message-text=\"Kortti sis\u00e4lt\u00e4\u00e4 my\u00f6s j\u00e4senetuja; Corpuksen j\u00e4senen\u00e4 esimerkiksi Jyv\u00e4skyl\u00e4n taidemuseoon p\u00e4\u00e4see Corpuksen kortilla veloituksetta p\u00e4iv\u00e4st\u00e4 ja kellonajasta riippumatta. Toisinaan kortti toimii my\u00f6s muualla museoissa vapaa p\u00e4\u00e4syn\u00e4, sill\u00e4 se on todennus opiskelualasta, eli rohkeasti voi kysy\u00e4 my\u00f6s muissakin museoissa. Lis\u00e4ksi Corpuksen j\u00e4senen\u00e4 olet oikeutettu A-korttiin (hinta 15\u20ac\/vuosi), jolla p\u00e4\u00e4set taideaineiden opiskelijana rajattomasti Ateneumiin, Kiasmaan ja Sinebrychoffin taidemuseoon.\">\n<p><span style=\"font-weight: 400;\">Corpus tekee tiivist\u00e4 yhteisty\u00f6t\u00e4 Musiikin, taiteen ja kulttuurin tutkimuksen laitoksen kanssa opiskelun kehitt\u00e4miseksi. Ainej\u00e4rjest\u00f6 esimerkiksi osallistuu Mutkun opetuksen kehitt\u00e4misen ty\u00f6ryhm\u00e4n (OKE) opiskelijaj\u00e4senten kokoamiseen ja auttaa laitoksen henkil\u00f6kuntaa yhteisten tilaisuuksien mainostamisessa.<\/span><\/p>\n<p>Teemme yhteisty\u00f6t\u00e4 my\u00f6s suomen kielen ainej\u00e4rjest\u00f6n Sane ry:n sek\u00e4 Mutkun muiden ainej\u00e4rjest\u00f6jen, Trioli ry:n (musiikkitiede) ja Pedaali ry:n (musiikkikasvatus) kanssa.<\/p>\n<p><span style=\"font-weight: 400;\">Toimimme yhdess\u00e4 muiden kulttuuritoimijoiden kanssa. Olemme esimerkiksi j\u00e4rjest\u00e4neet paikallisten museoiden kanssa erilaisia tapahtumia. Corpus on my\u00f6s pit\u00e4nyt Jyv\u00e4skyl\u00e4n taidemuseo Holvin sek\u00e4 Suomen k\u00e4sity\u00f6n museon tapahtumien yhteydess\u00e4 Kahvila Kultavatkainta.<\/span><\/p>\n<p><span style=\"font-weight: 400;\">Lis\u00e4ksi teemme yhteisty\u00f6t\u00e4 Taide- ja kulttuurialan ammattij\u00e4rjest\u00f6 TAKU:n kanssa ja Museoalan ammattiliitto MAL:n kanssa.<\/span><\/p>\n<\/div>\n\n\n<p><\/p>\n\n\n\n<p>Liitytty\u00e4si Corpukseen saat j\u00e4senkortin, jota n\u00e4ytt\u00e4m\u00e4ll\u00e4 saat seuraavat j\u00e4senedut: &nbsp; &nbsp; <\/p>\n\n\n\n<p><strong>TAIDEMUSEOT<\/strong><\/p>\n\n\n\n<p>Jyv\u00e4skyl\u00e4n taidemuseoon p\u00e4\u00e4see Corpuksen kortilla veloituksetta p\u00e4iv\u00e4st\u00e4 ja kellonajasta riippumatta.<\/p>\n\n\n\n<p>Toisinaan kortti toimii my\u00f6s muualla museoissa vapaa p\u00e4\u00e4syn\u00e4, sill\u00e4 se on todennus opiskelualasta, eli rohkeasti voi kysy\u00e4 my\u00f6s muissakin museoissa.<\/p>\n\n\n\n<p>Lis\u00e4ksi Corpuksen j\u00e4senen\u00e4 olet oikeutettu A-korttiin (hinta 30\u20ac\/vuosi), jolla p\u00e4\u00e4set taidehistorian ja -kasvatuksen opiskelijana rajattomasti Ateneumiin, Kiasmaan ja Sinebrychoffin taidemuseoon<\/p>\n\n\n\n<p><strong>HEIDI\u2019S BIER BAR<\/strong><\/p>\n\n\n\n<p>Ilmainen sis\u00e4\u00e4np\u00e4\u00e4sy klo 24 saakka (psl. erikoisillat)<\/p>\n\n\n\n<p>Kuukaudessa 6kpl 4\u20ac arvoisia voucher*-kuponkeja (kuponki sis. koff 0,5L, Kelkka, Valkoven\u00e4l\u00e4inen tai kossu+mixer, 3kpl saa k\u00e4ytt\u00e4\u00e4 per ilta)&nbsp;<\/p>\n\n\n\n<p>Oluttorni -50%<\/p>\n\n\n\n<p><strong>TEERENPELI<\/strong><\/p>\n\n\n<p>Teerenpelin panimon hanat -15%<\/p>\n<p>Viini pv tai vv 12cl 4\u20ac ja pullo 23\u20ac<\/p>\n<p>Mustikka ja Puolukka Snapsi 4 cl 3\u20ac<\/p>\n<p>Drinkit MustikkaMuuli ja Pulina 5\u20ac<\/p>\n<p>Kahvi tai tee 1\u20ac<\/p>\n<p>Pieni limu 1\u20ac<\/p>\n<p>Sulamij\u00e4ttitoast 6\u20ac<\/p>\n<p><!-- \/wp:post-content --><\/p>\n<p><!-- wp:paragraph --><\/p>\n<p><strong>LAAJIS &#8211; URBAN OUTDOORS<\/strong><\/p>\n<p><!-- \/wp:paragraph --><\/p>\n<p><!-- wp:paragraph --><\/p>\n<p>Arkip\u00e4ivisin 3h rinnelippu hintaan 15\u20ac\/hl\u00f6<\/p>\n<p><!-- \/wp:paragraph --><\/p>\n<p><!-- wp:paragraph --><\/p>\n<p>Arkip\u00e4ivisin 3h v\u00e4linevuokraus hintaan 15\u20ac\/hl\u00f6<\/p>\n<p><!-- \/wp:paragraph --><\/p>\n<p><!-- wp:paragraph --><\/p>\n<p><strong>SAAREN TAIKA<\/strong><\/p>\n<p><!-- \/wp:paragraph --><\/p>\n<p><!-- wp:paragraph --><\/p>\n<p>Corpuslaisille 20% alekoodi vuoden 2024 loppuun asti verkkokaupassa. Alekoodin saa ottamalla yhteytt\u00e4 s\u00e4hk\u00f6postiin posoemal@student.jyu.fi<\/p>\n<p><!-- \/wp:paragraph --><\/p>","protected":false},"excerpt":{"rendered":"<p>&nbsp; Corpus tekee tiivist\u00e4 yhteisty\u00f6t\u00e4 Musiikin, taiteen ja kulttuurin tutkimuksen laitoksen kanssa opiskelun kehitt\u00e4miseksi. Ainej\u00e4rjest\u00f6 esimerkiksi osallistuu Mutkun opetuksen kehitt\u00e4misen ty\u00f6ryhm\u00e4n (OKE) opiskelijaj\u00e4senten kokoamiseen ja auttaa laitoksen henkil\u00f6kuntaa yhteisten tilaisuuksien <a href=\"https:\/\/corpusry.fi\/index.php\/jasenille\/jasenedut\/\" class=\"more-link\">[&hellip;]<\/a><\/p>\n","protected":false},"author":3,"featured_media":0,"parent":1540,"menu_order":0,"comment_status":"closed","ping_status":"closed","template":"","meta":{"Layout":"","footnotes":""},"class_list":["entry","author-maisa-virtanen","post-53","page","type-page","status-publish"],"_links":{"self":[{"href":"https:\/\/corpusry.fi\/index.php\/wp-json\/wp\/v2\/pages\/53","targetHints":{"allow":["GET"]}}],"collection":[{"href":"https:\/\/corpusry.fi\/index.php\/wp-json\/wp\/v2\/pages"}],"about":[{"href":"https:\/\/corpusry.fi\/index.php\/wp-json\/wp\/v2\/types\/page"}],"author":[{"embeddable":true,"href":"https:\/\/corpusry.fi\/index.php\/wp-json\/wp\/v2\/users\/3"}],"replies":[{"embeddable":true,"href":"https:\/\/corpusry.fi\/index.php\/wp-json\/wp\/v2\/comments?post=53"}],"version-history":[{"count":11,"href":"https:\/\/corpusry.fi\/index.php\/wp-json\/wp\/v2\/pages\/53\/revisions"}],"predecessor-version":[{"id":2536,"href":"https:\/\/corpusry.fi\/index.php\/wp-json\/wp\/v2\/pages\/53\/revisions\/2536"}],"up":[{"embeddable":true,"href":"https:\/\/corpusry.fi\/index.php\/wp-json\/wp\/v2\/pages\/1540"}],"wp:attachment":[{"href":"https:\/\/corpusry.fi\/index.php\/wp-json\/wp\/v2\/media?parent=53"}],"curies":[{"name":"wp","href":"https:\/\/api.w.org\/{rel}","templated":true}]}}