{"id":587,"date":"2017-12-01T12:46:57","date_gmt":"2017-12-01T10:46:57","guid":{"rendered":"https:\/\/corpusry.wordpress.com\/?page_id=587"},"modified":"2017-12-01T12:46:57","modified_gmt":"2017-12-01T10:46:57","slug":"1-luukku","status":"publish","type":"page","link":"https:\/\/corpusry.fi\/index.php\/naaga\/joulukalenteri\/1-luukku\/","title":{"rendered":"1. luukku"},"content":{"rendered":"<p style=\"text-align:center;\">Teksti &amp; askartelu: Niina Kovanen<\/p>\n<p style=\"text-align:center;\"><img loading=\"lazy\" decoding=\"async\" class=\" size-full wp-image-588 aligncenter\" src=\"http:\/\/corpusry.fi\/wp-content\/uploads\/2017\/12\/1-luukku.jpg\" alt=\"dav\" width=\"4160\" height=\"3120\" srcset=\"https:\/\/corpusry.fi\/wp-content\/uploads\/2017\/12\/1-luukku.jpg 4160w, https:\/\/corpusry.fi\/wp-content\/uploads\/2017\/12\/1-luukku-300x225.jpg 300w, https:\/\/corpusry.fi\/wp-content\/uploads\/2017\/12\/1-luukku-768x576.jpg 768w, https:\/\/corpusry.fi\/wp-content\/uploads\/2017\/12\/1-luukku-1024x768.jpg 1024w\" sizes=\"auto, (max-width: 4160px) 100vw, 4160px\" \/><\/p>\n<p style=\"text-align:center;\"><em>Mist\u00e4 tiet\u00e4\u00e4 joulunodotuksen alkavan?\u00a0<\/em><\/p>\n<p style=\"text-align:center;\"><em>Siit\u00e4, ett\u00e4 on aika avata joulukalenterin ensimm\u00e4inen luukku.<\/em><\/p>\n<p style=\"text-align:center;\">Tervetuloa jakamaan joulunodotus Naagan monitaiteisen joulukalenterin parissa!<\/p>\n","protected":false},"excerpt":{"rendered":"<p>Teksti &amp; askartelu: Niina Kovanen Mist\u00e4 tiet\u00e4\u00e4 joulunodotuksen alkavan?\u00a0 Siit\u00e4, ett\u00e4 on aika avata joulukalenterin ensimm\u00e4inen luukku. Tervetuloa jakamaan joulunodotus Naagan monitaiteisen joulukalenterin parissa!<\/p>\n","protected":false},"author":7,"featured_media":0,"parent":577,"menu_order":0,"comment_status":"closed","ping_status":"closed","template":"","meta":{"Layout":"","footnotes":""},"class_list":["entry","author-niemkova","post-587","page","type-page","status-publish"],"_links":{"self":[{"href":"https:\/\/corpusry.fi\/index.php\/wp-json\/wp\/v2\/pages\/587","targetHints":{"allow":["GET"]}}],"collection":[{"href":"https:\/\/corpusry.fi\/index.php\/wp-json\/wp\/v2\/pages"}],"about":[{"href":"https:\/\/corpusry.fi\/index.php\/wp-json\/wp\/v2\/types\/page"}],"author":[{"embeddable":true,"href":"https:\/\/corpusry.fi\/index.php\/wp-json\/wp\/v2\/users\/7"}],"replies":[{"embeddable":true,"href":"https:\/\/corpusry.fi\/index.php\/wp-json\/wp\/v2\/comments?post=587"}],"version-history":[{"count":0,"href":"https:\/\/corpusry.fi\/index.php\/wp-json\/wp\/v2\/pages\/587\/revisions"}],"up":[{"embeddable":true,"href":"https:\/\/corpusry.fi\/index.php\/wp-json\/wp\/v2\/pages\/577"}],"wp:attachment":[{"href":"https:\/\/corpusry.fi\/index.php\/wp-json\/wp\/v2\/media?parent=587"}],"curies":[{"name":"wp","href":"https:\/\/api.w.org\/{rel}","templated":true}]}}