{"id":604,"date":"2017-12-02T12:07:11","date_gmt":"2017-12-02T10:07:11","guid":{"rendered":"https:\/\/corpusry.wordpress.com\/?page_id=604"},"modified":"2017-12-02T12:07:11","modified_gmt":"2017-12-02T10:07:11","slug":"2-luukku","status":"publish","type":"page","link":"https:\/\/corpusry.fi\/index.php\/naaga\/joulukalenteri\/2-luukku\/","title":{"rendered":"2. luukku"},"content":{"rendered":"<p><img loading=\"lazy\" decoding=\"async\" class=\"alignnone size-full wp-image-605\" src=\"http:\/\/corpusry.fi\/wp-content\/uploads\/2017\/12\/2-luukku.jpg\" alt=\"2. luukku\" width=\"3224\" height=\"2554\" srcset=\"https:\/\/corpusry.fi\/wp-content\/uploads\/2017\/12\/2-luukku.jpg 3224w, https:\/\/corpusry.fi\/wp-content\/uploads\/2017\/12\/2-luukku-300x238.jpg 300w, https:\/\/corpusry.fi\/wp-content\/uploads\/2017\/12\/2-luukku-768x608.jpg 768w, https:\/\/corpusry.fi\/wp-content\/uploads\/2017\/12\/2-luukku-1024x811.jpg 1024w\" sizes=\"auto, (max-width: 3224px) 100vw, 3224px\" \/><\/p>\n<h2><em>Piparinen suklaafudge<\/em><\/h2>\n<p style=\"text-align:justify;\">T\u00e4m\u00e4 fudge sopii erinomaisesti jokaiselle, joka on aina pit\u00e4nyt raa\u2019an piparitaikinan sy\u00f6misest\u00e4, sill\u00e4 valmis piparifudge muistuttaa maultaan piparitaikinaa. T\u00e4st\u00e4 ei kuitenkaan pit\u00e4isi tulla vatsa kipe\u00e4ksi! Sen valmistaminen on todella yksinkertaista, ja ainesosiensa puolesta resepti on oivallinen my\u00f6s gluteenitonta ja vegaanista ruokavaliota noudattaville joulunodottelijoille. Piparifudge on my\u00f6s hyv\u00e4 lahjaidea herkkusuille!<\/p>\n<h3>Tarvittavat raaka-aineet:<\/h3>\n<ul>\n<li>0,5 dl kookos\u00f6ljy\u00e4 sulatettuna<\/li>\n<li>20 tuoretta taatelia<\/li>\n<li>1 rkl kookosmaidon kiinte\u00e4\u00e4 osaa (tai kookosmannaa)<\/li>\n<li>2\u20133 tl piparkakkumaustetta<\/li>\n<li>2 rkl tummaa kaakaojauhetta<\/li>\n<\/ul>\n<h3>Valmistusohjeet:<\/h3>\n<ol>\n<li>Poista kivet taateleista ja sulata kookos\u00f6ljy vesihauteessa. Sekoita piparkakkumauste ja kaakaojauhe kesken\u00e4\u00e4n.<\/li>\n<li>Sekoita kaikki aineet tehosekoittimessa tai sauvasekoittimella tasaiseksi massaksi. Massasta tulee melko j\u00e4ykk\u00e4\u00e4.<\/li>\n<li>Kaada massa leivinpaperilla vuorattuun pieneen rasiaan ja levit\u00e4 tasaiseksi. Sopiva koko rasialle on n. 12cm x 12cm.<\/li>\n<li>Siirr\u00e4 fudge j\u00e4hmettym\u00e4\u00e4n kylm\u00e4\u00e4n pariksi tunniksi.<\/li>\n<li>Leikkaa j\u00e4hmettynyt fudge sopivankokoisiksi suupalasiksi. Itse leikkasin levyn 16 palaksi. Tarjoillaan viile\u00e4n\u00e4!<\/li>\n<\/ol>\n<p>Ohje on varioitu Nuts for wellness -blogin reseptist\u00e4, joka l\u00f6ytyy <a href=\"https:\/\/nutsforwellness.blogspot.fi\/2017\/11\/taydellinen-piparifudge-glv.html?m=1.\">t\u00e4\u00e4lt\u00e4<\/a>.<\/p>\n<p style=\"text-align:right;\"><em>Resepti &amp; kuva: Rosa Huupponen<\/em><\/p>\n<p><!--more--><\/p>\n","protected":false},"excerpt":{"rendered":"<p>Piparinen suklaafudge T\u00e4m\u00e4 fudge sopii erinomaisesti jokaiselle, joka on aina pit\u00e4nyt raa\u2019an piparitaikinan sy\u00f6misest\u00e4, sill\u00e4 valmis piparifudge muistuttaa maultaan piparitaikinaa. T\u00e4st\u00e4 ei kuitenkaan pit\u00e4isi tulla vatsa kipe\u00e4ksi! Sen valmistaminen on <a href=\"https:\/\/corpusry.fi\/index.php\/naaga\/joulukalenteri\/2-luukku\/\" class=\"more-link\">[&hellip;]<\/a><\/p>\n","protected":false},"author":7,"featured_media":0,"parent":577,"menu_order":0,"comment_status":"closed","ping_status":"closed","template":"","meta":{"Layout":"","footnotes":""},"class_list":["entry","author-niemkova","has-more-link","post-604","page","type-page","status-publish"],"_links":{"self":[{"href":"https:\/\/corpusry.fi\/index.php\/wp-json\/wp\/v2\/pages\/604","targetHints":{"allow":["GET"]}}],"collection":[{"href":"https:\/\/corpusry.fi\/index.php\/wp-json\/wp\/v2\/pages"}],"about":[{"href":"https:\/\/corpusry.fi\/index.php\/wp-json\/wp\/v2\/types\/page"}],"author":[{"embeddable":true,"href":"https:\/\/corpusry.fi\/index.php\/wp-json\/wp\/v2\/users\/7"}],"replies":[{"embeddable":true,"href":"https:\/\/corpusry.fi\/index.php\/wp-json\/wp\/v2\/comments?post=604"}],"version-history":[{"count":0,"href":"https:\/\/corpusry.fi\/index.php\/wp-json\/wp\/v2\/pages\/604\/revisions"}],"up":[{"embeddable":true,"href":"https:\/\/corpusry.fi\/index.php\/wp-json\/wp\/v2\/pages\/577"}],"wp:attachment":[{"href":"https:\/\/corpusry.fi\/index.php\/wp-json\/wp\/v2\/media?parent=604"}],"curies":[{"name":"wp","href":"https:\/\/api.w.org\/{rel}","templated":true}]}}