{"id":62,"date":"2017-04-09T13:15:35","date_gmt":"2017-04-09T13:15:35","guid":{"rendered":"https:\/\/corpusry.wordpress.com\/?page_id=62"},"modified":"2026-04-19T21:49:37","modified_gmt":"2026-04-19T18:49:37","slug":"hallitus-ja-vastaavat","status":"publish","type":"page","link":"https:\/\/corpusry.fi\/index.php\/hallinto\/hallitus-ja-vastaavat\/","title":{"rendered":"Hallitus ja vastaavat"},"content":{"rendered":"\n<div class=\"wp-block-columns is-layout-flex wp-container-core-columns-is-layout-9d6595d7 wp-block-columns-is-layout-flex\">\n<div class=\"wp-block-column is-layout-flow wp-block-column-is-layout-flow\" style=\"flex-basis:85%\">\n<h1><strong>Corpuksen hallitus 2026<\/strong><\/h1>\n<p>Ota yhteytt\u00e4 kaikkiin hallituksen j\u00e4seniin ja vastaaviin: corpus-hallitus(at)lists.jyu.fi<\/p>\n<p>Ota yhteytt\u00e4 tapahtumavastaaviin: tapsat(at)corpusry.fi<\/p>\n<p>Ota yhteytt\u00e4 Kahvila Kultavatkaimeen: kahvilakultavatkain(at)gmail.com<\/p>\n<p>Ota yhteytt\u00e4 ainej\u00e4rjest\u00f6lehti Naagaan: <span style=\"font-weight: 400;\">naagalehti(at)gmail.com<\/span><\/p>\n<p>Ota yhteytt\u00e4 sosiaali- ja koulutuspoliittisissa asioissa sopokopo@corpusry.fi<\/p>\n<p><strong>Sosiaalipoliittisilla<\/strong> asioilla tarkoitetaan kaikkea asumiseen, toimeentuloon, hyvinvointiin, esteett\u00f6myyteen ja yhdenvertaisuuteen liittyv\u00e4\u00e4, kuten ep\u00e4asiallista kohtelua, h\u00e4irint\u00e4\u00e4, kiusaamista, rasismia ja syrjint\u00e4\u00e4. <strong>Koulutuspoliittisilla<\/strong> asioilla tarkoitetaan muun muassa opiskelijan oikeuksiin tai oikeusturvaan liittyvi\u00e4 asioita. Corpuksen vastaava(t) voivat neuvoa tilanteissa, joissa opiskelijan oikeudet ovat uhattuina ja tarvittaessa ottaa opiskelijan puolesta yhteytt\u00e4 yliopiston henkil\u00f6kuntaan tai hallintoon.<\/p>\n<h2><strong><br \/>Hallituksen j\u00e4senet:<\/strong><\/h2>\n<p><strong>Nea Kentta<br \/><\/strong>puheenjohtaja\/ President<br \/><em>puheenjohtaja(at)corpusry.fi<\/em><\/p>\n<p><strong>Lidian Viherv\u00e4<br \/><\/strong>varapuheenjohtaja \/ Vice President<br \/><em>varapuheenjohtaja(at)corpusry.fi<\/em><\/p>\n<p><strong>Emmi Poso<br \/><\/strong>sihteeri \/ Secretary<strong><br \/><\/strong><em>sihteeri(at)corpusry.fi<\/em><\/p>\n<p><strong>Anna Lampela<br \/><\/strong>rahastonhoitaja\/ Treasurer<br \/><em>rahastonhoitaja(at)corpusry.fi<\/em><\/p>\n<p><strong>Eveliina Ehrling<\/strong><\/p>\n<p>Yritys- ja yhteisty\u00f6vastaava \/ Business Representative<br \/>yritysvastaava@corpusry.fi<\/p>\n<p><strong>Jenni Pohjola<\/strong><\/p>\n<p>viestint\u00e4vastaava, kansainv\u00e4lisyysvastaava \/ Communications Representative, International Affairs Representative<\/p>\n<p><strong>Anni Happonen<\/strong><\/p>\n<p>tapahtumavastaava, Kahvila Kultavatkaimen vastaava \/ Event Coordinator, Cafe Kultavatkain Representative<\/p>\n<p><strong>Siiri M\u00e4kinen<\/strong><\/p>\n<p>kirjoittamiskerhovastaava, palkintotiimin tuottaja \/ Creative Writing Club Representative, Award Gala Producer<\/p>\n<p><strong>Katariina M\u00e4kel\u00e4inen<\/strong><\/p>\n<p>Kahvila Kultavatkaimen vastaava, museologian opintosuuntaedustaja \/ Cafe Kultavatkain Representative, Museology Studies Representative<\/p>\n<h2 style=\"text-align: left;\"><strong>Vastaavat:<\/strong><\/h2>\n<p><strong>Emmi Visuri<\/strong><br \/>Yritys- ja yhteisty\u00f6vastaava \/ Business Representative<br \/>yritysvastaava@corpusry.fi<\/p>\n<p><strong>Anastasia Arponen<\/strong><\/p>\n<p>viestint\u00e4vastaava \/ Communications Representative<\/p>\n<p><strong>Rosa Miinalainen<\/strong><\/p>\n<p>tapahtumavastaava, Naagan p\u00e4\u00e4toimittaja \/ Event Coordinator, Editor-in-Chief of Subject Association Magazine Naaga<\/p>\n<p><strong>Sara Kekkonen<\/strong><br \/>Naagan p\u00e4\u00e4toimittaja \/ Editor-in-Chief of Subject Association Magazine Naaga<\/p>\n<p><strong>Saaga Veps\u00e4l\u00e4inen<\/strong><\/p>\n<p>tapahtumavastaava \/ Event Coordinator<\/p>\n<p><strong>Kalle Kuokkanen<br \/><\/strong>webmaster, fuksi-tutor-vastaava \/ Webmaster, Tutor and Freshman Representative<\/p>\n<p><strong>Anneli Kirpu<\/strong><\/p>\n<p>ekskursiovastaava, taidehistorian ja -kasvatuksen opintosuuntavastaava \/ Excursion Representative, Art History and Art Education Studies Representative<\/p>\n<p><strong>Sini Kallio<\/strong><\/p>\n<p>kirjoittamisen opintosuuntaedustaja \/ Writing Studies Representative<\/p>\n<p><strong>Maiju Heikkinen<\/strong><\/p>\n<p>kirjallisuuden opintosuuntaedustaja \/ Literature Studies Representative<\/p>\n<p><strong>Lotta Vehvil\u00e4inen<br \/><\/strong>lukupiirivastaava \/ Book Club Representative<\/p>\n<p><strong>Katariina Toivainen<\/strong><\/p>\n<p>\u00e4idinkielen ja kirjallisuuden opintosuuntaedustaja \/ Finnish and Literature Studies Representative<\/p>\n<p><strong>Iris V\u00e4\u00e4n\u00e4nen<\/strong><br \/>graafinen vastaava, palkintotiimin tuottaja \/ Graphic Designer, Award Gala Producer<\/p>\n<p><strong>Siiri Nurminen<\/strong><\/p>\n<p>kirjoittamiskerhovastaava \/ Creative Writing Club Representative<\/p>\n<\/div>\n<\/div>\n","protected":false},"excerpt":{"rendered":"<p>Corpuksen hallitus 2026 Ota yhteytt\u00e4 kaikkiin hallituksen j\u00e4seniin ja vastaaviin: corpus-hallitus(at)lists.jyu.fi Ota yhteytt\u00e4 tapahtumavastaaviin: tapsat(at)corpusry.fi Ota yhteytt\u00e4 Kahvila Kultavatkaimeen: kahvilakultavatkain(at)gmail.com Ota yhteytt\u00e4 ainej\u00e4rjest\u00f6lehti Naagaan: naagalehti(at)gmail.com Ota yhteytt\u00e4 sosiaali- ja koulutuspoliittisissa <a href=\"https:\/\/corpusry.fi\/index.php\/hallinto\/hallitus-ja-vastaavat\/\" class=\"more-link\">[&hellip;]<\/a><\/p>\n","protected":false},"author":19,"featured_media":0,"parent":28,"menu_order":0,"comment_status":"closed","ping_status":"closed","template":"","meta":{"Layout":"1c","footnotes":""},"class_list":["entry","author-snupponen","post-62","page","type-page","status-publish"],"_links":{"self":[{"href":"https:\/\/corpusry.fi\/index.php\/wp-json\/wp\/v2\/pages\/62","targetHints":{"allow":["GET"]}}],"collection":[{"href":"https:\/\/corpusry.fi\/index.php\/wp-json\/wp\/v2\/pages"}],"about":[{"href":"https:\/\/corpusry.fi\/index.php\/wp-json\/wp\/v2\/types\/page"}],"author":[{"embeddable":true,"href":"https:\/\/corpusry.fi\/index.php\/wp-json\/wp\/v2\/users\/19"}],"replies":[{"embeddable":true,"href":"https:\/\/corpusry.fi\/index.php\/wp-json\/wp\/v2\/comments?post=62"}],"version-history":[{"count":175,"href":"https:\/\/corpusry.fi\/index.php\/wp-json\/wp\/v2\/pages\/62\/revisions"}],"predecessor-version":[{"id":3080,"href":"https:\/\/corpusry.fi\/index.php\/wp-json\/wp\/v2\/pages\/62\/revisions\/3080"}],"up":[{"embeddable":true,"href":"https:\/\/corpusry.fi\/index.php\/wp-json\/wp\/v2\/pages\/28"}],"wp:attachment":[{"href":"https:\/\/corpusry.fi\/index.php\/wp-json\/wp\/v2\/media?parent=62"}],"curies":[{"name":"wp","href":"https:\/\/api.w.org\/{rel}","templated":true}]}}