{"id":630,"date":"2017-12-05T11:54:08","date_gmt":"2017-12-05T09:54:08","guid":{"rendered":"https:\/\/corpusry.wordpress.com\/?page_id=630"},"modified":"2017-12-05T11:54:08","modified_gmt":"2017-12-05T09:54:08","slug":"5-luukku","status":"publish","type":"page","link":"https:\/\/corpusry.fi\/index.php\/naaga\/joulukalenteri\/5-luukku\/","title":{"rendered":"5. luukku"},"content":{"rendered":"<h3 style=\"text-align:center;\"><em>Joulukorttiaskarteluja<\/em><\/h3>\n<p><img loading=\"lazy\" decoding=\"async\" class=\"  wp-image-631 aligncenter\" src=\"http:\/\/corpusry.fi\/wp-content\/uploads\/2017\/12\/5-luukku.jpg\" alt=\"dav\" width=\"634\" height=\"470\" srcset=\"https:\/\/corpusry.fi\/wp-content\/uploads\/2017\/12\/5-luukku.jpg 3792w, https:\/\/corpusry.fi\/wp-content\/uploads\/2017\/12\/5-luukku-300x222.jpg 300w, https:\/\/corpusry.fi\/wp-content\/uploads\/2017\/12\/5-luukku-768x569.jpg 768w, https:\/\/corpusry.fi\/wp-content\/uploads\/2017\/12\/5-luukku-1024x759.jpg 1024w\" sizes=\"auto, (max-width: 634px) 100vw, 634px\" \/><\/p>\n<p style=\"text-align:center;\">Kortteja varten tarvitset: eriv\u00e4risi\u00e4 korttipohjia, leimasimia, mustan ja valkoisen geelikyn\u00e4n, helmitarroja, kimalleliimaa, kaksipuolista teippi\u00e4, paperileikkurin<\/p>\n<p style=\"text-align:center;\">Valmistusohje: ole luova<\/p>\n<p style=\"text-align:center;\">Jotta korttisi ehtiv\u00e4t joulupostissa perille, muista postittaa ne viimeist\u00e4\u00e4n tiistaina 12.12.<\/p>\n<p>&nbsp;<\/p>\n<p style=\"text-align:right;\"><em>Askartelu: Niina Kovanen<\/em><\/p>\n","protected":false},"excerpt":{"rendered":"<p>Joulukorttiaskarteluja Kortteja varten tarvitset: eriv\u00e4risi\u00e4 korttipohjia, leimasimia, mustan ja valkoisen geelikyn\u00e4n, helmitarroja, kimalleliimaa, kaksipuolista teippi\u00e4, paperileikkurin Valmistusohje: ole luova Jotta korttisi ehtiv\u00e4t joulupostissa perille, muista postittaa ne viimeist\u00e4\u00e4n tiistaina 12.12. <a href=\"https:\/\/corpusry.fi\/index.php\/naaga\/joulukalenteri\/5-luukku\/\" class=\"more-link\">[&hellip;]<\/a><\/p>\n","protected":false},"author":7,"featured_media":0,"parent":577,"menu_order":0,"comment_status":"closed","ping_status":"closed","template":"","meta":{"Layout":"","footnotes":""},"class_list":["entry","author-niemkova","post-630","page","type-page","status-publish"],"_links":{"self":[{"href":"https:\/\/corpusry.fi\/index.php\/wp-json\/wp\/v2\/pages\/630","targetHints":{"allow":["GET"]}}],"collection":[{"href":"https:\/\/corpusry.fi\/index.php\/wp-json\/wp\/v2\/pages"}],"about":[{"href":"https:\/\/corpusry.fi\/index.php\/wp-json\/wp\/v2\/types\/page"}],"author":[{"embeddable":true,"href":"https:\/\/corpusry.fi\/index.php\/wp-json\/wp\/v2\/users\/7"}],"replies":[{"embeddable":true,"href":"https:\/\/corpusry.fi\/index.php\/wp-json\/wp\/v2\/comments?post=630"}],"version-history":[{"count":0,"href":"https:\/\/corpusry.fi\/index.php\/wp-json\/wp\/v2\/pages\/630\/revisions"}],"up":[{"embeddable":true,"href":"https:\/\/corpusry.fi\/index.php\/wp-json\/wp\/v2\/pages\/577"}],"wp:attachment":[{"href":"https:\/\/corpusry.fi\/index.php\/wp-json\/wp\/v2\/media?parent=630"}],"curies":[{"name":"wp","href":"https:\/\/api.w.org\/{rel}","templated":true}]}}