{"id":638,"date":"2017-12-07T12:25:43","date_gmt":"2017-12-07T10:25:43","guid":{"rendered":"https:\/\/corpusry.wordpress.com\/?page_id=638"},"modified":"2020-10-01T13:17:55","modified_gmt":"2020-10-01T10:17:55","slug":"yhdistys","status":"publish","type":"page","link":"https:\/\/corpusry.fi\/index.php\/yhdistys\/","title":{"rendered":"Yhdistys"},"content":{"rendered":"<p>Corpus ry on Jyv\u00e4skyl\u00e4n yliopiston kirjallisuuden, taidehistorian, taidekasvatuksen ja museologian ainej\u00e4rjest\u00f6. Corpus perustettiin vuonna 2013, kun oppiaineiden vanhat j\u00e4rjest\u00f6t Opus, Rana ja Diaario yhdistyiv\u00e4t yhdeksi suuremmaksi j\u00e4rjest\u00f6ksi.<\/p>\n","protected":false},"excerpt":{"rendered":"<p>Corpus ry on Jyv\u00e4skyl\u00e4n yliopiston kirjallisuuden, taidehistorian, taidekasvatuksen ja museologian ainej\u00e4rjest\u00f6. Corpus perustettiin vuonna 2013, kun oppiaineiden vanhat j\u00e4rjest\u00f6t Opus, Rana ja Diaario yhdistyiv\u00e4t yhdeksi suuremmaksi j\u00e4rjest\u00f6ksi.<\/p>\n","protected":false},"author":3,"featured_media":0,"parent":0,"menu_order":0,"comment_status":"closed","ping_status":"closed","template":"","meta":{"Layout":"","footnotes":""},"class_list":["entry","author-maisa-virtanen","post-638","page","type-page","status-publish"],"_links":{"self":[{"href":"https:\/\/corpusry.fi\/index.php\/wp-json\/wp\/v2\/pages\/638","targetHints":{"allow":["GET"]}}],"collection":[{"href":"https:\/\/corpusry.fi\/index.php\/wp-json\/wp\/v2\/pages"}],"about":[{"href":"https:\/\/corpusry.fi\/index.php\/wp-json\/wp\/v2\/types\/page"}],"author":[{"embeddable":true,"href":"https:\/\/corpusry.fi\/index.php\/wp-json\/wp\/v2\/users\/3"}],"replies":[{"embeddable":true,"href":"https:\/\/corpusry.fi\/index.php\/wp-json\/wp\/v2\/comments?post=638"}],"version-history":[{"count":2,"href":"https:\/\/corpusry.fi\/index.php\/wp-json\/wp\/v2\/pages\/638\/revisions"}],"predecessor-version":[{"id":1582,"href":"https:\/\/corpusry.fi\/index.php\/wp-json\/wp\/v2\/pages\/638\/revisions\/1582"}],"wp:attachment":[{"href":"https:\/\/corpusry.fi\/index.php\/wp-json\/wp\/v2\/media?parent=638"}],"curies":[{"name":"wp","href":"https:\/\/api.w.org\/{rel}","templated":true}]}}