{"id":652,"date":"2017-12-08T12:36:55","date_gmt":"2017-12-08T10:36:55","guid":{"rendered":"https:\/\/corpusry.wordpress.com\/?page_id=652"},"modified":"2017-12-08T12:36:55","modified_gmt":"2017-12-08T10:36:55","slug":"8-luukku","status":"publish","type":"page","link":"https:\/\/corpusry.fi\/index.php\/naaga\/joulukalenteri\/8-luukku\/","title":{"rendered":"8. luukku"},"content":{"rendered":"<p><img loading=\"lazy\" decoding=\"async\" class=\"alignnone size-full wp-image-654\" src=\"http:\/\/corpusry.fi\/wp-content\/uploads\/2017\/12\/8-luukku.jpg\" alt=\"8.luukku\" width=\"1024\" height=\"768\" srcset=\"https:\/\/corpusry.fi\/wp-content\/uploads\/2017\/12\/8-luukku.jpg 1024w, https:\/\/corpusry.fi\/wp-content\/uploads\/2017\/12\/8-luukku-300x225.jpg 300w, https:\/\/corpusry.fi\/wp-content\/uploads\/2017\/12\/8-luukku-768x576.jpg 768w\" sizes=\"auto, (max-width: 1024px) 100vw, 1024px\" \/><\/p>\n<p style=\"text-align:justify;\">Jokainen on varmaan tehnyt joskus ala-asteella jonkinlaisen tupsun, mutta mitenk\u00e4s se menik\u00e4\u00e4n? Helpon roikkuvan tupsun tekemiseen tarvitset vain v\u00e4h\u00e4n lankaa, jonkin litte\u00e4n esineen (esim. k\u00e4nnyk\u00e4n kuori tai taitettu pahvinpala) ja sakset. Tupsut soveltuvat esimerkiksi kuusenkoristeiksi, korvakoruiksi, kissan leikittimiksi tai vaikka koristetyynyn tai -peiton tuunaamiseen.<\/p>\n<p>Tee n\u00e4in:<\/p>\n<ul>\n<li>Py\u00f6rit\u00e4 lankaa litte\u00e4n, sopivankokoisen esineen ymp\u00e4rille. Mit\u00e4 enemm\u00e4n lankaa, sit\u00e4 tuuheampi tupsu. J\u00e4t\u00e4 lankojen p\u00e4\u00e4t roikkumaan alasp\u00e4in.<\/li>\n<li>Sido langat yhteen tupsun yl\u00e4reunasta erillisell\u00e4 langanp\u00e4tk\u00e4ll\u00e4.<\/li>\n<li>Irrota tupsu muotistaan. Tee tupsun yl\u00e4reunaan pallura n\u00e4in: solmi j\u00e4lleen<\/li>\n<li>erillisell\u00e4 langanp\u00e4tk\u00e4ll\u00e4 tupsut tiukasti yhteen noin sentin\u2013kahden p\u00e4\u00e4st\u00e4 tupsun yl\u00e4reunasta. Py\u00f6rit\u00e4 lankaa hiukan lis\u00e4\u00e4 solmun ymp\u00e4rille ja tee viel\u00e4 toinen umpisolmu.<\/li>\n<li>Leikkaa alasp\u00e4in roikkuvat lankalenkit auki.<\/li>\n<li>Solmi yl\u00e4reunan langasta ripustin tai kiinnit\u00e4 tupsu langalla mihin haluatkaan. Valmista!<\/li>\n<\/ul>\n\n\t\t\t<div id=\"652-1\" class=\"gallery gallery-652 gallery-col-3 gallery-columns-3 gallery-size-post-thumbnail gallery-type-rectangular\" itemscope itemtype=\"http:\/\/schema.org\/ImageGallery\">\n\t\t\t\t\t<figure class='gallery-item col-3' itemprop='associatedMedia' itemscope itemtype='http:\/\/schema.org\/ImageObject'>\n\t\t\t\t\t\t<div class='gallery-icon portrait'><a href='https:\/\/corpusry.fi\/index.php\/naaga\/joulukalenteri\/8-luukku\/8-luukku1\/' itemprop=\"contentURL\"><img loading=\"lazy\" decoding=\"async\" width=\"98\" height=\"131\" src=\"https:\/\/corpusry.fi\/wp-content\/uploads\/2017\/12\/8-luukku1.jpg\" class=\"attachment-post-thumbnail size-post-thumbnail\" alt=\"\" srcset=\"https:\/\/corpusry.fi\/wp-content\/uploads\/2017\/12\/8-luukku1.jpg 351w, https:\/\/corpusry.fi\/wp-content\/uploads\/2017\/12\/8-luukku1-225x300.jpg 225w\" sizes=\"auto, (max-width: 98px) 100vw, 98px\" itemprop=\"thumbnail\" \/><\/a><\/div>\n\t\t\t\t\t<\/figure>\n\t\t\t\t\t<figure class='gallery-item col-3' itemprop='associatedMedia' itemscope itemtype='http:\/\/schema.org\/ImageObject'>\n\t\t\t\t\t\t<div class='gallery-icon portrait'><a href='https:\/\/corpusry.fi\/index.php\/naaga\/joulukalenteri\/8-luukku\/8-luukku2\/' itemprop=\"contentURL\"><img loading=\"lazy\" decoding=\"async\" width=\"98\" height=\"131\" src=\"https:\/\/corpusry.fi\/wp-content\/uploads\/2017\/12\/8-luukku2.jpg\" class=\"attachment-post-thumbnail size-post-thumbnail\" alt=\"\" srcset=\"https:\/\/corpusry.fi\/wp-content\/uploads\/2017\/12\/8-luukku2.jpg 352w, https:\/\/corpusry.fi\/wp-content\/uploads\/2017\/12\/8-luukku2-225x300.jpg 225w\" sizes=\"auto, (max-width: 98px) 100vw, 98px\" itemprop=\"thumbnail\" \/><\/a><\/div>\n\t\t\t\t\t<\/figure>\n\t\t\t\t\t<figure class='gallery-item col-3' itemprop='associatedMedia' itemscope itemtype='http:\/\/schema.org\/ImageObject'>\n\t\t\t\t\t\t<div class='gallery-icon portrait'><a href='https:\/\/corpusry.fi\/index.php\/naaga\/joulukalenteri\/8-luukku\/8-luukku3\/' itemprop=\"contentURL\"><img loading=\"lazy\" decoding=\"async\" width=\"98\" height=\"131\" src=\"https:\/\/corpusry.fi\/wp-content\/uploads\/2017\/12\/8-luukku3.jpg\" class=\"attachment-post-thumbnail size-post-thumbnail\" alt=\"\" srcset=\"https:\/\/corpusry.fi\/wp-content\/uploads\/2017\/12\/8-luukku3.jpg 349w, https:\/\/corpusry.fi\/wp-content\/uploads\/2017\/12\/8-luukku3-225x300.jpg 225w\" sizes=\"auto, (max-width: 98px) 100vw, 98px\" itemprop=\"thumbnail\" \/><\/a><\/div>\n\t\t\t\t\t<\/figure>\n\t\t\t\t\t<figure class='gallery-item col-3' itemprop='associatedMedia' itemscope itemtype='http:\/\/schema.org\/ImageObject'>\n\t\t\t\t\t\t<div class='gallery-icon portrait'><a href='https:\/\/corpusry.fi\/index.php\/naaga\/joulukalenteri\/8-luukku\/8-luukku4\/' itemprop=\"contentURL\"><img loading=\"lazy\" decoding=\"async\" width=\"98\" height=\"131\" src=\"https:\/\/corpusry.fi\/wp-content\/uploads\/2017\/12\/8-luukku4.jpg\" class=\"attachment-post-thumbnail size-post-thumbnail\" alt=\"\" srcset=\"https:\/\/corpusry.fi\/wp-content\/uploads\/2017\/12\/8-luukku4.jpg 348w, https:\/\/corpusry.fi\/wp-content\/uploads\/2017\/12\/8-luukku4-225x300.jpg 225w\" sizes=\"auto, (max-width: 98px) 100vw, 98px\" itemprop=\"thumbnail\" \/><\/a><\/div>\n\t\t\t\t\t<\/figure>\n\t\t\t<\/div><!-- .gallery -->\n\n<p style=\"text-align:justify;\">Ekstraa: Voit hifistell\u00e4 ja haravoida harvalla kammalla yksitt\u00e4iset leikkaamatta j\u00e4\u00e4neet lankalenkit. Jos langat ovat j\u00e4m\u00e4ht\u00e4neet kiharalle ja haluat tupsusta siloisemman, sumuta tupsu suihkupullolla, kampaa ja anna kuivua.<\/p>\n<p style=\"text-align:right;\"><em>Teksti ja kuvat: Vilma Tammelin<\/em><\/p>\n","protected":false},"excerpt":{"rendered":"<p>Jokainen on varmaan tehnyt joskus ala-asteella jonkinlaisen tupsun, mutta mitenk\u00e4s se menik\u00e4\u00e4n? Helpon roikkuvan tupsun tekemiseen tarvitset vain v\u00e4h\u00e4n lankaa, jonkin litte\u00e4n esineen (esim. k\u00e4nnyk\u00e4n kuori tai taitettu pahvinpala) ja <a href=\"https:\/\/corpusry.fi\/index.php\/naaga\/joulukalenteri\/8-luukku\/\" class=\"more-link\">[&hellip;]<\/a><\/p>\n","protected":false},"author":7,"featured_media":0,"parent":577,"menu_order":0,"comment_status":"closed","ping_status":"closed","template":"","meta":{"Layout":"","footnotes":""},"class_list":["entry","author-niemkova","post-652","page","type-page","status-publish"],"_links":{"self":[{"href":"https:\/\/corpusry.fi\/index.php\/wp-json\/wp\/v2\/pages\/652","targetHints":{"allow":["GET"]}}],"collection":[{"href":"https:\/\/corpusry.fi\/index.php\/wp-json\/wp\/v2\/pages"}],"about":[{"href":"https:\/\/corpusry.fi\/index.php\/wp-json\/wp\/v2\/types\/page"}],"author":[{"embeddable":true,"href":"https:\/\/corpusry.fi\/index.php\/wp-json\/wp\/v2\/users\/7"}],"replies":[{"embeddable":true,"href":"https:\/\/corpusry.fi\/index.php\/wp-json\/wp\/v2\/comments?post=652"}],"version-history":[{"count":0,"href":"https:\/\/corpusry.fi\/index.php\/wp-json\/wp\/v2\/pages\/652\/revisions"}],"up":[{"embeddable":true,"href":"https:\/\/corpusry.fi\/index.php\/wp-json\/wp\/v2\/pages\/577"}],"wp:attachment":[{"href":"https:\/\/corpusry.fi\/index.php\/wp-json\/wp\/v2\/media?parent=652"}],"curies":[{"name":"wp","href":"https:\/\/api.w.org\/{rel}","templated":true}]}}