{"id":667,"date":"2017-12-11T11:21:21","date_gmt":"2017-12-11T09:21:21","guid":{"rendered":"https:\/\/corpusry.wordpress.com\/?page_id=667"},"modified":"2017-12-11T11:21:21","modified_gmt":"2017-12-11T09:21:21","slug":"11-luukku","status":"publish","type":"page","link":"https:\/\/corpusry.fi\/index.php\/naaga\/joulukalenteri\/11-luukku\/","title":{"rendered":"11. luukku"},"content":{"rendered":"<p style=\"text-align:justify;\"><em>Sit\u00e4 aina t\u00e4h\u00e4n aikaan vuodesta toivotetaan kaikille rauhallista joulua. No, jokainenhan sen nyt tiet\u00e4\u00e4, ettei se joulun aika niin kovin rauhallinen ole. Mutta sitten, SITTEN, kun siihen jouluun sattuu se yksi ihanan rauhallinen hetki, vaali sit\u00e4. Se on todellinen rauhan joulu. Sill\u00e4 jaksaa pitk\u00e4lle!\u00a0<\/em><\/p>\n<p style=\"text-align:right;\"><em>Teksti: Hilja Honkola<\/em><\/p>\n","protected":false},"excerpt":{"rendered":"<p>Sit\u00e4 aina t\u00e4h\u00e4n aikaan vuodesta toivotetaan kaikille rauhallista joulua. No, jokainenhan sen nyt tiet\u00e4\u00e4, ettei se joulun aika niin kovin rauhallinen ole. Mutta sitten, SITTEN, kun siihen jouluun sattuu se <a href=\"https:\/\/corpusry.fi\/index.php\/naaga\/joulukalenteri\/11-luukku\/\" class=\"more-link\">[&hellip;]<\/a><\/p>\n","protected":false},"author":7,"featured_media":0,"parent":577,"menu_order":0,"comment_status":"closed","ping_status":"closed","template":"","meta":{"Layout":"","footnotes":""},"class_list":["entry","author-niemkova","post-667","page","type-page","status-publish"],"_links":{"self":[{"href":"https:\/\/corpusry.fi\/index.php\/wp-json\/wp\/v2\/pages\/667","targetHints":{"allow":["GET"]}}],"collection":[{"href":"https:\/\/corpusry.fi\/index.php\/wp-json\/wp\/v2\/pages"}],"about":[{"href":"https:\/\/corpusry.fi\/index.php\/wp-json\/wp\/v2\/types\/page"}],"author":[{"embeddable":true,"href":"https:\/\/corpusry.fi\/index.php\/wp-json\/wp\/v2\/users\/7"}],"replies":[{"embeddable":true,"href":"https:\/\/corpusry.fi\/index.php\/wp-json\/wp\/v2\/comments?post=667"}],"version-history":[{"count":0,"href":"https:\/\/corpusry.fi\/index.php\/wp-json\/wp\/v2\/pages\/667\/revisions"}],"up":[{"embeddable":true,"href":"https:\/\/corpusry.fi\/index.php\/wp-json\/wp\/v2\/pages\/577"}],"wp:attachment":[{"href":"https:\/\/corpusry.fi\/index.php\/wp-json\/wp\/v2\/media?parent=667"}],"curies":[{"name":"wp","href":"https:\/\/api.w.org\/{rel}","templated":true}]}}