{"id":968,"date":"2018-11-05T16:16:31","date_gmt":"2018-11-05T14:16:31","guid":{"rendered":"https:\/\/corpusry.fi\/?page_id=968"},"modified":"2026-02-10T21:42:10","modified_gmt":"2026-02-10T19:42:10","slug":"vanhat-hallitukset","status":"publish","type":"page","link":"https:\/\/corpusry.fi\/index.php\/hallinto\/hallitus-ja-vastaavat\/vanhat-hallitukset\/","title":{"rendered":"Vanhat hallitukset"},"content":{"rendered":"\n<div class=\"wp-block-group\"><div class=\"wp-block-group__inner-container is-layout-flow wp-block-group-is-layout-flow\">\n<div class=\"wp-block-group\"><div class=\"wp-block-group__inner-container is-layout-flow wp-block-group-is-layout-flow\">\n<div class=\"wp-block-columns is-layout-flex wp-container-core-columns-is-layout-9d6595d7 wp-block-columns-is-layout-flex\">\n<div class=\"wp-block-column is-layout-flow wp-block-column-is-layout-flow\" style=\"flex-basis:100%\">\n<div class=\"wp-block-group\"><div class=\"wp-block-group__inner-container is-layout-flow wp-block-group-is-layout-flow\">\n<p>T\u00e4lt\u00e4 sivulta l\u00f6ytyv\u00e4t kaikkien Corpuksen menneiden hallitusten kokoonpanot. Hallituslaisten ja vastaavien nimet on poimittu vanhoista kokousp\u00f6yt\u00e4kirjoista.<\/p>\n<h1>2013-2014<\/h1>\n<h2>Hallitus<\/h2>\n<p>Suvi Behm, puheenjohtaja, k\u00e4ss\u00e4kerhot\u00e4ti<br>Juha Stenholm, varapuheenjohtaja, kansainv\u00e4lisyys- ja elokuvavastaava<br>Paavo Yl\u00e4m\u00e4ki, rahastonhoitaja<br>Lauri Eirola, sihteeri<br>Innimari Hyv\u00e4rinen, tiedottaja, webmaster &amp; taidehistorian oppiainevastaava<br>Susanna Haavisto, koulutuspoliittinen vastaava<br>Heidi Clee, ymp\u00e4rist\u00f6vastaava<br>Joonas Puuppo, kultturivastaava<br>Joonas Sutinen, graafinen vastaava<br>Eeva Halkosaari, kahvitus- ja tapahtumavastaava<br>Jani Tanskanen, esteett\u00f6myysvastaava<\/p>\n<h2>Vastaavat<\/h2>\n<p>Elina Sivula, sosiaalipoliittinen vastaava, kirjallisuuden oppiainevastaava<br>Milka R\u00e4is\u00e4nen, taidekasvatuksen oppiainevastaava<br>Maiju Nurminen, liikuntavastaava, museologian oppiainevastaava<\/p>\n<h1>2015<\/h1>\n<h2>Hallitus<\/h2>\n<p>Miia Hein\u00e4nen, puheenjohtaja<br>Innimari Hyv\u00e4rinen, varapuheenjohtaja, tiedottaja, Naagan p\u00e4\u00e4toimittaja<br>Minna Kein\u00e4nen, sihteeri<br>Paavo Yl\u00e4m\u00e4ki, rahastonhoitaja<br>Emma Halonen, tapahtumavastaava<br>Jani Tanskanen, esteett\u00f6myysvastaava, TAKU-vastaava<br>Suvi Behm, ymp\u00e4rist\u00f6vastaava, k\u00e4ss\u00e4kerhot\u00e4ti<br>Aino Nurmesj\u00e4rvi, kahvitusvastaava<br>Katja Ojaniemi, kansainv\u00e4lisyysvastaava, taidehistorian oppiainevastaava<br>Eeva Halkosaari, sosiaalipoliittinen vastaava<\/p>\n<h2>Vastaavat<\/h2>\n<p>Anna Pulkkinen, kirjallisuuden oppiainevastaava<br>Aino Levaniemi, taidekasvatuksen oppiainevastaava<br>Jesse Saarinen, museologian oppiainevastaava<br>Aino Heikkil\u00e4, koulutuspoliittinen vastaava<br>Oskar Repo, elokuvavastaava<br>Mari Aarnipelto, elokuvavastaava<br>Joonas Puuppo, kulttuurivastaava<br>Melissa Holm, graafinen vastaava<\/p>\n<h1>2016<\/h1>\n<h2>Hallitus<\/h2>\n<p>Hilda J\u00e4rvinen, puheenjohtaja<br>Miia Pirinen, varapuheenjohtaja<br>Milka R\u00e4is\u00e4nen, sihteeri, kulttuurivastaava<br>Aino Levaniemi, rahastonhoitaja<br>Anniina Nirhamo, tiedottaja<br>Innimari Hyv\u00e4rinen, ymp\u00e4rist\u00f6vastaava, taidehistorian oppiainevastaava<br>Henny Kotiniemi, tapahtumavastaava, ekskursiovastaava<br>Anna Forssell, tapahtumavastaava, ekskursiovastaava<br>Anna Pulkkinen, kahvitusvastaava<br>Niina Maaskola, taidekasvatuksen oppiainevastaava<\/p>\n<h2>Vastaavat<\/h2>\n<p>Minna Kein\u00e4nen, webmaster<br>Veera Mietola, tapahtumavastaava<br>Eeva Halkosaari, kahvitusvastaava<br>Aino Nurmesj\u00e4rvi, kahvitusvastaava<br>Roosa Berg, kirjallisuuden oppiainevastaava<br>Jani Tanskanen, esteett\u00f6myysvastaava, TAKU-vastaava<br>Joonas Puuppo, TAKU-vastaava<br>Melissa Holm, graafinen vastaava<br>Suvi Poni, graafinen vastaava, k\u00e4sity\u00f6kerhot\u00e4ti<br>Emma Hietaoja, ekskursiovastaava<br>Riikka Kataja, kansainv\u00e4lisyysvastaava<\/p>\n<h1>2017<\/h1>\n<h2>Hallitus<\/h2>\n<p>Antti Angervo, puheenjohtaja<br>Hilda J\u00e4rvinen, varapuheenjohtaja, sosiaalipoliittinen vastaava ja museologian<br>oppiainevastaava<br>Veera Mietola, sihteeri<br>Aino Levaniemi, rahastonhoitaja<br>Henny Kotiniemi, kirjallisuuden oppiainevastaava ja opelinjavastaava<br>Vilma Tammelin, tiedottaja<br>Niina Maaskola, kulttuurivastaava ja taidekasvatuksen oppiainevastaava<br>Niina Kovanen, kulttuurivastaava ja Isa Aspin haudanhoitovastaava<br>Roosa Berg, koulutuspoliittinen vastaava ja esteett\u00f6myysvastaava<br>Tiia Turunen, tapahtumavastaava<br>Urho Tulonen, taidehistorian oppiainevastaava ja elokuvakerhon vastaava<\/p>\n<h2>Vastaavat<\/h2>\n<p>Jennika Lilja, ymp\u00e4rist\u00f6vastaava<br>Pauliina Oiva, ymp\u00e4rist\u00f6vastaava<br>Anna Sirvi\u00f6, tapahtumavastaava ja kansainv\u00e4lisyysvastaava<br>Alma Rinta-Pollari, liikuntavastaava<br>Emma Hietaoja, liikuntavastaava<br>Laura Niemel\u00e4inen, kahvitusvastaava, tapahtumavastaava ja<br>kansainv\u00e4lisyysvastaava<br>Johanna Jauho, graafinen vastaava<br>Urho Vyyryl\u00e4inen, elokuvakerhon vastaava<br>Maisa Virtanen, webmaster<br>Jani Tanskanen, TAKU-vastaava ja esteett\u00f6myysvastaava<br>Joonas Puuppo, TAKU-vastaava<br>Lila Karjalainen, k\u00e4ss\u00e4kerhon vastaava ja Isa Aspin haudanhoitovastaava<br>Hilja Honkola, ekskursiovastaava<br>Anna Forssell, opelinjavastaava<\/p>\n<h1><strong>2018<\/strong><\/h1>\n<h2><strong>Hallitus<\/strong><\/h2>\n<p>Emma Halonen, puheenjohtaja<br>Antti Angervo, varapuheenjohtaja, TAKU-vastaava<br>Niina Kovanen, sihteeri<br>Vilma Tammelin, rahastonhoitaja<br>Aino Levaniemi, koulutuspoliittinen vastaava, yritysvastaava<br>Eero Turunen, tiedottaja<br>Arto Nyman, ymp\u00e4rist\u00f6vastaava<br>Tiia Peltonen, tapahtumavastaava<br>Venla Korhonen, sosiaalipoliittinen vastaava, kirjallisuuden ja kirjoittamisen oppiainevastaava<br>Henny Kotiniemi, k\u00e4ss\u00e4kerhovastaava<\/p>\n<h2><strong>Vastaavat<br><\/strong><\/h2>\n<p>Essi R\u00f6nkk\u00f6, museologian ja KUOMA:n oppiainevastaava<br>Essi Monto, taidehistorian ja taidekasvatuksen oppiainevastaava<br>Terhi Miettinen, opettajalinjavastaava, improkerhovastaava<br>Niina Maaskola, kulttuurivastaava, esteett\u00f6myysvastaava<br>Tua Ollikainen, tapahtumavastaava<br>Katariina Viirret, tapahtumavastaava<br>Emmi Julkunen, liikuntavastaava<br>Alma Rinta-Pollari, kansainv\u00e4lisyysvastaava<br>Laura Niemel\u00e4inen, kahvitusvastaava \/ Kultavatkaimen vastaava<br>Joonas Komulainen, kahvitusvastaava \/ Kultavatkaimen vastaava<br>Riikka Kommio, Naagan p\u00e4\u00e4toimittaja<br>Johannes Pulkkinen, Naagan p\u00e4\u00e4toimittaja<br>Hilja Honkola, ekskursiovastaava <br>Joonas Puuppo, TAKU-vastaava <br> Peppilotta Joentausta, yritysvastaava <br>Emma Hietaoja, Isa Aspin hautavastaava <br>Anna Forssell, k\u00e4ss\u00e4kerhovastaava <br>Johanna Jauho, graafinen vastaava<br>Maisa Virtanen, webmaster<\/p>\n<\/div><\/div>\n<\/div>\n<\/div>\n<\/div><\/div>\n<\/div><\/div>\n\n\n\n<h2>2019<\/h2>\n\n\n\n<h2 class=\"wp-block-heading\">Hallitus<\/h2>\n\n\n\n<p>Anna Sirvi\u00f6, puheenjohtaja<br>Roosa Berg, varapuheenjohtaja<br>Enni Kuortti, sihteeri, webmaster, taidehistorian ja taidekasvatuksen oppiainevastaava<br>Seela R\u00e4s\u00e4nen, rahastonhoitaja, fuksi- ja tutorvastaava<br>Antti Huusko, koulutuspoliittinen vastaava, kirjallisuuden ja kirjoittamisen oppiainevastaava<br>Venla Korhonen, sosiaalipoliittinen vastaava, esteett\u00f6myysvastaava, fuksi- ja tutorvastaava<br>Helmi M\u00e4h\u00f6nen, tiedottaja<br>Peppilotta Joentausta, yritysvastaava<br>Tiia Peltonen, ymp\u00e4rist\u00f6vastaava, ekskursiovastaava<br>Tua Ollikainen, ymp\u00e4rist\u00f6vastaava, ekskursiovastaava<\/p>\n\n\n\n<h3 class=\"wp-block-heading\">Vastaavat<\/h3>\n\n\n\n<p>Ofimia Kirsikka-Aho, tapahtumavastaava<br>Monika Kravt, tapahtumavastaava<br>Terhi Miettinen, \u00e4idinkielen ja kirjallisuuden opettajalinjan oppiainevastaava<br>Katariina Viirret, kulttuurivastaava<br>Alma Rinta-Pollari, kansainv\u00e4lisyysvastaava<br>Hanna Nelimarkka, kansainv\u00e4lisyysvastaava<br>Vilma Tammelin, k\u00e4ss\u00e4kerhovastaava, TAKU-vastaava<br>Emmi Julkunen, liikuntavastaava<br>Heli Pitk\u00e4nen, Kahvila Kultavatkain -vastaava<br>Johanna Virtala, Kahvila Kultavatkain -vastaava <br>Essi R\u00f6nkk\u00f6, museologian oppiainevastaava<\/p>\n\n\n\n<h2 class=\"wp-block-heading\">2020<\/h2>\n\n\n\n<h3 class=\"wp-block-heading\">Hallitus<\/h3>\n\n\n\n<p>Venla Korhonen, puheenjohtaja, lukupiirin vet\u00e4j\u00e4<br>Katariina Viirret, varapuheenjohtaja<br>Amalia Ahonen, sihteeri<br>Seela R\u00e4s\u00e4nen, rahastonhoitaja, tapahtumatiimil\u00e4inen, liikuntavastaava<br>Tiia Peltonen, sosiaali- ja koulutuspoliittinen vastaava, esteett\u00f6myysvastaava<br>Tua Ollikainen, sosiaali- ja koulutuspoliittinen vastaava, esteett\u00f6myysvastaava, lukupiirin vet\u00e4j\u00e4<br>Enni Kuortti, tiedottaja, Kahvila Kultavatkaimen vastaava<br>Anna Sirvi\u00f6, yritysvastaava, taidehistorian ja -kasvatuksen oppiainevastaava, kansainv\u00e4lisyysvastaava<br>Oona Vessman, tapahtumatiimil\u00e4inen, graafinen vastaava, Musiikkikampuksen vastaava<br>Peppilotta Joentausta, kulttuurivastaava, ekskursiovastaava<br>Roosa Berg, ty\u00f6el\u00e4m\u00e4vastaava, \u00e4idinkielen ja kirjallisuuden opettajalinjan oppiainevastaava<\/p>\n\n\n\n<h3 class=\"wp-block-heading\">Vastaavat<\/h3>\n\n\n\n<p>Ofimia Kirsikka-aho, fuksi- ja tutorvastaava, kirjallisuuden ja kirjoittamisen oppiainevastaava<br>Jade Torittu, fuksi- ja tutorvastaava<br>Helmi M\u00e4h\u00f6nen, kulttuurivastaava, ekskursiovastaava<br>Nana Greijer, ymp\u00e4rist\u00f6vastaava<br>Hanna Nelimarkka, kansainv\u00e4lisyysvastaava<br>Riikka Kommio, graafinen vastaava<br>Janne H\u00e4\u00e4tyl\u00e4, webmaster<br>Vilma Tammelin, k\u00e4ss\u00e4kerhovastaava<br>Sofia Tammisto, k\u00e4ss\u00e4kerhovastaava<br>Valter Asp\u00f6, museologian oppiainevastaava<br>Heli Pitk\u00e4nen, tapahtumatiimil\u00e4inen, Kahvila Kultavatkaimen vastaava<br>Johanna Virtala, tapahtumatiimil\u00e4inen, Kahvila Kultavatkaimen vastaava<br>Sanni Hyllinen, ainej\u00e4rjest\u00f6lehti Naagan p\u00e4\u00e4toimittaja<br>Antti Huusko, ainej\u00e4rjest\u00f6lehti Naagan p\u00e4\u00e4toimittaja<\/p>\n\n\n\n<h2 class=\"wp-block-heading\">2021<\/h2>\n\n\n\n<h3 class=\"wp-block-heading\">Hallitus<\/h3>\n\n\n\n<p>Elsa Viheroja, puheenjohtaja<br>Jade Torittu, varapuheenjohtaja, kansainv\u00e4lisyysvastaava<br>Lotta Puurula, sihteeri, k\u00e4ss\u00e4kerhovastaava, Kahvila Kultavatkaimen vastaava<br>Amalia Ahonen, rahastonhoitaja, sopokopo, esteett\u00f6myysvastaava, fuksi- ja tutorvastaava<br>Nana Greijer, sopokopo, esteett\u00f6myysvastaava, ymp\u00e4rist\u00f6vastaava<br>Paula Ranta, tapahtumatiimil\u00e4inen<br>Peppilotta Joentausta, ty\u00f6el\u00e4m\u00e4vastaava, taidehistorian ja taidekasvatuksen opintosuuntavastaava<br>Heli Pitk\u00e4nen, kirjallisuuden ja kirjoittamisen opintosuuntavastaava, Kahvila Kultavatkaimen vastaava<br>Johanna Rautio, tiedottaja<br>Ella Pekkala, yritysvastaava<\/p>\n\n\n\n<h3 class=\"wp-block-heading\">Vastaavat<\/h3>\n\n\n\n<p>Viivi Virtanen, tapahtumatiimil\u00e4inen<br>Riina Hietanen, tapahtumatiimil\u00e4inen, Kahvila Kultavatkaimen vastaava<br>Ilona Rakkola, tapahtumatiimil\u00e4inen, graafinen vastaava<br>Elia V\u00e4\u00e4t\u00e4inen, kulttuurivastaava, \u00e4idinkielen ja kirjallisuuden opettajalinjan opintosuuntavastaava<br>Johanna Virtala, liikuntavastaava, ekskursiovastaava<br>Seela R\u00e4s\u00e4nen, ekskursiovastaava<br>Oona Vessman, graafinen vastaava<br>Iia Nelimarkka, lukupiirin vet\u00e4j\u00e4<br>Soli Perttu, museologian opintosuuntavastaava<br>Katja Viitasalo, webmaster<br>Sanni Hyllinen, ainej\u00e4rjest\u00f6lehti Naagan p\u00e4\u00e4toimittaja<br>Valentin V\u00e4nsk\u00e4, ainej\u00e4rjest\u00f6lehti Naagan p\u00e4\u00e4toimittaja<br>Kalle Kanerva, ainej\u00e4rjest\u00f6lehti Naagan p\u00e4\u00e4toimittaja  <\/p>\n\n\n\n<h2 class=\"wp-block-heading\">2022<\/h2>\n\n\n\n<h3 class=\"wp-block-heading\">Hallitus<\/h3>\n\n\n\n<p>Sanni Hyllinen, puheenjohtaja<br>Dina M\u00f6ller, varapuheenjohtaja<br>Marianna Grof, sihteeri, tapahtumatiimil\u00e4inen, musiikkikampuksen vastaava<br>Sonja H\u00e4ggman, rahastonhoitaja, lukupiirin vet\u00e4j\u00e4, Kahvila Kultavatkaimen vastaava<br>Lotta Puurula, sosiaalipoliittinen vastaava, ymp\u00e4rist\u00f6vastaava, Kahvila Kultavatkaimen vastaava (kev\u00e4t 2022)<br>Sanni Laitila, sosiaalipoliittinen vastaava (syksy 2022)<br>Katja Viitasalo, koulutuspoliittinen vastaava, webmaster<br>Peppilotta Joentausta, tiedottaja<br>Ella Pekkala, graafinen vastaava, tapahtumatiimil\u00e4inen, yritysvastaava (kev\u00e4t 2022)<br>Tahiti Heino, yritysvastaava (syksy 2022)<br>Laura Nurmi, graafinen vastaava, tapahtumatiimil\u00e4inen (syksy 2022)<br>Lotta Enroth, tapahtumatiimil\u00e4inen, fuksi- ja tutorvastaava (kev\u00e4t 2022)<br>Erika Kierros, tapahtumatiimil\u00e4inen (syksy 2022)<br>Joachim Kratochvil, taidehistorian ja taidekasvatuksen opintosuuntavastaava<br>Samuel Juhala, liikuntavastaava<\/p>\n\n\n\n<h3 class=\"wp-block-heading\">Vastaavat<\/h3>\n\n\n\n<p>Elsa Viheroja, ymp\u00e4rist\u00f6vastaava, k\u00e4ss\u00e4kerhovastaava<br>Jade Torittu, kulttuurivastaava, kansainv\u00e4lisyysvastaava<br>Elisa Ruha-Nurkkala, kirjallisuuden ja kirjoittamisen opintosuuntavastaava<br>Miamari Tuominen, museologian opintosuuntavastaava<br>Ilmar Gr\u00fcnthal, \u00e4idinkielen ja kirjallisuuden opettajalinjan opintosuuntavastaava<br>Amalia Ahonen, ty\u00f6el\u00e4m\u00e4vastaava<br>Iia Nelimarkka, Kahvila Kultavatkaimen vastaava<br>Anni Suominen, tapahtumatiimil\u00e4inen (syksy 2022)<br>Moona Saarinen, fuksi- ja tutorvastaava (syksy 2022)<br>Valentin V\u00e4nsk\u00e4, ainej\u00e4rjest\u00f6lehti Naagan p\u00e4\u00e4toimittaja<br>Kalle Kanerva, ainej\u00e4rjest\u00f6lehti Naagan p\u00e4\u00e4toimittaja  <\/p>\n\n\n\n<h2 class=\"wp-block-heading\">2023<\/h2>\n\n\n\n<h3 class=\"wp-block-heading\">Hallitus<\/h3>\n\n\n\n<p>Dina M\u00f6ller, puheenjohtaja, kirjoittamisenkerhovastaava <br>Olli Nio, varapuheenjohtaja <br>Nea Kentta, sihteeri, ymp\u00e4rist\u00f6vastaava<br>Katja Viitasalo, rahastonhoitaja<br>Miia Djerf, koulutuspoliittinen vastaava <br>Kiia K\u00e4rs\u00e4m\u00e4, tapahtumatiimil\u00e4inen, museologian opintosuuntavastaava <\/p>\n\n\n\n<p>Lotta Enroth, tiedottaja, tapahtumatiimil\u00e4inen <\/p>\n\n\n\n<p>Ella Pekkala, graafinen vastaava, tapahtumatiimil\u00e4inen, yritysvastaava <\/p>\n\n\n\n<p>Sini Kallio, kirjoittamisen opintosuuntavastaava <\/p>\n\n\n\n<p>Sonja H\u00e4ggman, fuksi- ja tutorvastaava, \u00e4idinkielen ja kirjallisuuden opintosuuntavastaava, liikuntavastaava, lukupiirivastaava, Kahvila Kultavatkaimen vastaava <\/p>\n\n\n\n<p>Lidian Viherv\u00e4, tapahtumatiimil\u00e4inen <\/p>\n\n\n\n<p>Sofia Nupponen, webmaster, Kahvila Kultavatkaimen vastaava <\/p>\n\n\n\n<p>Lotta Pikkarainen, sosiopoliittinen vastaava<\/p>\n\n\n\n<h3 class=\"wp-block-heading\">V<strong>astaavat<\/strong><\/h3>\n\n\n\n<p>Marianna Grof, tapahtumatiimil\u00e4inen <\/p>\n\n\n\n<p>Sanna Rouhiainen, ymp\u00e4rist\u00f6vastaava <\/p>\n\n\n\n<p>Jade Torittu, kulttuurivastaava<\/p>\n\n\n\n<p>Joachim Kratochvil, taidehistorian ja taidekasvatuksen opintosuuntavastaava <\/p>\n\n\n\n<p>Lotta Puurula, ty\u00f6el\u00e4m\u00e4vastaava, Kahvila Kultavatkaimen vastaava <\/p>\n\n\n\n<p>Anna Lampela, musiikkikampuksen vastaava <\/p>\n\n\n\n<p>Silja-Kaisa Sallinen, k\u00e4ss\u00e4kerhovastaava <\/p>\n\n\n\n<p>Siiri M\u00e4kinen, kirjoittamisenkerhovastaava <\/p>\n\n\n\n<p>Heli Pitk\u00e4nen, kansainv\u00e4lisyysvastaava <\/p>\n\n\n\n<p>Valentin V\u00e4nsk\u00e4, Naagan p\u00e4\u00e4toimittaja <\/p>\n\n\n\n<p>Kalle Kanerva,<strong> <\/strong>Naagan p\u00e4\u00e4toimittaja <\/p>\n\n\n\n<p>Onni Ven\u00e4l\u00e4inen, Asmodeuksen Ritarikunta -roolipelikerhon vastaava<\/p>\n\n\n\n<h2 class=\"wp-block-heading\">2024<\/h2>\n\n\n\n<h3 class=\"wp-block-heading\">Hallitus<\/h3>\n\n\n\n<p>Siiri M\u00e4kinen, puheenjohtaja, kirjoittamisenkerhovastaava <br>Nea Kentta, varapuheenjohtaja<br>Sonja H\u00e4ggman, sihteeri, sosiaalipoliittinen vastaava, lukupiirivastaava, Kahvila Kultavatkaimen vastaava, fuksi-tutor-vastaava, (kev\u00e4t 2024)<br>Sini Kallio, sihteeri (syksy 2024), kirjoittamisenkerhovastaava<br>Daniel Lobko, rahastonhoitaja, liikuntavastaava<br>Katja Viitasalo, k\u00e4ss\u00e4kerhovastaava<br>Kiia K\u00e4rs\u00e4m\u00e4, tapahtumatiimil\u00e4inen<br>Lidian Viherv\u00e4, tapahtumatiimil\u00e4inen, musiikkikampusvastaava<br>Teo Tuomisto, tapahtumatiimil\u00e4inen<br>Emmi Poso, yritysvastaava, tapahtumatiimil\u00e4inen<br>Sofia Nupponen, tiedottaja, webmaster, Kahvila Kultavatkaimen vastaava<\/p>\n\n\n\n<h3 class=\"wp-block-heading\">V<strong>astaavat<\/strong><\/h3>\n\n\n\n<p>Jasmin M\u00e4kinen, tapahtumatiimil\u00e4inen, ymp\u00e4rist\u00f6vastaava<br>Siiri Turkki, graafinen vastaava<br>Lotta Puurula, Naagan p\u00e4\u00e4toimittaja<br>Lotta Pikkarainen, Naagan p\u00e4\u00e4toimittaja<br>Jasmiina Eskelinen, kansainv\u00e4lisyysvastaava<br>Iia Nelimarkka, lukupiirivastaava<br>Silja-Kaisa Sallinen, ekskursiovastaava, taidehistorian ja taidekasvatuksen opintosuuntavastaava<br>Anna Khirug, ty\u00f6el\u00e4m\u00e4vastaava<br>Noora Piri, fuksi-tutor-vastaava (kes\u00e4 &amp; syksy 2024)<br>Onni Ven\u00e4l\u00e4inen, Asmodeuksen Ritarikunta -roolipelikerhon vastaava (kev\u00e4t 2024)<br>Marianna Grof, kulttuurivastaava (kev\u00e4t 2024)<\/p>\n\n\n\n<h2 class=\"wp-block-heading\">2025<\/h2>\n\n\n\n<h3 class=\"wp-block-heading\">Hallitus<\/h3>\n\n\n\n<p><strong>Siiri M\u00e4kinen<br><\/strong>puheenjohtaja, kirjoittamiskerhovastaava \/ President, Creative Writing Club Representative<\/p>\n\n\n\n<p><strong>Emmi Poso<br><\/strong>varapuheenjohtaja, viestint\u00e4vastaava \/ Vice President, Communications Representative<\/p>\n\n\n\n<p><strong>Sini Kallio<br><\/strong>sihteeri, kirjoittamiskerhovastaava \/ Secretary, Creative Writing Club Representative<\/p>\n\n\n\n<p><strong>Anastasia Arponen<br><\/strong>rahastonhoitaja, tapahtumavastaava \/ Treasurer, Event Coordinator<\/p>\n\n\n\n<p><strong>Kalle Kuokkanen<\/strong><br>viestint\u00e4vastaava, yritys- ja yhteisty\u00f6vastaava \/ Communications Representative, Business Representative<\/p>\n\n\n\n<p><strong>Anneli Kirpu<\/strong><br>Sosiaali- ja koulutuspoliittinen vastaava (sopo-kopo) \/ Social and Academic Affairs Representative<\/p>\n\n\n\n<p><strong>Laura Koivistoinen-Pucci<\/strong><br>Sosiaali- ja koulutuspoliittinen vastaava (sopo-kopo) \/ Social and Academic Affairs Representative<\/p>\n\n\n\n<p><strong>Sara Kekkonen<\/strong><br>tapahtumavastaava, ymp\u00e4rist\u00f6vastaava \/ Event Coordinator, Environmental Affairs Representative<br>Naagan p\u00e4\u00e4toimittaja \/ Editor-in-Chief of Subject Association Magazine Naaga<\/p>\n\n\n\n<p><strong>Alina Soukka<br><\/strong>tapahtumavastaava \/ Event Coordinator<\/p>\n\n\n\n<p><strong>Olli Nio<br><\/strong>tapahtumavastaava \/ Event Coordinator<\/p>\n\n\n\n<p><strong>Emilia Roos<br><\/strong>tapahtumavastaava \/ Event Coordinator<\/p>\n\n\n\n<h3 class=\"wp-block-heading\">Vastaavat<\/h3>\n\n\n\n<p><strong>Jasmin M\u00e4kinen<br><\/strong>webmaster, fuksi-tutor-vastaava \/ Webmaster, Tutor and Freshman Representative<\/p>\n\n\n\n<p><strong>Silja-Kaisa Sallinen<\/strong><br>k\u00e4ss\u00e4kerhovastaava \/ Handicraft Club Representative<\/p>\n\n\n\n<p><strong>Jenni Pohjola<br><\/strong>kansainv\u00e4lisyysvastaava \/ International Affairs Representative<\/p>\n\n\n\n<p><strong>Rosa Miinalainen<br><\/strong>taidehistorian ja -kasvatuksen opintosuuntavastaava \/ Art History and Art Education Studies Representative<br>Naagan p\u00e4\u00e4toimittaja \/ Editor-in-Chief of Subject Association Magazine Naaga<\/p>\n\n\n\n<p><strong>Jonna Holopainen<\/strong><br>ekskursiovastaava, kirjallisuuden ja kirjoittamisen opintosuuntaedustaja \/ Excursion Representative, Literature and Writing Studies Representative<\/p>\n\n\n\n<p><strong>Katariina Toivanen<br><\/strong>lukupiirivastaava \/ Book Club Representative<\/p>\n\n\n\n<p><strong>Daniel Lobko<\/strong><br>yritys- ja yhteisty\u00f6vastaava (kev\u00e4t 2025) \/ Business Representative (Spring of 2025)<\/p>\n\n\n\n<p><strong>Iiris V\u00e4\u00e4n\u00e4nen<\/strong><br>Kahvila Kultavatkaimen vastaava \/ Cafe Kultavatkain Representative<\/p>\n\n\n\n<p><strong>Alex Vainio<\/strong><br>Kahvila Kultavatkaimen vastaava, graafinen vastaava \/ Cafe Kultavatkain Representative, Graphic Designer<\/p>\n","protected":false},"excerpt":{"rendered":"<p>T\u00e4lt\u00e4 sivulta l\u00f6ytyv\u00e4t kaikkien Corpuksen menneiden hallitusten kokoonpanot. Hallituslaisten ja vastaavien nimet on poimittu vanhoista kokousp\u00f6yt\u00e4kirjoista. 2013-2014 Hallitus Suvi Behm, puheenjohtaja, k\u00e4ss\u00e4kerhot\u00e4tiJuha Stenholm, varapuheenjohtaja, kansainv\u00e4lisyys- ja elokuvavastaavaPaavo Yl\u00e4m\u00e4ki, rahastonhoitajaLauri Eirola, <a href=\"https:\/\/corpusry.fi\/index.php\/hallinto\/hallitus-ja-vastaavat\/vanhat-hallitukset\/\" class=\"more-link\">[&hellip;]<\/a><\/p>\n","protected":false},"author":19,"featured_media":0,"parent":62,"menu_order":0,"comment_status":"closed","ping_status":"closed","template":"","meta":{"Layout":"","footnotes":""},"class_list":["entry","author-snupponen","post-968","page","type-page","status-publish"],"_links":{"self":[{"href":"https:\/\/corpusry.fi\/index.php\/wp-json\/wp\/v2\/pages\/968","targetHints":{"allow":["GET"]}}],"collection":[{"href":"https:\/\/corpusry.fi\/index.php\/wp-json\/wp\/v2\/pages"}],"about":[{"href":"https:\/\/corpusry.fi\/index.php\/wp-json\/wp\/v2\/types\/page"}],"author":[{"embeddable":true,"href":"https:\/\/corpusry.fi\/index.php\/wp-json\/wp\/v2\/users\/19"}],"replies":[{"embeddable":true,"href":"https:\/\/corpusry.fi\/index.php\/wp-json\/wp\/v2\/comments?post=968"}],"version-history":[{"count":21,"href":"https:\/\/corpusry.fi\/index.php\/wp-json\/wp\/v2\/pages\/968\/revisions"}],"predecessor-version":[{"id":3055,"href":"https:\/\/corpusry.fi\/index.php\/wp-json\/wp\/v2\/pages\/968\/revisions\/3055"}],"up":[{"embeddable":true,"href":"https:\/\/corpusry.fi\/index.php\/wp-json\/wp\/v2\/pages\/62"}],"wp:attachment":[{"href":"https:\/\/corpusry.fi\/index.php\/wp-json\/wp\/v2\/media?parent=968"}],"curies":[{"name":"wp","href":"https:\/\/api.w.org\/{rel}","templated":true}]}}