{"id":977,"date":"2018-12-01T11:47:02","date_gmt":"2018-12-01T09:47:02","guid":{"rendered":"https:\/\/corpusry.fi\/?page_id=977"},"modified":"2018-12-01T11:47:02","modified_gmt":"2018-12-01T09:47:02","slug":"joulukalenteri-2018","status":"publish","type":"page","link":"https:\/\/corpusry.fi\/index.php\/naaga\/joulukalenteri-2018\/","title":{"rendered":"Joulukalenteri 2018"},"content":{"rendered":"<p>Naagan toimituskunnalla on ollut tapana vuosittain julkaista corpuslaisten tekem\u00e4\u00e4 joulukalenteria.<\/p>\n<p>Aiempien vuosien joulukalenterit l\u00f6ytyv\u00e4t <a href=\"http:\/\/naagalehti.blogspot.fi\/\">Naagan vanhoilta sivuilta<\/a><\/p>\n","protected":false},"excerpt":{"rendered":"<p>Naagan toimituskunnalla on ollut tapana vuosittain julkaista corpuslaisten tekem\u00e4\u00e4 joulukalenteria. Aiempien vuosien joulukalenterit l\u00f6ytyv\u00e4t Naagan vanhoilta sivuilta<\/p>\n","protected":false},"author":8,"featured_media":0,"parent":33,"menu_order":0,"comment_status":"closed","ping_status":"closed","template":"","meta":{"Layout":"","footnotes":""},"class_list":["entry","author-joonas-pulkkinen","post-977","page","type-page","status-publish"],"_links":{"self":[{"href":"https:\/\/corpusry.fi\/index.php\/wp-json\/wp\/v2\/pages\/977","targetHints":{"allow":["GET"]}}],"collection":[{"href":"https:\/\/corpusry.fi\/index.php\/wp-json\/wp\/v2\/pages"}],"about":[{"href":"https:\/\/corpusry.fi\/index.php\/wp-json\/wp\/v2\/types\/page"}],"author":[{"embeddable":true,"href":"https:\/\/corpusry.fi\/index.php\/wp-json\/wp\/v2\/users\/8"}],"replies":[{"embeddable":true,"href":"https:\/\/corpusry.fi\/index.php\/wp-json\/wp\/v2\/comments?post=977"}],"version-history":[{"count":1,"href":"https:\/\/corpusry.fi\/index.php\/wp-json\/wp\/v2\/pages\/977\/revisions"}],"predecessor-version":[{"id":978,"href":"https:\/\/corpusry.fi\/index.php\/wp-json\/wp\/v2\/pages\/977\/revisions\/978"}],"up":[{"embeddable":true,"href":"https:\/\/corpusry.fi\/index.php\/wp-json\/wp\/v2\/pages\/33"}],"wp:attachment":[{"href":"https:\/\/corpusry.fi\/index.php\/wp-json\/wp\/v2\/media?parent=977"}],"curies":[{"name":"wp","href":"https:\/\/api.w.org\/{rel}","templated":true}]}}