{"id":990,"date":"2018-12-03T10:27:29","date_gmt":"2018-12-03T08:27:29","guid":{"rendered":"https:\/\/corpusry.fi\/?page_id=990"},"modified":"2018-12-03T10:27:29","modified_gmt":"2018-12-03T08:27:29","slug":"3-luukku","status":"publish","type":"page","link":"https:\/\/corpusry.fi\/index.php\/naaga\/joulukalenteri-2018\/3-luukku\/","title":{"rendered":"3. luukku"},"content":{"rendered":"<p><strong>Vedenkeitin<\/strong><\/p>\n<div class=\"text_exposed_show\">\n<p>gl\u00f6gipullon korkki naksahtaa<br \/>\nmehev\u00e4n punainen tuoksu keitti\u00f6ss\u00e4<\/p>\n<p>kahvasi kaari tied\u00e4n mist\u00e4 hivell\u00e4 kantesi auki<br \/>\nohjaan muotosi hanan alle ja<br \/>\navaudut ahnaana<\/p>\n<p>vesi valelee kammiosi ihokarvat kohoavat viileydest\u00e4<\/p>\n<p>t\u00e4yten\u00e4 raskas painosi loksahtaa alustalle<br \/>\nistut kiilt\u00e4v\u00e4n\u00e4 pulleana<br \/>\nt\u00e4t\u00e4 kahdenkeskist\u00e4 odotimme l\u00e4pi lumettoman marraskuun<\/p>\n<p>k\u00e4si liukuu kahvaa<br \/>\npys\u00e4htyy<br \/>\nhitaasti peukalo painaa<br \/>\nsytyt punastut merkiksi<\/p>\n<p>pulputat kiihtyv\u00e4 poreilu sein\u00e4mi\u00e4si vasten<br \/>\nhyrisev\u00e4 laulu l\u00e4mpenemisest\u00e4si<br \/>\nkuvittelen hehkusi kielell\u00e4ni<br \/>\nkun tulvahdat h\u00f6yry\u00e4 kasvoilleni maistan jo mausteet<\/p>\n<\/div>\n<p>&nbsp;<\/p>\n<p><em>&#8211; Eroottinen kodinkonerunous<\/em><\/p>\n","protected":false},"excerpt":{"rendered":"<p>Vedenkeitin gl\u00f6gipullon korkki naksahtaa mehev\u00e4n punainen tuoksu keitti\u00f6ss\u00e4 kahvasi kaari tied\u00e4n mist\u00e4 hivell\u00e4 kantesi auki ohjaan muotosi hanan alle ja avaudut ahnaana vesi valelee kammiosi ihokarvat kohoavat viileydest\u00e4 t\u00e4yten\u00e4 raskas <a href=\"https:\/\/corpusry.fi\/index.php\/naaga\/joulukalenteri-2018\/3-luukku\/\" class=\"more-link\">[&hellip;]<\/a><\/p>\n","protected":false},"author":8,"featured_media":0,"parent":977,"menu_order":0,"comment_status":"closed","ping_status":"closed","template":"","meta":{"Layout":"","footnotes":""},"class_list":["entry","author-joonas-pulkkinen","post-990","page","type-page","status-publish"],"_links":{"self":[{"href":"https:\/\/corpusry.fi\/index.php\/wp-json\/wp\/v2\/pages\/990","targetHints":{"allow":["GET"]}}],"collection":[{"href":"https:\/\/corpusry.fi\/index.php\/wp-json\/wp\/v2\/pages"}],"about":[{"href":"https:\/\/corpusry.fi\/index.php\/wp-json\/wp\/v2\/types\/page"}],"author":[{"embeddable":true,"href":"https:\/\/corpusry.fi\/index.php\/wp-json\/wp\/v2\/users\/8"}],"replies":[{"embeddable":true,"href":"https:\/\/corpusry.fi\/index.php\/wp-json\/wp\/v2\/comments?post=990"}],"version-history":[{"count":1,"href":"https:\/\/corpusry.fi\/index.php\/wp-json\/wp\/v2\/pages\/990\/revisions"}],"predecessor-version":[{"id":991,"href":"https:\/\/corpusry.fi\/index.php\/wp-json\/wp\/v2\/pages\/990\/revisions\/991"}],"up":[{"embeddable":true,"href":"https:\/\/corpusry.fi\/index.php\/wp-json\/wp\/v2\/pages\/977"}],"wp:attachment":[{"href":"https:\/\/corpusry.fi\/index.php\/wp-json\/wp\/v2\/media?parent=990"}],"curies":[{"name":"wp","href":"https:\/\/api.w.org\/{rel}","templated":true}]}}